{"id":1165,"date":"2021-02-23T17:03:55","date_gmt":"2021-02-23T17:03:55","guid":{"rendered":"https:\/\/amg2l.com\/?page_id=1165"},"modified":"2022-02-14T11:05:55","modified_gmt":"2022-02-14T11:05:55","slug":"protection-juridique-professionnelle","status":"publish","type":"page","link":"https:\/\/www.amg2l.com\/?page_id=1165","title":{"rendered":"Protection Juridique Professionnelle"},"content":{"rendered":"\n<div class=\"wp-block-image is-style-default\"><figure class=\"aligncenter size-large\"><img data-recalc-dims=\"1\" loading=\"lazy\" decoding=\"async\" width=\"740\" height=\"306\" src=\"https:\/\/i0.wp.com\/amg2l.com\/wp-content\/uploads\/2022\/02\/professionel-1024x423.png?resize=740%2C306&#038;ssl=1\" alt=\"\" class=\"wp-image-3562\" srcset=\"https:\/\/i0.wp.com\/www.amg2l.com\/wp-content\/uploads\/2022\/02\/professionel.png?resize=1024%2C423&amp;ssl=1 1024w, https:\/\/i0.wp.com\/www.amg2l.com\/wp-content\/uploads\/2022\/02\/professionel.png?resize=300%2C124&amp;ssl=1 300w, https:\/\/i0.wp.com\/www.amg2l.com\/wp-content\/uploads\/2022\/02\/professionel.png?resize=768%2C317&amp;ssl=1 768w, https:\/\/i0.wp.com\/www.amg2l.com\/wp-content\/uploads\/2022\/02\/professionel.png?resize=1536%2C634&amp;ssl=1 1536w, https:\/\/i0.wp.com\/www.amg2l.com\/wp-content\/uploads\/2022\/02\/professionel.png?w=2000&amp;ssl=1 2000w, https:\/\/i0.wp.com\/www.amg2l.com\/wp-content\/uploads\/2022\/02\/professionel.png?w=1480&amp;ssl=1 1480w\" sizes=\"auto, (max-width: 740px) 100vw, 740px\" \/><figcaption>Prot\u00e9gez la p\u00e9rennit\u00e9 de votre entreprise<\/figcaption><\/figure><\/div>\n\n\n\n<h4 class=\"has-text-color has-medium-font-size wp-block-heading\" id=\"pourquoi-choisir-une-protection-juridique-pour-votre-entreprise\" style=\"color:#820002\">Pourquoi choisir une protection juridique pour votre entreprise?<\/h4>\n\n\n\n<p class=\"has-text-align-justify has-text-color has-medium-font-size\" style=\"color:#0f4a79\">Dans un monde o\u00f9 le rythme des affaires s&rsquo;acc\u00e9l\u00e8re et o\u00f9 les \u00e9changes en ligne se multiplient, les personnes physiques et entreprises ont appris \u00e0 \u00ab\u00a0judiciariser\u00a0\u00bb leurs \u00e9changes et s&rsquo;entourer d&rsquo;un conseil (juriste, avocat, expert&#8230;)pour d\u00e9fendre leurs int\u00e9r\u00eats.<\/p>\n\n\n\n<p class=\"has-text-align-justify has-text-color has-medium-font-size\" style=\"color:#0f4a79\">Avoir de mauvaises surprises suite \u00e0 un contentieux avec un client, fournisseur, l&rsquo;administration, compagnie bancaire ou compagnie d&rsquo;assurance  peut avoir de lourdes cons\u00e9quences financi\u00e8res pour votre entreprise. <\/p>\n\n\n\n<p class=\"has-text-align-justify has-text-color has-medium-font-size\" style=\"color:#0f4a79\">Ce n&rsquo;est pas votre r\u00f4le de r\u00e9soudre les difficult\u00e9s juridiques rencontr\u00e9es. Pr\u00e9venir les litiges dans vos relations professionnelles vous permettra d&rsquo;\u00eatre serein dans la croissance de votre entreprise.<\/p>\n\n\n\n<h4 class=\"has-text-color wp-block-heading\" id=\"comment-intervient-votre-assurance-protection-juridique-dans-votre-entreprise\" style=\"color:#820002\">Comment intervient votre assurance protection juridique dans votre entreprise?<\/h4>\n\n\n\n<p class=\"has-text-color has-medium-font-size\" style=\"color:#0f4a79\">Votre contrat d&rsquo;assurance vous accompagne :<\/p>\n\n\n\n<p class=\"has-text-color has-medium-font-size\" style=\"color:#0f4a79\"><br>\u2705 En vous aidant  dans vos prises de d\u00e9cision (informations et conseils pr\u00e9ventifs),<br><meta charset=\"utf-8\">\u2705 En vous assistant en cas de difficult\u00e9s gr\u00e2ce \u00e0 ses \u00e9quipes de juristes et ses partenaires eux m\u00eames sp\u00e9cialistes de votre domaine d&rsquo;activit\u00e9 ( experts, m\u00e9diateurs, consultants&#8230;).                                                                                                                     \u2705 Dans la ma\u00eetrise de vos co\u00fbts juridiques en les prenant en charges selon les modalit\u00e9s convenues.<\/p>\n\n\n\n<p class=\"has-text-color has-medium-font-size\" style=\"color:#820002\">Nos \u00e9quipes sont \u00e0 votre \u00e9coute pour \u00e9changer sur votre demande en assurance \u00ab\u00a0Protection Juridique\u00a0\u00bb<\/p>\n\n\n\n<div class=\"wp-block-buttons is-layout-flex wp-block-buttons-is-layout-flex\">\n<div class=\"wp-block-button has-custom-width wp-block-button__width-50\"><a class=\"wp-block-button__link has-white-color has-text-color has-background\" href=\"https:\/\/amg2l.com\/\" style=\"background-color:#0f4a79\">RETOUR ACCUEIL<\/a><\/div>\n\n\n\n<div class=\"wp-block-button has-custom-width wp-block-button__width-50 is-style-fill\"><a class=\"wp-block-button__link has-background\" href=\"https:\/\/docs.google.com\/forms\/d\/e\/1FAIpQLSf9uDZghbygindtaZBHhHKhstdI8st64u8by65OGqezWR539w\/viewform\" style=\"background-color:#820002\">CONTACTEZ-NOUS<\/a><\/div>\n<\/div>\n","protected":false},"excerpt":{"rendered":"<p>Pourquoi choisir une protection juridique pour votre entreprise? Dans un monde o\u00f9 le rythme des affaires s&rsquo;acc\u00e9l\u00e8re et o\u00f9 les \u00e9changes en ligne se multiplient, les personnes physiques et entreprises &hellip; <a href=\"https:\/\/www.amg2l.com\/?page_id=1165\" class=\"more-link\">Lire la suite <span class=\"screen-reader-text\">Protection Juridique Professionnelle<\/span><\/a><\/p>\n","protected":false},"author":1,"featured_media":0,"parent":0,"menu_order":0,"comment_status":"closed","ping_status":"closed","template":"","meta":{"footnotes":""},"class_list":["post-1165","page","type-page","status-publish","hentry"],"jetpack_sharing_enabled":true,"_links":{"self":[{"href":"https:\/\/www.amg2l.com\/index.php?rest_route=\/wp\/v2\/pages\/1165","targetHints":{"allow":["GET"]}}],"collection":[{"href":"https:\/\/www.amg2l.com\/index.php?rest_route=\/wp\/v2\/pages"}],"about":[{"href":"https:\/\/www.amg2l.com\/index.php?rest_route=\/wp\/v2\/types\/page"}],"author":[{"embeddable":true,"href":"https:\/\/www.amg2l.com\/index.php?rest_route=\/wp\/v2\/users\/1"}],"replies":[{"embeddable":true,"href":"https:\/\/www.amg2l.com\/index.php?rest_route=%2Fwp%2Fv2%2Fcomments&post=1165"}],"version-history":[{"count":3,"href":"https:\/\/www.amg2l.com\/index.php?rest_route=\/wp\/v2\/pages\/1165\/revisions"}],"predecessor-version":[{"id":3770,"href":"https:\/\/www.amg2l.com\/index.php?rest_route=\/wp\/v2\/pages\/1165\/revisions\/3770"}],"wp:attachment":[{"href":"https:\/\/www.amg2l.com\/index.php?rest_route=%2Fwp%2Fv2%2Fmedia&parent=1165"}],"curies":[{"name":"wp","href":"https:\/\/api.w.org\/{rel}","templated":true}]}}