{"id":1171,"date":"2021-02-23T17:05:48","date_gmt":"2021-02-23T16:05:48","guid":{"rendered":"https:\/\/amg2l.com\/?page_id=1171"},"modified":"2022-02-14T11:07:10","modified_gmt":"2022-02-14T11:07:10","slug":"responsabilite-civile-du-dirigeant","status":"publish","type":"page","link":"https:\/\/www.amg2l.com\/?page_id=1171","title":{"rendered":"Responsabilit\u00e9 Civile du dirigeant"},"content":{"rendered":"\n<div class=\"wp-block-image\"><figure class=\"aligncenter size-full is-resized\"><img data-recalc-dims=\"1\" loading=\"lazy\" decoding=\"async\" src=\"https:\/\/i0.wp.com\/amg2l.com\/wp-content\/uploads\/2022\/02\/Courtier-en-assurance.png?resize=541%2C363&#038;ssl=1\" alt=\"\" class=\"wp-image-3522\" width=\"541\" height=\"363\" srcset=\"https:\/\/i0.wp.com\/www.amg2l.com\/wp-content\/uploads\/2022\/02\/Courtier-en-assurance.png?w=820&amp;ssl=1 820w, https:\/\/i0.wp.com\/www.amg2l.com\/wp-content\/uploads\/2022\/02\/Courtier-en-assurance.png?resize=300%2C201&amp;ssl=1 300w, https:\/\/i0.wp.com\/www.amg2l.com\/wp-content\/uploads\/2022\/02\/Courtier-en-assurance.png?resize=768%2C515&amp;ssl=1 768w\" sizes=\"auto, (max-width: 541px) 100vw, 541px\" \/><\/figure><\/div>\n\n\n\n<p class=\"has-text-align-justify has-text-color has-medium-font-size\" style=\"color:#0f4a79\">Vos fonctions et votre pouvoir ont \u00e9t\u00e9 d\u00e9finis par les statuts et par la loi. Cependant, il peut arriver que certaines de vos d\u00e9cisions mettent en p\u00e9ril votre patrimoine personnel, c\u2019est la raison d\u2019\u00eatre de l\u2019assurance responsabilit\u00e9 du dirigeant.&nbsp;<br>En effet, par m\u00e9garde ou volontairement, il peut vous arriver de prendre des d\u00e9cisions susceptibles d\u2019engager votre responsabilit\u00e9 civile telles que  l&rsquo;infraction aux dispositions l\u00e9gislatives et r\u00e9glementaires, la violation des statuts de la soci\u00e9t\u00e9 ou une simple faute de gestion. Lorsque votre responsabilit\u00e9 en qualit\u00e9 de dirigeant est engag\u00e9e, c\u2019est votre patrimoine personnel, et non celui de l\u2019entreprise, qui est mis en p\u00e9ril.<br><br>L\u2019assurance responsabilit\u00e9 du dirigeant est un contrat d\u2019assurance qui vous prot\u00e8ge des mises en causes personnelles susceptibles de survenir dans le cadre de l\u2019exercice de votre mandat et mettant en p\u00e9ril votre propre patrimoine (maison, voiture, \u00e9pargne et investissements \u2026)<br>Il permet au chef d&rsquo;entreprise de couvrir les frais de d\u00e9fense, tant au civil qu&rsquo;au p\u00e9nal et par ailleurs les \u00e9ventuels dommages et int\u00e9r\u00eats r\u00e9sultant de sa mise en cause dans le cadre des ses fonctions. <br>On d\u00e9signe comme dirigeant les personnes suivantes:<br>&#8211; Les dirigeants de droit<br>&#8211; Les mandataires sociaux<br>&#8211; Les salari\u00e9s exer\u00e7ant des fonctions de direction ou supervision<\/p>\n\n\n\n<p class=\"has-text-color has-medium-font-size\" style=\"color:#820002\">Quelles diff\u00e9rences entre la Responsabilit\u00e9 Civile Professionnelle et la Responsabilit\u00e9 Civile du Dirigeant?<\/p>\n\n\n\n<p class=\"has-text-align-justify has-text-color has-medium-font-size\" style=\"color:#0f4a79\">\ud83d\udc49 <strong>L\u2019assurance responsabilit\u00e9 Civile Professionnelle<\/strong>&nbsp; intervient lorsque l&rsquo;entreprise, dans le cadre de ses activit\u00e9s, est mise en cause par exemple, en cas d\u2019erreurs, d\u2019omissions, d\u2019oublis ou de manquement contractuel dans l\u2019ex\u00e9cution d\u2019une prestation<br>\ud83d\udc49 <strong>L&rsquo;assurance Responsabilit\u00e9 Civile du Dirigeant <\/strong>intervient lorsque le dirigeant est mis en cause \u00e0  titre personnel pour des fautes ou erreurs commises dans le cadre de ses fonctions de dirigeant.<\/p>\n\n\n\n<p class=\"has-text-align-justify has-text-color has-medium-font-size\" style=\"color:#0f4a79\">Plusieurs garanties existent sur ce type de contrat. Nous retrouvons comme garantie de base les garanties de frais de d\u00e9fense et dommages et int\u00e9r\u00eats. Des extensions de garantie existent telles que la prise en charge des frais de gestion de crise lors d\u2019une mise en cause, de coaching du dirigeant et surtout de reconstitution de l\u2019image via des prestataires sp\u00e9cialis\u00e9s.<\/p>\n\n\n\n<p class=\"has-text-color has-medium-font-size\" style=\"color:#820002\">Quelques exemples o\u00f9 la faute du dirigeant peut \u00eatre engag\u00e9e:Violation des statuts de la soci\u00e9t\u00e9 ou de l\u2019association dont il est le dirigeant<\/p>\n\n\n\n<p class=\"has-text-color has-medium-font-size\" style=\"color:#0f4a79\">Exemple 1: Faute de gestion du dirigeant  qui applique une politique financi\u00e8re et commerciale p\u00e9rilleuse g\u00e9n\u00e9rant \u00e0 la soci\u00e9t\u00e9 des pertes financi\u00e8res consid\u00e9rables.<br>Exemple 2: Non respect des dispositions l\u00e9gales et r\u00e9glementaires telles que les r\u00e8gles de s\u00e9curit\u00e9 en vigueur<br>Exemple 3: D\u00e9claration de cessation des paiements de la soci\u00e9t\u00e9 faite au del\u00e0 du d\u00e9lai l\u00e9gal imparti<\/p>\n\n\n\n<p class=\"has-text-align-center has-text-color has-medium-font-size\" style=\"color:#820002\">Notre \u00e9quipe est l\u00e0 pour vous accompagner sur votre besoin et rechercher les conditions de march\u00e9 les plus adapt\u00e9es \u00e0 votre profil.<br>Parlons en ensemble! \ud83d\ude01<\/p>\n\n\n\n<div class=\"wp-block-buttons is-layout-flex wp-block-buttons-is-layout-flex\">\n<div class=\"wp-block-button has-custom-width wp-block-button__width-100\"><a class=\"wp-block-button__link has-white-color has-white-background-color has-text-color has-background\">CONTACTEZ-NOUS<\/a><\/div>\n\n\n\n<div class=\"wp-block-button has-custom-width wp-block-button__width-50\"><a class=\"wp-block-button__link has-background\" href=\"https:\/\/docs.google.com\/forms\/d\/e\/1FAIpQLSf9uDZghbygindtaZBHhHKhstdI8st64u8by65OGqezWR539w\/viewform\" style=\"background-color:#820002\">CONTACTEZ-NOUS<\/a><\/div>\n\n\n\n<div class=\"wp-block-button has-custom-width wp-block-button__width-50 is-style-fill\"><a class=\"wp-block-button__link has-background\" href=\"https:\/\/amg2l.com\/\" style=\"background-color:#0f4a79\">RETOUR ACCUEIL<\/a><\/div>\n<\/div>\n\n\n\n<p><\/p>\n","protected":false},"excerpt":{"rendered":"<p>Vos fonctions et votre pouvoir ont \u00e9t\u00e9 d\u00e9finis par les statuts et par la loi. Cependant, il peut arriver que certaines de vos d\u00e9cisions mettent en p\u00e9ril votre patrimoine personnel, &hellip; <a href=\"https:\/\/www.amg2l.com\/?page_id=1171\" class=\"more-link\">Lire la suite <span class=\"screen-reader-text\">Responsabilit\u00e9 Civile du dirigeant<\/span><\/a><\/p>\n","protected":false},"author":1,"featured_media":0,"parent":0,"menu_order":0,"comment_status":"closed","ping_status":"closed","template":"","meta":{"footnotes":""},"class_list":["post-1171","page","type-page","status-publish","hentry"],"jetpack_sharing_enabled":true,"_links":{"self":[{"href":"https:\/\/www.amg2l.com\/index.php?rest_route=\/wp\/v2\/pages\/1171","targetHints":{"allow":["GET"]}}],"collection":[{"href":"https:\/\/www.amg2l.com\/index.php?rest_route=\/wp\/v2\/pages"}],"about":[{"href":"https:\/\/www.amg2l.com\/index.php?rest_route=\/wp\/v2\/types\/page"}],"author":[{"embeddable":true,"href":"https:\/\/www.amg2l.com\/index.php?rest_route=\/wp\/v2\/users\/1"}],"replies":[{"embeddable":true,"href":"https:\/\/www.amg2l.com\/index.php?rest_route=%2Fwp%2Fv2%2Fcomments&post=1171"}],"version-history":[{"count":4,"href":"https:\/\/www.amg2l.com\/index.php?rest_route=\/wp\/v2\/pages\/1171\/revisions"}],"predecessor-version":[{"id":3772,"href":"https:\/\/www.amg2l.com\/index.php?rest_route=\/wp\/v2\/pages\/1171\/revisions\/3772"}],"wp:attachment":[{"href":"https:\/\/www.amg2l.com\/index.php?rest_route=%2Fwp%2Fv2%2Fmedia&parent=1171"}],"curies":[{"name":"wp","href":"https:\/\/api.w.org\/{rel}","templated":true}]}}