{"id":1196,"date":"2021-02-25T10:01:36","date_gmt":"2021-02-25T09:01:36","guid":{"rendered":"https:\/\/amg2l.com\/?page_id=1196"},"modified":"2022-02-14T14:05:30","modified_gmt":"2022-02-14T14:05:30","slug":"risques-cyber","status":"publish","type":"page","link":"https:\/\/www.amg2l.com\/?page_id=1196","title":{"rendered":"Cyber risques"},"content":{"rendered":"\n<p class=\"has-text-align-center has-text-color has-medium-font-size\" style=\"color:#0f4a79\">En 2021, 67% des entreprises d\u00e9clarent avoir \u00e9t\u00e9 victimes d&rsquo;une Cyber Attaque. Les ran\u00e7onneurs s&rsquo;attaquent de plus en plus aux TPE et PME, moins bien prot\u00e9g\u00e9es que les grosses entreprises. Ils jouent ainsi sur le volume de ran\u00e7ons demand\u00e9es.<br>Les enqu\u00eates des assureurs montrent que ces petites et moyennes entreprises sont tr\u00e8s souvent d\u00e9cid\u00e9es \u00e0 payer la ran\u00e7on, sans pour autant avoir l&rsquo;assurance que cela ne va recommencer.<br>L&rsquo;assurance CYBER est con\u00e7ue pour non seulement vous prot\u00e9ger des cons\u00e9quences p\u00e9cuniaires mais aussi permettre que vous mettiez en place les \u00e9l\u00e9ments basiques de protection de votre activit\u00e9 sur internet.<\/p>\n\n\n\n<div class=\"wp-block-image\"><figure class=\"aligncenter size-large is-resized\"><img data-recalc-dims=\"1\" decoding=\"async\" src=\"https:\/\/i0.wp.com\/amg2l.com\/wp-content\/uploads\/2022\/02\/photo-contact-1024x623.jpeg?resize=740%2C450&#038;ssl=1\" alt=\"contactez MG2L\" class=\"wp-image-3549\" width=\"740\" height=\"450\" srcset=\"https:\/\/i0.wp.com\/www.amg2l.com\/wp-content\/uploads\/2022\/02\/photo-contact-scaled.jpeg?resize=1024%2C623&amp;ssl=1 1024w, https:\/\/i0.wp.com\/www.amg2l.com\/wp-content\/uploads\/2022\/02\/photo-contact-scaled.jpeg?resize=300%2C183&amp;ssl=1 300w, https:\/\/i0.wp.com\/www.amg2l.com\/wp-content\/uploads\/2022\/02\/photo-contact-scaled.jpeg?resize=768%2C468&amp;ssl=1 768w, https:\/\/i0.wp.com\/www.amg2l.com\/wp-content\/uploads\/2022\/02\/photo-contact-scaled.jpeg?resize=1536%2C935&amp;ssl=1 1536w, https:\/\/i0.wp.com\/www.amg2l.com\/wp-content\/uploads\/2022\/02\/photo-contact-scaled.jpeg?resize=2048%2C1247&amp;ssl=1 2048w, https:\/\/i0.wp.com\/www.amg2l.com\/wp-content\/uploads\/2022\/02\/photo-contact-scaled.jpeg?resize=2000%2C1218&amp;ssl=1 2000w, https:\/\/i0.wp.com\/www.amg2l.com\/wp-content\/uploads\/2022\/02\/photo-contact-scaled.jpeg?w=1480&amp;ssl=1 1480w, https:\/\/i0.wp.com\/www.amg2l.com\/wp-content\/uploads\/2022\/02\/photo-contact-scaled.jpeg?w=2220&amp;ssl=1 2220w\" sizes=\"(max-width: 740px) 100vw, 740px\" \/><figcaption>Cybers\u00e9curit\u00e9 avec MG2L<\/figcaption><\/figure><\/div>\n\n\n\n<h2 class=\"has-text-color wp-block-heading\" id=\"3-bonnes-raisons-d-assurer-votre-entreprise-face-aux-cyber-risques\" style=\"color:#820002\">3 bonnes Raisons d&rsquo;assurer  votre entreprise face aux cyber risques:<\/h2>\n\n\n\n<p class=\"has-text-align-justify has-text-color has-medium-font-size\" style=\"color:#0f4a79\">\u26a0\ufe0f Une attaque informatique peut \u00eatre tr\u00e8s co\u00fbteuse. D&rsquo;apr\u00e8s l&rsquo;institut Ponemon, on compte 120\u20ac par donn\u00e9e perdue. Ce calcul comprend l&rsquo;intervention technique d&rsquo;un professionnel pour r\u00e9cup\u00e9rer la donn\u00e9e, la notification client et l&rsquo;atteinte \u00e0 votre image voire la perte de votre client. <\/p>\n\n\n\n<p class=\"has-text-align-justify has-text-color has-medium-font-size\" style=\"color:#0f4a79\">\u26a0\ufe0f Les petites et moyennes entreprises  TPE \/ PME  disposent en g\u00e9n\u00e9ral de peu de ressources pour se pr\u00e9munir contre les cyber risques \u00e0 savoir les risques de pertes de chiffres d&rsquo;affaires et les risques pouvant engager la responsabilit\u00e9 civile de l&rsquo;entreprise.<\/p>\n\n\n\n<p class=\"has-text-color has-medium-font-size\" style=\"color:#0f4a79\"><meta charset=\"utf-8\">\u26a0\ufe0f Vous n&rsquo;avez pas de service informatique et souhaitez b\u00e9n\u00e9ficier de prestataires pr\u00e9 s\u00e9lectionn\u00e9es en cas d&rsquo;attaque<\/p>\n\n\n\n<p><\/p>\n\n\n\n<p class=\"has-text-align-justify has-text-color has-medium-font-size\" style=\"color:#0f4a79\">Les garanties de base r\u00e9pondant \u00e0 votre besoin de couvrir le cyber risque:<br>\u2705 Votre responsabilit\u00e9 suite \u00e0 la perte ou au d\u00e9tournement de donn\u00e9es<br>\u2705  Les frais de notification aux propri\u00e9taires des donn\u00e9es, suite \u00e0 une perte ou \u00e0 un d\u00e9tournement<br>\u2705 Les honoraires d&rsquo;une soci\u00e9t\u00e9 sp\u00e9cialis\u00e9e pour identifier et colmater la faille de s\u00e9curit\u00e9<br>\u2705 Les frais de restauration des donn\u00e9es perdues<br>\u2705 Les frais de remise en ligne du site internet endommag\u00e9<br>\u2705 La perte de revenus cons\u00e9cutive \u00e0 une cyber attaque<br>\u2705 Les honoraires de communication de crise<br>\u2705 Le montant de la ran\u00e7on, et les honoraires des consultants sp\u00e9cialis\u00e9s en cas d&rsquo;extorsion<\/p>\n\n\n\n<p class=\"has-text-align-center has-text-color has-medium-font-size\" style=\"color:#820002\"><strong><br>\u200d<\/strong>Notre \u00e9quipe est l\u00e0 pour vous accompagner sur votre besoin et rechercher les conditions de march\u00e9 les plus adapt\u00e9es \u00e0 votre profil. Parlons en ensemble \ud83d\ude01<\/p>\n\n\n\n<div class=\"wp-block-buttons is-layout-flex wp-block-buttons-is-layout-flex\">\n<div class=\"wp-block-button has-custom-width wp-block-button__width-50 is-style-fill\"><a class=\"wp-block-button__link has-background\" href=\"https:\/\/amg2l.com\/\" style=\"background-color:#0f4a79\">RETOUR ACCUEIL<\/a><\/div>\n\n\n\n<div class=\"wp-block-button has-custom-width wp-block-button__width-50\"><a class=\"wp-block-button__link has-background\" href=\"https:\/\/docs.google.com\/forms\/d\/1SP5mh_sdfLih58pj0jitxF7uzkOC9NDYgk2STJYnBhQ\/edit\" style=\"background-color:#820002\">CONTACTEZ NOUS<\/a><\/div>\n<\/div>\n\n\n\n<p><br><\/p>\n","protected":false},"excerpt":{"rendered":"<p>En 2021, 67% des entreprises d\u00e9clarent avoir \u00e9t\u00e9 victimes d&rsquo;une Cyber Attaque. Les ran\u00e7onneurs s&rsquo;attaquent de plus en plus aux TPE et PME, moins bien prot\u00e9g\u00e9es que les grosses entreprises. &hellip; <a href=\"https:\/\/www.amg2l.com\/?page_id=1196\" class=\"more-link\">Lire la suite <span class=\"screen-reader-text\">Cyber risques<\/span><\/a><\/p>\n","protected":false},"author":1,"featured_media":0,"parent":0,"menu_order":0,"comment_status":"closed","ping_status":"closed","template":"","meta":{"footnotes":""},"class_list":["post-1196","page","type-page","status-publish","hentry"],"jetpack_sharing_enabled":true,"_links":{"self":[{"href":"https:\/\/www.amg2l.com\/index.php?rest_route=\/wp\/v2\/pages\/1196","targetHints":{"allow":["GET"]}}],"collection":[{"href":"https:\/\/www.amg2l.com\/index.php?rest_route=\/wp\/v2\/pages"}],"about":[{"href":"https:\/\/www.amg2l.com\/index.php?rest_route=\/wp\/v2\/types\/page"}],"author":[{"embeddable":true,"href":"https:\/\/www.amg2l.com\/index.php?rest_route=\/wp\/v2\/users\/1"}],"replies":[{"embeddable":true,"href":"https:\/\/www.amg2l.com\/index.php?rest_route=%2Fwp%2Fv2%2Fcomments&post=1196"}],"version-history":[{"count":3,"href":"https:\/\/www.amg2l.com\/index.php?rest_route=\/wp\/v2\/pages\/1196\/revisions"}],"predecessor-version":[{"id":3813,"href":"https:\/\/www.amg2l.com\/index.php?rest_route=\/wp\/v2\/pages\/1196\/revisions\/3813"}],"wp:attachment":[{"href":"https:\/\/www.amg2l.com\/index.php?rest_route=%2Fwp%2Fv2%2Fmedia&parent=1196"}],"curies":[{"name":"wp","href":"https:\/\/api.w.org\/{rel}","templated":true}]}}