{"id":1906,"date":"2021-03-17T12:27:25","date_gmt":"2021-03-17T12:27:25","guid":{"rendered":"https:\/\/amg2l.com\/?page_id=1906"},"modified":"2022-02-14T13:14:53","modified_gmt":"2022-02-14T13:14:53","slug":"assurance-scolaire-et-extra-scolaire","status":"publish","type":"page","link":"https:\/\/www.amg2l.com\/?page_id=1906","title":{"rendered":"Assurance Scolaire et Extra-scolaire"},"content":{"rendered":"\n<p class=\"has-text-align-justify has-text-color has-medium-font-size\" style=\"color:#0f4a79\">En tant que courtier digital, nous recherchons pour vous le produit d&rsquo;assurance adapt\u00e9e \u00e0 votre besoin! Suivant l&rsquo;\u00e2ge de vos enfants, nous s\u00e9lectionnons pour vous les produits correspondants. Prenez contact via le formulaire et faites des \u00e9conomies!<\/p>\n\n\n\n<p class=\"has-text-align-justify has-text-color has-medium-font-size\" style=\"color:#0f4a79;line-height:1.4\">De la <strong>maternelle aux \u00e9tudes sup\u00e9rieures<\/strong>, tous les \u00e9l\u00e8ves et \u00e9tudiants seront couverts contre les risques pendant le temps de  scolaire et le temps extra-scolaire. <br>Pensez \u00e0 vos enfants en les assurant 24h\/24 et 365jours\/an.<\/p>\n\n\n<style>.kb-image_b4f74f-4f.kb-image-is-ratio-size, .kb-image_b4f74f-4f .kb-image-is-ratio-size{max-width:444px;width:100%;}.wp-block-kadence-column > .kt-inside-inner-col > .kb-image_b4f74f-4f.kb-image-is-ratio-size, .wp-block-kadence-column > .kt-inside-inner-col > .kb-image_b4f74f-4f .kb-image-is-ratio-size{align-self:unset;}.kb-image_b4f74f-4f figure{max-width:444px;}.kb-image_b4f74f-4f .image-is-svg, .kb-image_b4f74f-4f .image-is-svg img{width:100%;}.kb-image_b4f74f-4f .kb-image-has-overlay:after{opacity:0.3;}<\/style>\n<div class=\"wp-block-kadence-image kb-image_b4f74f-4f\"><figure class=\"aligncenter size-full\"><img data-recalc-dims=\"1\" loading=\"lazy\" decoding=\"async\" width=\"709\" height=\"471\" src=\"https:\/\/i0.wp.com\/amg2l.com\/wp-content\/uploads\/2022\/02\/rc-ass.png?resize=709%2C471&#038;ssl=1\" alt=\"Assurances scolaires MG2L\" class=\"kb-img wp-image-3564\" srcset=\"https:\/\/i0.wp.com\/www.amg2l.com\/wp-content\/uploads\/2022\/02\/rc-ass.png?w=709&amp;ssl=1 709w, https:\/\/i0.wp.com\/www.amg2l.com\/wp-content\/uploads\/2022\/02\/rc-ass.png?resize=300%2C199&amp;ssl=1 300w\" sizes=\"auto, (max-width: 709px) 100vw, 709px\" \/><figcaption>Une bonne couverture pour vos enfants avec MG2L<\/figcaption><\/figure><\/div>\n\n\n\n<h5 class=\"has-text-color has-medium-font-size wp-block-heading\" id=\"quelles-sont-les-principales-garanties\" style=\"color:#0f4a79\"><strong><mark style=\"background-color:#f2ccca\" class=\"has-inline-color\">Quelles sont les principales garanties ?<\/mark><\/strong><\/h5>\n\n\n\n<p class=\"has-text-color has-medium-font-size\" style=\"color:#0f4a79\"><strong>\u2705 Responsabilit\u00e9 Civile de l&rsquo;enfant<\/strong><\/p>\n\n\n\n<p class=\"has-text-align-justify has-text-color has-medium-font-size\" style=\"color:#0f4a79\">\ud83d\udc49 Prise en charge des cons\u00e9quences p\u00e9cuniaires de la Responsabilit\u00e9 civile que l\u2019enfant peut encourir en raison de dommages corporels et mat\u00e9riels caus\u00e9s \u00e0 autrui suite \u00e0 un accident dans le cadre de ses activit\u00e9s scolaires et extra-scolaires<br> \ud83d\udc49 Frais de D\u00e9fense de l\u2019enfant dans toute proc\u00e9dure administrative ou<br>judiciaire en cas de sinistre garanti au titre de la Responsabilit\u00e9 civile.<\/p>\n\n\n\n<p class=\"has-text-color has-medium-font-size\" style=\"color:#0f4a79\"><strong>\u2705 Garantie personnelle corporelle ou mat\u00e9rielle accidentelle<\/strong><\/p>\n\n\n\n<p class=\"has-text-color has-medium-font-size\" style=\"color:#0f4a79\">\ud83d\udc49 Versement d&rsquo;une indemnit\u00e9 en cas d&rsquo;accident corporel subi par l&rsquo;enfant au cours de ses activit\u00e9s scolaires et extra-scolaires<br>\ud83d\udc49 Remboursement des frais de soins, des frais de proth\u00e8ses et d&rsquo;appareillages orthop\u00e9diques pour l&rsquo;enfant victime de l&rsquo;accident<br>\ud83d\udc49 Remboursement des frais de recherche et des frais d&rsquo;un rapatriement prescrit m\u00e9dicalement en cas d&rsquo;accident ou de maladie grave de l&rsquo;enfant survenant lors de d\u00e9placement, s\u00e9jours dans le cadre scolaire ou colonies de vacances<br>\ud83d\udc49 Remboursement des frais de rattrapage scolaire cumul\u00e9 \u00e0 une aide p\u00e9dagogique en cas d&rsquo;absence de l&rsquo;enfant sup\u00e9rieure \u00e0 15 jours cons\u00e9cutifs.<br><\/p>\n\n\n\n<p class=\"has-text-align-center has-text-color has-medium-font-size\" style=\"color:#0f4a79;line-height:1.4\">Notre \u00e9quipe est l\u00e0 pour vous accompagner sur votre besoin et rechercher les conditions de march\u00e9 les plus adapt\u00e9es \u00e0 votre profil. Parlons en ensemble&nbsp;!<\/p>\n\n\n\n<div class=\"wp-block-buttons is-layout-flex wp-block-buttons-is-layout-flex\">\n<div class=\"wp-block-button has-custom-width wp-block-button__width-50 is-style-fill\"><a class=\"wp-block-button__link has-background\" style=\"background-color:#0f4a79\">RETOUR ACCUEIL<\/a><\/div>\n\n\n\n<div class=\"wp-block-button has-custom-width wp-block-button__width-50\"><a class=\"wp-block-button__link has-background\" href=\"https:\/\/docs.google.com\/forms\/d\/1SP5mh_sdfLih58pj0jitxF7uzkOC9NDYgk2STJYnBhQ\/edit\" style=\"background-color:#820002\">CONTACTEZ NOUS<\/a><\/div>\n<\/div>\n","protected":false},"excerpt":{"rendered":"<p>En tant que courtier digital, nous recherchons pour vous le produit d&rsquo;assurance adapt\u00e9e \u00e0 votre besoin! Suivant l&rsquo;\u00e2ge de vos enfants, nous s\u00e9lectionnons pour vous les produits correspondants. Prenez contact &hellip; <a href=\"https:\/\/www.amg2l.com\/?page_id=1906\" class=\"more-link\">Lire la suite <span class=\"screen-reader-text\">Assurance Scolaire et Extra-scolaire<\/span><\/a><\/p>\n","protected":false},"author":1,"featured_media":0,"parent":0,"menu_order":0,"comment_status":"closed","ping_status":"closed","template":"","meta":{"footnotes":""},"class_list":["post-1906","page","type-page","status-publish","hentry"],"jetpack_sharing_enabled":true,"_links":{"self":[{"href":"https:\/\/www.amg2l.com\/index.php?rest_route=\/wp\/v2\/pages\/1906","targetHints":{"allow":["GET"]}}],"collection":[{"href":"https:\/\/www.amg2l.com\/index.php?rest_route=\/wp\/v2\/pages"}],"about":[{"href":"https:\/\/www.amg2l.com\/index.php?rest_route=\/wp\/v2\/types\/page"}],"author":[{"embeddable":true,"href":"https:\/\/www.amg2l.com\/index.php?rest_route=\/wp\/v2\/users\/1"}],"replies":[{"embeddable":true,"href":"https:\/\/www.amg2l.com\/index.php?rest_route=%2Fwp%2Fv2%2Fcomments&post=1906"}],"version-history":[{"count":2,"href":"https:\/\/www.amg2l.com\/index.php?rest_route=\/wp\/v2\/pages\/1906\/revisions"}],"predecessor-version":[{"id":3801,"href":"https:\/\/www.amg2l.com\/index.php?rest_route=\/wp\/v2\/pages\/1906\/revisions\/3801"}],"wp:attachment":[{"href":"https:\/\/www.amg2l.com\/index.php?rest_route=%2Fwp%2Fv2%2Fmedia&parent=1906"}],"curies":[{"name":"wp","href":"https:\/\/api.w.org\/{rel}","templated":true}]}}