{"id":2142,"date":"2021-04-16T19:56:24","date_gmt":"2021-04-16T17:56:24","guid":{"rendered":"https:\/\/amg2l.com\/?page_id=2142"},"modified":"2022-02-15T08:10:57","modified_gmt":"2022-02-15T08:10:57","slug":"espace-client","status":"publish","type":"page","link":"https:\/\/www.amg2l.com\/?page_id=2142","title":{"rendered":"Espace client MG2L"},"content":{"rendered":"\n<div class=\"wp-block-group alignwide coblocks-animate\"><div class=\"wp-block-group__inner-container is-layout-flow wp-block-group-is-layout-flow\">\n<div class=\"wp-block-group alignwide\"><div class=\"wp-block-group__inner-container is-layout-flow wp-block-group-is-layout-flow\">\n<h2 class=\"wp-block-heading\" id=\"acces-reserve-aux-clients-mg2l\"><a href=\"https:\/\/espace-client.amg2l.com\/#\/login\" data-type=\"URL\" data-id=\"https:\/\/espace-client.amg2l.com\/#\/login\" target=\"_blank\" rel=\"noreferrer noopener\">\ud83d\udd10Acc\u00e8s r\u00e9serv\u00e9 aux clients MG2L<\/a><\/h2>\n<\/div><\/div>\n<\/div><\/div>\n\n\n\n<p class=\"has-text-align-center\">Pour mieux vous servir, notre cabinet a mis en place un espace d\u00e9di\u00e9 s\u00e9curis\u00e9 dans lequel vous pourrez retrouver tous les documents relatifs \u00e0 votre contrat. Vous pourrez \u00e9galement contacter directement un de nos conseillers en envoyant un message via cette espace personnalis\u00e9.<\/p>\n\n\n<style>.kb-image_d22c02-d4 .kb-image-has-overlay:after{opacity:0.3;}<\/style>\n<figure class=\"wp-block-kadence-image kb-image_d22c02-d4 alignfull size-large\"><a href=\"https:\/\/espace-client.amg2l.com\/#\/login\" class=\"kb-advanced-image-link\"><img data-recalc-dims=\"1\" loading=\"lazy\" decoding=\"async\" width=\"740\" height=\"360\" src=\"https:\/\/i0.wp.com\/amg2l.com\/wp-content\/uploads\/2022\/02\/Capture-de%CC%81cran-2022-02-14-a%CC%80-18.36.33-1024x498.png?resize=740%2C360&#038;ssl=1\" alt=\"\" class=\"kb-img wp-image-3892\" srcset=\"https:\/\/i0.wp.com\/www.amg2l.com\/wp-content\/uploads\/2022\/02\/Capture-de%CC%81cran-2022-02-14-a%CC%80-18.36.33.png?resize=1024%2C498&amp;ssl=1 1024w, https:\/\/i0.wp.com\/www.amg2l.com\/wp-content\/uploads\/2022\/02\/Capture-de%CC%81cran-2022-02-14-a%CC%80-18.36.33.png?resize=300%2C146&amp;ssl=1 300w, https:\/\/i0.wp.com\/www.amg2l.com\/wp-content\/uploads\/2022\/02\/Capture-de%CC%81cran-2022-02-14-a%CC%80-18.36.33.png?resize=768%2C373&amp;ssl=1 768w, https:\/\/i0.wp.com\/www.amg2l.com\/wp-content\/uploads\/2022\/02\/Capture-de%CC%81cran-2022-02-14-a%CC%80-18.36.33.png?resize=1536%2C747&amp;ssl=1 1536w, https:\/\/i0.wp.com\/www.amg2l.com\/wp-content\/uploads\/2022\/02\/Capture-de%CC%81cran-2022-02-14-a%CC%80-18.36.33.png?resize=2048%2C996&amp;ssl=1 2048w, https:\/\/i0.wp.com\/www.amg2l.com\/wp-content\/uploads\/2022\/02\/Capture-de%CC%81cran-2022-02-14-a%CC%80-18.36.33.png?resize=2000%2C972&amp;ssl=1 2000w, https:\/\/i0.wp.com\/www.amg2l.com\/wp-content\/uploads\/2022\/02\/Capture-de%CC%81cran-2022-02-14-a%CC%80-18.36.33.png?w=1480&amp;ssl=1 1480w, https:\/\/i0.wp.com\/www.amg2l.com\/wp-content\/uploads\/2022\/02\/Capture-de%CC%81cran-2022-02-14-a%CC%80-18.36.33.png?w=2220&amp;ssl=1 2220w\" sizes=\"auto, (max-width: 740px) 100vw, 740px\" \/><\/a><\/figure>\n","protected":false},"excerpt":{"rendered":"<p>\ud83d\udd10Acc\u00e8s r\u00e9serv\u00e9 aux clients MG2L Pour mieux vous servir, notre cabinet a mis en place un espace d\u00e9di\u00e9 s\u00e9curis\u00e9 dans lequel vous pourrez retrouver tous les documents relatifs \u00e0 votre &hellip; <a href=\"https:\/\/www.amg2l.com\/?page_id=2142\" class=\"more-link\">Lire la suite <span class=\"screen-reader-text\">Espace client MG2L<\/span><\/a><\/p>\n","protected":false},"author":1,"featured_media":0,"parent":0,"menu_order":0,"comment_status":"closed","ping_status":"closed","template":"","meta":{"footnotes":""},"class_list":["post-2142","page","type-page","status-publish","hentry"],"jetpack_sharing_enabled":true,"_links":{"self":[{"href":"https:\/\/www.amg2l.com\/index.php?rest_route=\/wp\/v2\/pages\/2142","targetHints":{"allow":["GET"]}}],"collection":[{"href":"https:\/\/www.amg2l.com\/index.php?rest_route=\/wp\/v2\/pages"}],"about":[{"href":"https:\/\/www.amg2l.com\/index.php?rest_route=\/wp\/v2\/types\/page"}],"author":[{"embeddable":true,"href":"https:\/\/www.amg2l.com\/index.php?rest_route=\/wp\/v2\/users\/1"}],"replies":[{"embeddable":true,"href":"https:\/\/www.amg2l.com\/index.php?rest_route=%2Fwp%2Fv2%2Fcomments&post=2142"}],"version-history":[{"count":10,"href":"https:\/\/www.amg2l.com\/index.php?rest_route=\/wp\/v2\/pages\/2142\/revisions"}],"predecessor-version":[{"id":3900,"href":"https:\/\/www.amg2l.com\/index.php?rest_route=\/wp\/v2\/pages\/2142\/revisions\/3900"}],"wp:attachment":[{"href":"https:\/\/www.amg2l.com\/index.php?rest_route=%2Fwp%2Fv2%2Fmedia&parent=2142"}],"curies":[{"name":"wp","href":"https:\/\/api.w.org\/{rel}","templated":true}]}}