{"id":2774,"date":"2021-04-22T17:51:40","date_gmt":"2021-04-22T15:51:40","guid":{"rendered":"https:\/\/amg2l.com\/?page_id=2774"},"modified":"2021-04-22T17:51:40","modified_gmt":"2021-04-22T15:51:40","slug":"rc-pro-ias","status":"publish","type":"page","link":"https:\/\/www.amg2l.com\/?page_id=2774","title":{"rendered":"RC PRO IAS"},"content":{"rendered":"\n<p class=\"has-text-align-justify has-text-color\" style=\"color:#820002\">Vous \u00eates <strong>Interm\u00e9diaire en Assurance<\/strong> (IAS).<\/p>\n\n\n\n<p class=\"has-text-align-justify has-text-color\" style=\"color:#820002\">Et en tant que Profession r\u00e8glement\u00e9e, vous avec l&rsquo;obligation de souscrire une RC Professionnelle afin de vous enregistrer aupr\u00e8s de l&rsquo;ORIAS. <\/p>\n\n\n\n<p class=\"has-text-align-justify has-text-color\" style=\"color:#820002\">MG2L, Courtier en Assurance est sp\u00e9cialis\u00e9 dans les RC Professionnelles des professions r\u00e8glement\u00e9es BANQUE &amp; ASSURANCE.Nous vous proposons des offres exclusives qui r\u00e9pondent \u00e0 la fois \u00e0 votre besoin et \u00e0 votre budget.<\/p>\n\n\n\n<p class=\"has-text-align-justify has-text-color\" style=\"color:#820002\">En partenariat avec <a href=\"https:\/\/www.valoriale-lunel.com\/\"><strong>V<\/strong><\/a><a href=\"https:\/\/www.valoriale-lunel.com\/\" target=\"_blank\" rel=\"noreferrer noopener\"><strong>ALORIALE FORMATION<\/strong><\/a>, nous avons s\u00e9lectionn\u00e9  sp\u00e9cialement pour les IAS les partenaires d&rsquo;assurance capables de vous couvrir en fonction de votre profil et de votre budget<\/p>\n\n\n\n<div class=\"wp-block-image is-style-rounded\"><figure class=\"aligncenter size-large is-resized\"><img data-recalc-dims=\"1\" decoding=\"async\" src=\"https:\/\/i0.wp.com\/amg2l.com\/wp-content\/uploads\/2021\/04\/RC-PRO-IAS.png?w=740&#038;ssl=1\" alt=\"\" class=\"wp-image-2795\"  \/><\/figure><\/div>\n\n\n\n<h5 class=\"has-text-color wp-block-heading\" style=\"color:#820002\">RAPPEL DES ACTIVIT\u00c9S REGROUP\u00c9ES DANS LA CAT\u00c9GORIE Ias<\/h5>\n\n\n\n<p class=\"has-text-align-justify has-text-color has-small-font-size\" style=\"color:#0f4a79\">Lorsqu&rsquo;on est <strong>IAS<\/strong>, on choisit la cat\u00e9gorie dans laquelle on souhaite exercer ses fonctions. Cette cat\u00e9gorie d\u00e9pend de plusieurs facteurs \u00e0 savoir :<\/p>\n\n\n\n<ul class=\"has-text-color has-small-font-size wp-block-list\" style=\"color:#0f4a79\"><li>le nombre de partenaires en assurance avec lequel\/lesquelles l&rsquo;IAS va travailler. <\/li><li>la provenance du mandat pour l&rsquo;exercice de ses fonctions (client ou compagnie d&rsquo;assurance)<\/li><\/ul>\n\n\n\n<p class=\"has-text-color has-small-font-size\" style=\"color:#0f4a79\">1- Les <strong>Courtiers en Assurance  ou Interm\u00e9diaires en Assurance ou r\u00e9assurance (COA)<\/strong>&nbsp;sont des personne physiques ou des soci\u00e9t\u00e9s. Ils sont mandat\u00e9s par le client afin de l&rsquo;aider \u00e0 trouver la solution d&rsquo;assurance optimale en fonction du besoin recueilli parmi un nombre suffisants de produits. <\/p>\n\n\n\n<p class=\"has-text-color has-small-font-size\" style=\"color:#0f4a79\">2- Les <strong>Agents g\u00e9n\u00e9raux d&rsquo;Assurance<\/strong>.&nbsp;sont des personnes physiques ou morales titulaires d&rsquo;un mandat d&rsquo;agent g\u00e9n\u00e9ral d&rsquo;assurance. Ils sont soumis \u00e0 une obligation contractuelle de travailler exclusivement avec une ou plusieurs entreprises d&rsquo;assurance&nbsp;;<\/p>\n\n\n\n<p class=\"has-text-color has-small-font-size\" style=\"color:#0f4a79\">3- Les <strong>Mandataires d&rsquo;assurance<\/strong> sont des personnes physiques ou personnes morales autres que les agents g\u00e9n\u00e9raux d&rsquo;assurance, titulaires d&rsquo;un mandat d&rsquo;une entreprise d&rsquo;assurance. <\/p>\n\n\n\n<p class=\"has-text-color has-small-font-size\" style=\"color:#0f4a79\">Il sont soit : <\/p>\n\n\n\n<p class=\"has-text-color has-small-font-size\" style=\"color:#0f4a79\">-&gt;soumis \u00e0 une obligation contractuelle de travailler exclusivement avec une ou plusieurs entreprises d&rsquo;assurance.<\/p>\n\n\n\n<p class=\"has-text-color has-small-font-size\" style=\"color:#0f4a79\">-&gt;non soumis \u00e0 une obligation contractuelle de travailler exclusivement avec une ou plusieurs entreprises d&rsquo;assurance mais ne fondant pas leur analyse sur un nombre suffisant de contrats d&rsquo;assurance offerts sur le march\u00e9, conform\u00e9ment \u00e0 l&rsquo;article L. 550-1 du code des assurances.<\/p>\n\n\n\n<p class=\"has-text-color has-small-font-size\" style=\"color:#0f4a79\">4- Les <strong>Mandataires d&rsquo;interm\u00e9diaires d&rsquo;assurance<\/strong> (MIA), personnes physiques non salari\u00e9es et personnes morales titulaires d&rsquo;un mandat d&rsquo;un interm\u00e9diaire inscrit dans l&rsquo;une des trois cat\u00e9gories : COA ou Agents g\u00e9n\u00e9raux d&rsquo;Assurance ou Mandataire d&rsquo;assurance.<\/p>\n\n\n\n<h5 class=\"has-text-color wp-block-heading\" style=\"color:#820002\">RAPPEL DES GARANTIES PRINCIPALES ET OPTIONNELLES DE LA RC PRO Ias<\/h5>\n\n\n\n<p class=\"has-text-color has-small-font-size\" style=\"color:#0f4a79\">L&rsquo;assurance RC Pro IAS vous couvre en cas d&rsquo;erreur mais aussi en cas de  d\u00e9faut de conseil qui ont pour cons\u00e9quence un&nbsp;<strong>pr\u00e9judice mat\u00e9riel, corporel ou immat\u00e9riel<\/strong>&nbsp;(c&rsquo;est \u00e0 dire financier)<\/p>\n\n\n\n<p class=\"has-text-color has-small-font-size\" style=\"color:#0f4a79\">Le montant de garantie de la RC PRO est r\u00e8glementaire et correspond au minimum \u00e0 <\/p>\n\n\n\n<h5 class=\"has-text-color wp-block-heading\" style=\"color:#820002\">1.<strong>500.000 Euros par sinistre et 2.000.000 Euros par p\u00e9riode d\u2019assurance<\/strong><\/h5>\n\n\n\n<p class=\"has-text-align-justify has-text-color has-small-font-size\" style=\"color:#0f4a79\">Vous pouvez compl\u00e9ter votre assurance RC Pro avec  une&nbsp;<strong>garantie financi\u00e8re<\/strong>&nbsp;si lors de votre activit\u00e9 IAS vous \u00eates autoris\u00e9 \u00e0 encaisser des fonds destin\u00e9s \u00e0 un tiers. Il s&rsquo;agit d&rsquo;une garantie  obligatoire \u00e0 souscrire pour pr\u00e9munir le cr\u00e9ancier en cas de d\u00e9faillance, d\u00e9tournement ou disparition.<\/p>\n\n\n\n<p class=\"has-text-color\" style=\"color:#820002\">Des garanties en option sont recommand\u00e9es lors de la souscription de la RC Pro:<\/p>\n\n\n\n<p class=\"has-text-align-justify has-text-color has-custom-weight\" style=\"color:#0f4a79;font-weight:normal;font-size:13px\">Option 1 &#8211; L&rsquo;<strong>Assurance responsabilit\u00e9 civile exploitation<\/strong>. Cette assurance vous  prot\u00e8ge dans le cadre de  votre activit\u00e9 hors prestation. Par exemple, Vous accueillez un client dans vos locaux. Ce dernier se fracture le bras lors d&rsquo;une chute dans vos escaliers glissants. Il vous demande \u00ab\u00a0r\u00e9paration\u00a0\u00bb suite au fait qu&rsquo;il est immobilis\u00e9 3 mois l&#8217;emp\u00eachant de travailler. Vous pourrez d\u00e9clarer un sinistre ayant souscrit l&rsquo;assurance RC Exploitation.  <\/p>\n\n\n\n<p class=\"has-text-align-justify has-text-color has-small-font-size\" style=\"color:#0f4a79\">Option 2 &#8211; <strong>La protection juridique<\/strong>. Cette assurance optionnelle prendre en charge  les frais de d\u00e9fense ou de recours lorsqu&rsquo;un litige intervient avec un tiers. Cette option est tr\u00e8s appr\u00e9ci\u00e9e du fait que vous exercez    en ayant provisionn\u00e9 l&rsquo;ensemble des risques que vous seriez susceptible de rencontrer lors de vos fonctions.<\/p>\n\n\n\n<p class=\"has-text-align-center has-text-color\" style=\"color:#820002\"><strong>PROFITEZ DE NOS OFFRES EXCLUSIVES EN TANT QUE COURTIER (COA)<\/strong> <\/p>\n\n\n\n<div class=\"wp-block-buttons is-layout-flex wp-block-buttons-is-layout-flex\">\n<div class=\"wp-block-button has-custom-width wp-block-button__width-100 is-style-3d\"><a class=\"wp-block-button__link has-red-color has-text-color has-background\" href=\"https:\/\/amg2l.com\/page-en-cours-de-construction\/\" style=\"border-radius:23px;background-color:#cfdb46\" target=\"_blank\" rel=\"noreferrer noopener\">OFFRES EXCLUSIVES MG2L pour COURTIER <\/a><\/div>\n<\/div>\n\n\n\n<p class=\"has-text-align-center has-text-color\" style=\"color:#820002\"><meta charset=\"utf-8\"><strong>PROFITEZ DE NOS OFFRES EXCLUSIVES EN TANT QUE MANDATAIRE D&rsquo;UN COURTIER  (MIA)<\/strong><\/p>\n\n\n\n<div class=\"wp-block-buttons is-layout-flex wp-block-buttons-is-layout-flex\">\n<div class=\"wp-block-button has-custom-width wp-block-button__width-100\"><a class=\"wp-block-button__link has-red-color has-text-color has-background\" href=\"https:\/\/amg2l.com\/offre-rc-pro-mandataire\/\" style=\"background-color:#cfdb46\">OFFRE EXCLUSIVE  &#8211; Vous \u00eates MANDATAIRE <\/a><\/div>\n<\/div>\n\n\n\n<div class=\"wp-block-buttons is-layout-flex wp-block-buttons-is-layout-flex\">\n<div class=\"wp-block-button has-custom-width wp-block-button__width-50\"><a class=\"wp-block-button__link has-background\" style=\"background-color:#0f4a79\">RETOUR ACCUEIL<\/a><\/div>\n\n\n\n<div class=\"wp-block-button has-custom-width wp-block-button__width-50\"><a class=\"wp-block-button__link has-background\" href=\"https:\/\/docs.google.com\/forms\/d\/e\/1FAIpQLSf9uDZghbygindtaZBHhHKhstdI8st64u8by65OGqezWR539w\/viewform\" style=\"background-color:#820002\" target=\"_blank\" rel=\"noreferrer noopener\">CONTACTEZ-NOUS<\/a><\/div>\n<\/div>\n\n\n\n<p><\/p>\n","protected":false},"excerpt":{"rendered":"<p>Vous \u00eates Interm\u00e9diaire en Assurance (IAS). Et en tant que Profession r\u00e8glement\u00e9e, vous avec l&rsquo;obligation de souscrire une RC Professionnelle afin de vous enregistrer aupr\u00e8s de l&rsquo;ORIAS. MG2L, Courtier en &hellip; <a href=\"https:\/\/www.amg2l.com\/?page_id=2774\" class=\"more-link\">Lire la suite <span class=\"screen-reader-text\">RC PRO IAS<\/span><\/a><\/p>\n","protected":false},"author":1,"featured_media":0,"parent":0,"menu_order":0,"comment_status":"closed","ping_status":"closed","template":"","meta":{"footnotes":""},"class_list":["post-2774","page","type-page","status-publish","hentry"],"jetpack_sharing_enabled":true,"_links":{"self":[{"href":"https:\/\/www.amg2l.com\/index.php?rest_route=\/wp\/v2\/pages\/2774","targetHints":{"allow":["GET"]}}],"collection":[{"href":"https:\/\/www.amg2l.com\/index.php?rest_route=\/wp\/v2\/pages"}],"about":[{"href":"https:\/\/www.amg2l.com\/index.php?rest_route=\/wp\/v2\/types\/page"}],"author":[{"embeddable":true,"href":"https:\/\/www.amg2l.com\/index.php?rest_route=\/wp\/v2\/users\/1"}],"replies":[{"embeddable":true,"href":"https:\/\/www.amg2l.com\/index.php?rest_route=%2Fwp%2Fv2%2Fcomments&post=2774"}],"version-history":[{"count":0,"href":"https:\/\/www.amg2l.com\/index.php?rest_route=\/wp\/v2\/pages\/2774\/revisions"}],"wp:attachment":[{"href":"https:\/\/www.amg2l.com\/index.php?rest_route=%2Fwp%2Fv2%2Fmedia&parent=2774"}],"curies":[{"name":"wp","href":"https:\/\/api.w.org\/{rel}","templated":true}]}}