{"id":2806,"date":"2021-04-22T18:48:56","date_gmt":"2021-04-22T16:48:56","guid":{"rendered":"https:\/\/amg2l.com\/?page_id=2806"},"modified":"2021-04-22T18:48:56","modified_gmt":"2021-04-22T16:48:56","slug":"rc-pro-agent-immobilier","status":"publish","type":"page","link":"https:\/\/www.amg2l.com\/?page_id=2806","title":{"rendered":"RC PRO AGENT IMMOBILIER"},"content":{"rendered":"\n<p class=\"has-text-align-justify has-text-color\" style=\"color:#820002\">Vous \u00eates Agent Immobilier. Vous \u00eates de ce fait l&rsquo;interm\u00e9diaire entre le vendeur et l&rsquo;acheteur d&rsquo;un bien immobilier ou entre un bailleur et son locataire.Vous d\u00e9tenez un mandat qui vous permet d&rsquo;agir pour le compte de vos clients.<\/p>\n\n\n\n<p class=\"has-text-align-justify has-text-color\" style=\"color:#820002\">Et en tant que Profession r\u00e8glement\u00e9e, vous avez un certain nombre d&rsquo;obligations pr\u00e9vues par la loi du 2 Janvier 1970 dite Loi Hoguet. <\/p>\n\n\n\n<p class=\"has-text-align-justify has-text-color\" style=\"color:#820002\">Parmi elle, vous avez l&rsquo;obligation de souscrire une RC Professionnelle dans l&rsquo;objectif d&rsquo;\u00eatre couvert contre les cons\u00e9quences p\u00e9cuniaires de votre responsabilit\u00e9 civile lorsque vous agissez dans le cadre de votre mandat.<\/p>\n\n\n\n<p class=\"has-text-align-justify has-text-color\" style=\"color:#820002\">MG2L, Courtier en Assurance est sp\u00e9cialis\u00e9 dans les RC Professionnelles des professions r\u00e8glement\u00e9es des m\u00e9tiers de l&rsquo;Immobilier .Nous vous proposons des offres exclusives qui r\u00e9pondent \u00e0 la fois \u00e0 votre besoin et \u00e0 votre budget.<\/p>\n\n\n\n<p class=\"has-text-align-justify has-text-color\" style=\"color:#820002\">En partenariat avec le centre de formation des professions r\u00e9glement\u00e9es <a href=\"https:\/\/www.valoriale-lunel.com\/\"><strong>V<\/strong><\/a><a href=\"https:\/\/www.valoriale-lunel.com\/\" target=\"_blank\" rel=\"noreferrer noopener\"><strong>ALORIALE FORMATION<\/strong><\/a>, nous avons s\u00e9lectionn\u00e9  sp\u00e9cialement pour les Agents Immobiliers les partenaires d&rsquo;assurance capables de vous couvrir en fonction de votre profil et de votre budget<\/p>\n\n\n\n<div class=\"wp-block-image is-style-rounded\"><figure class=\"aligncenter size-large is-resized\"><img data-recalc-dims=\"1\" loading=\"lazy\" decoding=\"async\" src=\"https:\/\/i0.wp.com\/amg2l.com\/wp-content\/uploads\/2021\/04\/RC-AGENT-IMMO.png?resize=435%2C298&#038;ssl=1\" alt=\"\" class=\"wp-image-2809\" width=\"435\" height=\"298\"\/><\/figure><\/div>\n\n\n\n<h5 class=\"has-text-color wp-block-heading\" style=\"color:#820002\">RAPPEL DES OBLIGATIONS DES AGENTS IMMOBILIERS<\/h5>\n\n\n\n<p class=\"has-text-color\" style=\"color:#0f4a79\">MG2L courtier digital et ind\u00e9pendant vous rappelle ici l&rsquo;ensemble de vos obligations. <\/p>\n\n\n\n<p class=\"has-text-align-justify has-text-color\" style=\"color:#0f4a79\">Obligation n\u00b01:  <strong>D\u00e9tenir la Carte professionnelle<\/strong> de \u00ab\u00a0Transactions sur Immeubles et fonds de commerce\u00a0\u00bb dite carte T en d\u00e9posant un dossier aupr\u00e8s de la Chambre de Commerce et d&rsquo;Industrie dont vous d\u00e9pendez. <\/p>\n\n\n\n<p class=\"has-text-align-justify has-text-color\" style=\"color:#0f4a79\">Obligation n\u00b02: Avoir la <strong>capacit\u00e9 professionnelle<\/strong> qui est mesur\u00e9 en fonction de vos dipl\u00f4mes et de votre exp\u00e9rience<\/p>\n\n\n\n<p class=\"has-text-align-justify has-text-color\" style=\"color:#0f4a79\">Obligation n\u00b03: Vous avez l&rsquo;<strong>obligation de moyens <\/strong>car vous devez tout mettre en oeuvre d\u00e8s la signature du mandat pour mener \u00e0 bien votre mission. Si vous commettez une faute ou une n\u00e9gligence dans l&rsquo;ex\u00e9cution de votre mandat, votre client pourrait se retourner contre vous.<\/p>\n\n\n\n<p class=\"has-text-align-justify has-text-color\" style=\"color:#0f4a79\">Obligation n\u00b04: Vous avez l&rsquo;<strong>obligation de r\u00e9sultats<\/strong> lorsque vous \u00eates amen\u00e9 \u00e0 r\u00e9diger des actes juridiques. Vous devez v\u00e9rifier la qualit\u00e9 des parties et leur capacit\u00e9 . Et par ailleurs vous devez v\u00e9rifier l&rsquo;exactitude du bien vendu. Votre responsabilit\u00e9 peut \u00eatre engag\u00e9 en votre qualit\u00e9 de r\u00e9dacteur d&rsquo;acte.<\/p>\n\n\n\n<p class=\"has-text-align-justify has-text-color\" style=\"color:#0f4a79\">Obligation N\u00b05: Vous avez l&rsquo;<strong>obligation du devoir de  conseil <\/strong>et d&rsquo;assistance aupr\u00e8s de vos clients. A d\u00e9faut, vous pourriez \u00eatre sanctionn\u00e9 par les tribunaux. S&rsquo;il existe un lien de causalit\u00e9 entre le fait g\u00e9n\u00e9rateur et le dommage, vous pourriez \u00eatre tenu responsable de payer des dommages et int\u00e9r\u00eats au client l\u00e9s\u00e9.<\/p>\n\n\n\n<p class=\"has-text-align-justify has-text-color\" style=\"color:#0f4a79\">Obligation N\u00b06: Vous avez l&rsquo;<strong>obligation de loyaut\u00e9, de probit\u00e9 et de moralit\u00e9<\/strong> envers vos interlocuteurs. La sortie du d\u00e9cret du 28 Ao\u00fbt 2015 fixe les r\u00e8gles du code de d\u00e9ontologie relatives aux professions de l&rsquo;immobilier.<\/p>\n\n\n\n<p class=\"has-text-color\" style=\"color:#0f4a79\">Obligation N\u00b07: Vous avez l&rsquo;<strong>obligation de formation Loi ALUR<\/strong> qui est de 14h par an. Tous les collaborateurs de l&rsquo;agence immobili\u00e8re doivent  suivre ces formations. <\/p>\n\n\n\n<p class=\"has-text-color\" style=\"color:#0f4a79\">Obligation N\u00b08: Vous avez l&rsquo;<strong>obligation d&rsquo;honorabilit\u00e9<\/strong> en ayant jamais \u00e9t\u00e9 condamn\u00e9 pour certains m\u00e9faits.<\/p>\n\n\n\n<p class=\"has-text-color\" style=\"color:#0f4a79\">Obligation N\u00b09: Vous avez l&rsquo;obligation de souscrire une <strong>garantie financi\u00e8re<\/strong> si vous d\u00e9tenez des fonds de vos client. Dans le cas inverse, ce n&rsquo;est pas une obligation.<\/p>\n\n\n\n<p class=\"has-text-color\" style=\"color:#0f4a79\">Obligation N\u00b010 : Vous avez l&rsquo;obligation de souscrire <strong>une assurance RC Professionnelle<\/strong> afin de r\u00e9pondre aux cons\u00e9quences p\u00e9cuniaires de votre responsabilit\u00e9 civile lorsque vous agissez dans le cadre de votre mandat.<\/p>\n\n\n\n<p><\/p>\n\n\n\n<h5 class=\"has-text-color wp-block-heading\" style=\"color:#820002\">RAPPEL DES GARANTIES PRINCIPALES ET OPTIONNELLES DE LA RC PRO AGENT IMMOBILIER<\/h5>\n\n\n\n<p class=\"has-text-color has-small-font-size\" style=\"color:#0f4a79\">L&rsquo;assurance RC Pro AGENT IMMOBILIER vous couvre en cas d&rsquo;erreur mais aussi en cas de  d\u00e9faut de conseil qui ont pour cons\u00e9quence un&nbsp;<strong>pr\u00e9judice mat\u00e9riel, corporel ou immat\u00e9riel<\/strong>&nbsp;(c&rsquo;est \u00e0 dire financier)<\/p>\n\n\n\n<p class=\"has-text-color has-small-font-size\" style=\"color:#0f4a79\">Le montant de garantie de la RC PRO est au minimum de <meta charset=\"utf-8\"><strong>76 224 Euros par AN AVEC UN MONTANT DE FRANCHISE MAXIMUM DE 10%<\/strong><\/p>\n\n\n\n<p class=\"has-text-align-justify has-text-color\" style=\"color:#0f4a79\">\u26a0\ufe0f mais au vu des nombreuses obligations auxquelles sont soumis l&rsquo;agent immobilier et ses salari\u00e9s, il est fortement recommand\u00e9 de souscrire une assurance dont les montants de garanties sont \u00e0 minima de<\/p>\n\n\n\n<p class=\"has-text-align-justify has-text-color\" style=\"color:#820003\"> <strong>300 000 euros par an<\/strong> pour se pr\u00e9munir d&rsquo;une \u00e9ventuelle mise en cause au titre de ses prestations.<\/p>\n\n\n\n<p class=\"has-text-color\" style=\"color:#820002\">Des garanties en option sont recommand\u00e9es lors de la souscription de la RC Pro:<\/p>\n\n\n\n<p class=\"has-text-align-justify has-text-color has-custom-weight\" style=\"color:#0f4a79;font-weight:normal;font-size:13px\">Option 1 &#8211; L&rsquo;<strong>Assurance responsabilit\u00e9 civile exploitation<\/strong>. Cette assurance vous  prot\u00e8ge dans le cadre de  votre activit\u00e9 hors prestation. Par exemple, Vous accueillez un client dans vos locaux. Ce dernier se fracture le bras lors d&rsquo;une chute dans vos escaliers glissants. Il vous demande \u00ab\u00a0r\u00e9paration\u00a0\u00bb suite au fait qu&rsquo;il est immobilis\u00e9 3 mois l&#8217;emp\u00eachant de travailler. Vous pourrez d\u00e9clarer un sinistre ayant souscrit l&rsquo;assurance RC Exploitation.  <\/p>\n\n\n\n<p class=\"has-text-align-justify has-text-color has-small-font-size\" style=\"color:#0f4a79\">Option 2 &#8211; <strong>La protection juridique<\/strong>. Cette assurance optionnelle prendre en charge  les frais de d\u00e9fense ou de recours lorsqu&rsquo;un litige intervient avec un tiers. Cette option est tr\u00e8s appr\u00e9ci\u00e9e du fait que vous exercez    en ayant provisionn\u00e9 l&rsquo;ensemble des risques que vous seriez susceptible de rencontrer lors de vos fonctions.<\/p>\n\n\n\n<p class=\"has-text-align-center has-text-color\" style=\"color:#820002\"><strong>PROFITEZ DE NOS OFFRES EXCLUSIVES EN TANT QUE AGENT IMMOBILIER <\/strong><\/p>\n\n\n\n<div class=\"wp-block-buttons is-layout-flex wp-block-buttons-is-layout-flex\">\n<div class=\"wp-block-button has-custom-width wp-block-button__width-100 is-style-3d\"><a class=\"wp-block-button__link has-red-color has-text-color has-background\" href=\"https:\/\/amg2l.com\/page-en-cours-de-construction\/\" style=\"border-radius:23px;background-color:#cfdb46\" target=\"_blank\" rel=\"noreferrer noopener\">OFFRES EXCLUSIVES MG2L pour AGENT IMMOBILIER <\/a><\/div>\n<\/div>\n\n\n\n<p class=\"has-text-align-center has-text-color\" style=\"color:#820002\"><\/p>\n\n\n\n<div class=\"wp-block-buttons is-layout-flex wp-block-buttons-is-layout-flex\">\n<div class=\"wp-block-button has-custom-width wp-block-button__width-50\"><a class=\"wp-block-button__link has-background\" href=\"https:\/\/amg2l.com\/\" style=\"background-color:#0f4a79\">RETOUR ACCUEIL<\/a><\/div>\n\n\n\n<div class=\"wp-block-button has-custom-width wp-block-button__width-50\"><a class=\"wp-block-button__link has-background\" href=\"https:\/\/docs.google.com\/forms\/d\/e\/1FAIpQLSf9uDZghbygindtaZBHhHKhstdI8st64u8by65OGqezWR539w\/viewform\" style=\"background-color:#820002\" target=\"_blank\" rel=\"noreferrer noopener\">CONTACTEZ-NOUS<\/a><\/div>\n<\/div>\n\n\n\n<p><\/p>\n","protected":false},"excerpt":{"rendered":"<p>Vous \u00eates Agent Immobilier. Vous \u00eates de ce fait l&rsquo;interm\u00e9diaire entre le vendeur et l&rsquo;acheteur d&rsquo;un bien immobilier ou entre un bailleur et son locataire.Vous d\u00e9tenez un mandat qui vous &hellip; <a href=\"https:\/\/www.amg2l.com\/?page_id=2806\" class=\"more-link\">Lire la suite <span class=\"screen-reader-text\">RC PRO AGENT IMMOBILIER<\/span><\/a><\/p>\n","protected":false},"author":1,"featured_media":0,"parent":0,"menu_order":0,"comment_status":"closed","ping_status":"closed","template":"","meta":{"footnotes":""},"class_list":["post-2806","page","type-page","status-publish","hentry"],"jetpack_sharing_enabled":true,"_links":{"self":[{"href":"https:\/\/www.amg2l.com\/index.php?rest_route=\/wp\/v2\/pages\/2806","targetHints":{"allow":["GET"]}}],"collection":[{"href":"https:\/\/www.amg2l.com\/index.php?rest_route=\/wp\/v2\/pages"}],"about":[{"href":"https:\/\/www.amg2l.com\/index.php?rest_route=\/wp\/v2\/types\/page"}],"author":[{"embeddable":true,"href":"https:\/\/www.amg2l.com\/index.php?rest_route=\/wp\/v2\/users\/1"}],"replies":[{"embeddable":true,"href":"https:\/\/www.amg2l.com\/index.php?rest_route=%2Fwp%2Fv2%2Fcomments&post=2806"}],"version-history":[{"count":0,"href":"https:\/\/www.amg2l.com\/index.php?rest_route=\/wp\/v2\/pages\/2806\/revisions"}],"wp:attachment":[{"href":"https:\/\/www.amg2l.com\/index.php?rest_route=%2Fwp%2Fv2%2Fmedia&parent=2806"}],"curies":[{"name":"wp","href":"https:\/\/api.w.org\/{rel}","templated":true}]}}