{"id":2870,"date":"2021-04-23T11:01:14","date_gmt":"2021-04-23T09:01:14","guid":{"rendered":"https:\/\/amg2l.com\/?page_id=2870"},"modified":"2021-04-23T11:01:14","modified_gmt":"2021-04-23T09:01:14","slug":"rc-pro-agent-co-immobilier","status":"publish","type":"page","link":"https:\/\/www.amg2l.com\/?page_id=2870","title":{"rendered":"RC PRO AGENT CO IMMOBILIER"},"content":{"rendered":"\n<p class=\"has-text-align-justify has-text-color\" style=\"color:#820002\">Vous \u00eates Mandataire d&rsquo;un agent immobilier, plus commun\u00e9ment appel\u00e9 \u00ab\u00a0AGENT CO\u00a0\u00bb.<\/p>\n\n\n\n<p class=\"has-text-align-justify has-text-color\" style=\"color:#820002\">Depuis la loi portant Engagement National pour le Logement (ENL) du Journal Officiel du 16 juillet 2006) les ind\u00e9pendants collaborant avec des agences immobili\u00e8res doivent obligatoirement avoir le statut d&rsquo;Agent Commercial. <\/p>\n\n\n\n<p class=\"has-text-align-justify has-text-color\" style=\"color:#820002\">Parmi elle, vous avez l&rsquo;obligation de souscrire une RC Professionnelle dans l&rsquo;objectif d&rsquo;\u00eatre couvert contre les cons\u00e9quences p\u00e9cuniaires de votre responsabilit\u00e9 civile lorsque vous agissez dans le cadre de votre mandat.<\/p>\n\n\n\n<p class=\"has-text-align-justify has-text-color\" style=\"color:#820002\">MG2L, Courtier en Assurance est sp\u00e9cialis\u00e9 dans les RC Professionnelles des professions r\u00e8glement\u00e9es des m\u00e9tiers de l&rsquo;Immobilier .Nous vous proposons des offres exclusives qui r\u00e9pondent \u00e0 la fois \u00e0 votre besoin et \u00e0 votre budget.<\/p>\n\n\n\n<p class=\"has-text-align-justify has-text-color\" style=\"color:#820002\">En partenariat avec le centre de formation des professions r\u00e9glement\u00e9es <a href=\"https:\/\/www.valoriale-lunel.com\/\"><strong>V<\/strong><\/a><a href=\"https:\/\/www.valoriale-lunel.com\/\" target=\"_blank\" rel=\"noreferrer noopener\"><strong>ALORIALE FORMATION<\/strong><\/a>, nous avons s\u00e9lectionn\u00e9  sp\u00e9cialement pour les Agents CO de l&rsquo;immobilier les partenaires d&rsquo;assurance capables de vous couvrir en fonction de votre profil et de votre budget.<\/p>\n\n\n\n<div class=\"wp-block-image is-style-rounded\"><figure class=\"aligncenter size-large is-resized\"><img data-recalc-dims=\"1\" loading=\"lazy\" decoding=\"async\" src=\"https:\/\/i0.wp.com\/amg2l.com\/wp-content\/uploads\/2021\/04\/RC-AGENT-IMMO.png?resize=435%2C298&#038;ssl=1\" alt=\"\" class=\"wp-image-2809\" width=\"435\" height=\"298\"\/><\/figure><\/div>\n\n\n\n<h5 class=\"has-text-color wp-block-heading\" style=\"color:#820002\">RAPPELS  des sp\u00e9cificit\u00e9s du statut AGENTS co<\/h5>\n\n\n\n<p class=\"has-text-color has-small-font-size\" style=\"color:#0f4a79\">MG2L courtier digital et ind\u00e9pendant vous rappelle ici l&rsquo;ensemble les sp\u00e9cificit\u00e9s de votre statut Agent CO: <\/p>\n\n\n\n<p class=\"has-text-align-justify has-text-color has-small-font-size\" style=\"color:#0f4a79\">\ud83d\udc49 Vous devez vous inscrire au <meta charset=\"utf-8\">Registre Sp\u00e9cial des Agents Commerciaux.<\/p>\n\n\n\n<p class=\"has-text-align-justify has-text-color has-small-font-size\" style=\"color:#0f4a79\"><meta charset=\"utf-8\">\ud83d\udc49 Vous \u00eates oblig\u00e9 d&rsquo;exercer en nom propre et pas en soci\u00e9t\u00e9.<\/p>\n\n\n\n<p class=\"has-text-color has-small-font-size\" style=\"color:#0f4a79\">\ud83d\udc49 Vous avec l&rsquo;obligation d&rsquo;avoir une attestation pr\u00e9fectorale vous habilitant \u00e0 n\u00e9gocier et \u00e0 faire de la transaction immobili\u00e8re.<\/p>\n\n\n\n<p class=\"has-text-align-justify has-text-color has-small-font-size\" style=\"color:#0f4a79\"><meta charset=\"utf-8\">\ud83d\udc49 Vous n&rsquo;\u00eates pas autoris\u00e9 \u00e0 r\u00e9diger vous-m\u00eame les compromis, les promesses de vente ou les baux.<\/p>\n\n\n\n<p class=\"has-text-align-justify has-text-color has-small-font-size\" style=\"color:#0f4a79\"><meta charset=\"utf-8\">\ud83d\udc49 Vous n&rsquo;\u00eates pas autoris\u00e9 \u00e0 percevoir des r\u00e8glements de la client\u00e8le.<\/p>\n\n\n\n<p class=\"has-text-align-justify has-text-color has-small-font-size\" style=\"color:#0f4a79\"><meta charset=\"utf-8\">\ud83d\udc49 Vous n&rsquo;\u00eates pas autoris\u00e9 \u00e0 donner des consultations juridiques ou de r\u00e9diger des actes sous seing priv\u00e9.<\/p>\n\n\n\n<p class=\"has-text-align-justify has-text-color has-small-font-size\" style=\"color:#0f4a79\"><meta charset=\"utf-8\">\ud83d\udc49 Vous avez l&rsquo;<strong>obligation de formation Loi ALUR<\/strong> qui est de 14h par an. Tous les collaborateurs de l&rsquo;agence immobili\u00e8re doivent  suivre ces formations. <\/p>\n\n\n\n<p class=\"has-text-color has-small-font-size\" style=\"color:#0f4a79\"><meta charset=\"utf-8\">\ud83d\udc49 Vous avez l&rsquo;<strong>obligation d&rsquo;honorabilit\u00e9<\/strong> en ayant jamais \u00e9t\u00e9 condamn\u00e9 pour certains m\u00e9faits.<\/p>\n\n\n\n<p class=\"has-text-color has-small-font-size\" style=\"color:#0f4a79\"><meta charset=\"utf-8\">\ud83d\udc49 Vous avez l&rsquo;obligation de souscrire <strong>une assurance RC Professionnelle<\/strong> afin de r\u00e9pondre aux cons\u00e9quences p\u00e9cuniaires de votre responsabilit\u00e9 civile lorsque vous agissez dans le cadre de votre mandat.<\/p>\n\n\n\n<p class=\"has-text-align-center has-text-color\" style=\"color:#820002\"><strong>PROFITEZ DE NOTRE OFFRE EXCLUSIVE RC PRO AGENT CO<\/strong><\/p>\n\n\n\n<div class=\"wp-block-buttons is-layout-flex wp-block-buttons-is-layout-flex\">\n<div class=\"wp-block-button has-custom-width wp-block-button__width-100 is-style-3d\"><a class=\"wp-block-button__link has-red-color has-text-color has-background\" href=\"https:\/\/amg2l.com\/page-en-cours-de-construction\/\" style=\"border-radius:23px;background-color:#cfdb46\" target=\"_blank\" rel=\"noreferrer noopener\">OFFRES EXCLUSIVES MG2L pour AGENT CO en IMMOBILIER <\/a><\/div>\n<\/div>\n\n\n\n<p class=\"has-text-align-center has-text-color\" style=\"color:#820002\"><\/p>\n\n\n\n<div class=\"wp-block-buttons is-layout-flex wp-block-buttons-is-layout-flex\">\n<div class=\"wp-block-button has-custom-width wp-block-button__width-50\"><a class=\"wp-block-button__link has-background\" href=\"https:\/\/amg2l.com\/\" style=\"background-color:#0f4a79\">RETOUR ACCUEIL<\/a><\/div>\n\n\n\n<div class=\"wp-block-button has-custom-width wp-block-button__width-50\"><a class=\"wp-block-button__link has-background\" href=\"https:\/\/docs.google.com\/forms\/d\/e\/1FAIpQLSf9uDZghbygindtaZBHhHKhstdI8st64u8by65OGqezWR539w\/viewform\" style=\"background-color:#820002\" target=\"_blank\" rel=\"noreferrer noopener\">CONTACTEZ-NOUS<\/a><\/div>\n<\/div>\n\n\n\n<p><\/p>\n","protected":false},"excerpt":{"rendered":"<p>Vous \u00eates Mandataire d&rsquo;un agent immobilier, plus commun\u00e9ment appel\u00e9 \u00ab\u00a0AGENT CO\u00a0\u00bb. Depuis la loi portant Engagement National pour le Logement (ENL) du Journal Officiel du 16 juillet 2006) les ind\u00e9pendants &hellip; <a href=\"https:\/\/www.amg2l.com\/?page_id=2870\" class=\"more-link\">Lire la suite <span class=\"screen-reader-text\">RC PRO AGENT CO IMMOBILIER<\/span><\/a><\/p>\n","protected":false},"author":1,"featured_media":0,"parent":0,"menu_order":0,"comment_status":"closed","ping_status":"closed","template":"","meta":{"footnotes":""},"class_list":["post-2870","page","type-page","status-publish","hentry"],"jetpack_sharing_enabled":true,"_links":{"self":[{"href":"https:\/\/www.amg2l.com\/index.php?rest_route=\/wp\/v2\/pages\/2870","targetHints":{"allow":["GET"]}}],"collection":[{"href":"https:\/\/www.amg2l.com\/index.php?rest_route=\/wp\/v2\/pages"}],"about":[{"href":"https:\/\/www.amg2l.com\/index.php?rest_route=\/wp\/v2\/types\/page"}],"author":[{"embeddable":true,"href":"https:\/\/www.amg2l.com\/index.php?rest_route=\/wp\/v2\/users\/1"}],"replies":[{"embeddable":true,"href":"https:\/\/www.amg2l.com\/index.php?rest_route=%2Fwp%2Fv2%2Fcomments&post=2870"}],"version-history":[{"count":0,"href":"https:\/\/www.amg2l.com\/index.php?rest_route=\/wp\/v2\/pages\/2870\/revisions"}],"wp:attachment":[{"href":"https:\/\/www.amg2l.com\/index.php?rest_route=%2Fwp%2Fv2%2Fmedia&parent=2870"}],"curies":[{"name":"wp","href":"https:\/\/api.w.org\/{rel}","templated":true}]}}