{"id":2926,"date":"2021-04-25T15:00:07","date_gmt":"2021-04-25T13:00:07","guid":{"rendered":"https:\/\/amg2l.com\/?page_id=2926"},"modified":"2021-04-25T15:00:07","modified_gmt":"2021-04-25T13:00:07","slug":"offre-exclusive-rc-pro-agent-co","status":"publish","type":"page","link":"https:\/\/www.amg2l.com\/?page_id=2926","title":{"rendered":"OFFRE RC PRO AGENT CO IMMOBILIER"},"content":{"rendered":"\n<div style=\"height:64px\" aria-hidden=\"true\" class=\"wp-block-spacer\"><\/div>\n\n\n\n<h2 class=\"has-text-align-center has-text-color wp-block-heading\" style=\"color:#35a818\"> A Partir de 95\u20ac\/an et c&rsquo;est tout!<\/h2>\n\n\n\n<div class=\"wp-block-image\"><figure class=\"aligncenter size-large is-resized\"><img data-recalc-dims=\"1\" decoding=\"async\" src=\"https:\/\/i0.wp.com\/amg2l.com\/wp-content\/uploads\/2021\/04\/espace-particulier.png?w=740&#038;ssl=1\" alt=\"\" class=\"wp-image-2928\"  \/><\/figure><\/div>\n\n\n\n<h4 class=\"has-text-align-center has-red-color has-text-color wp-block-heading\"><strong>Souscrivez aupr\u00e8s de MG2L le contrat RC Pro Agent Co Immobilier<\/strong><\/h4>\n\n\n\n<p class=\"has-text-align-justify has-text-color\" style=\"color:#0f4a79\">MG2L Courtier en Assurance Digital et Ind\u00e9pendant a s\u00e9lectionn\u00e9 pour vous une offre exclusive pour votre activit\u00e9 en tant que Agent Co Immobilier vous permettant de r\u00e9pondre \u00e0 vos obligations. <\/p>\n\n\n\n<p class=\"has-text-align-justify has-text-color\" style=\"color:#0f4a79\">2 niveaux de couverture existent en fonction de votre chiffre d&rsquo;affaires . <\/p>\n\n\n\n<p class=\"has-text-align-justify has-text-color\" style=\"color:#0f4a79\">\u2705 Vous r\u00e9pondez \u00e0 votre obligation d&rsquo;assurance impos\u00e9 par La Loi Alur du 24 mars 2014 mais aussi du d\u00e9cret n\u00b0 2015-764 du 19 juin 2015 et de l\u2019arr\u00eat\u00e9 du 1er juillet 2015 imposant aux agents commerciaux de contracter une assurance contre les cons\u00e9quences p\u00e9cuniaires de leur responsabilit\u00e9 civile professionnelle.<\/p>\n\n\n\n<p class=\"has-text-align-justify has-text-color\" style=\"color:#0f4a79\"><br><meta charset=\"utf-8\">\u2705 Vous b\u00e9n\u00e9ficiez d&rsquo;une offre packag\u00e9e o\u00f9 vous \u00eates couvert en responsabilit\u00e9 civile professionnelle, en responsabilit\u00e9 civile exploitation. La garantie d\u00e9fense et recours est par ailleurs incluse!<\/p>\n\n\n\n<p class=\"has-text-align-justify has-text-color\" style=\"color:#0f4a79\"><meta charset=\"utf-8\">\u2705  Que vous soyez exclusif \u00e0 une agence immobili\u00e8re ou pas, vous \u00eates couvert!<\/p>\n\n\n\n<p class=\"has-text-align-justify has-text-color\" style=\"color:#0f4a79\"><meta charset=\"utf-8\">\u2705 En cas de d\u00e9claration de sinistre, le fait d&rsquo;avoir votre propre contrat RC PRO vous permet de ne pas impacter l&rsquo;agence immobili\u00e8re dont vous d\u00e9pendez.<\/p>\n\n\n\n<p class=\"has-text-align-justify has-text-color\" style=\"color:#0f4a79\"><meta charset=\"utf-8\">\u2705 La garantie dommages mat\u00e9riels et immat\u00e9riels aux cl\u00e9s confi\u00e9es est inclue dans le contrat.<\/p>\n\n\n\n<div class=\"wp-block-buttons is-layout-flex wp-block-buttons-is-layout-flex\">\n<div class=\"wp-block-button has-custom-width wp-block-button__width-25\"><a class=\"wp-block-button__link has-background\" href=\"https:\/\/amg2l.com\/\" style=\"background-color:#0f4a79\">RETOUR<\/a><\/div>\n\n\n\n<div class=\"wp-block-button has-custom-width wp-block-button__width-50\"><a class=\"wp-block-button__link has-background\" href=\"https:\/\/docs.google.com\/forms\/d\/e\/1FAIpQLSf9uDZghbygindtaZBHhHKhstdI8st64u8by65OGqezWR539w\/viewform\" style=\"background-color:#820002\" target=\"_blank\" rel=\"noreferrer noopener\">CONTACTEZ- NOUS<\/a><\/div>\n<\/div>\n\n\n\n<p class=\"has-text-color\" style=\"color:#820002\">Voici ci dessous quelques exemples de sinistres qui pourraient vous arriver :<\/p>\n\n\n\n<p class=\"has-text-align-justify has-text-color\" style=\"color:#0f4a79\">En tant qu&rsquo;agent commercial immobilier, vous \u00eates expos\u00e9 au risque de mise en cause de votre<br>responsabilit\u00e9 civile professionnelle ou exploitation. L&rsquo;agence immobili\u00e8re dont vous d\u00e9pendez aussi appel\u00e9 votre mandant peut exercer des recours contre vous si vous avez commis une faute professionnelle. <\/p>\n\n\n\n<p class=\"has-text-align-justify has-text-color\" style=\"color:#0f4a79\"><br>Exemple n\u00b01 : Vous avez omis d&rsquo;\u00e9tablir le diagnostic d&rsquo;assainissement des eaux. Or, le bien sous promesse de vente est mal raccord\u00e9. Votre responsabilit\u00e9 peut \u00eatre engag\u00e9e.<br><\/p>\n\n\n\n<p class=\"has-text-align-justify has-text-color\" style=\"color:#0f4a79\">Exemple n\u00b02: Suite \u00e0 la perte des cl\u00e9s du bien confi\u00e9 \u00e0 la vente, votre client doit absolument changer l&rsquo;ensemble des serrures. Votre responsabilit\u00e9 peut \u00eatre engag\u00e9e.<br><\/p>\n\n\n\n<p class=\"has-text-align-justify has-text-color\" style=\"color:#0f4a79\">Exemple n\u00b03: Lors d&rsquo;une visite, votre client tombe dans les escaliers et votre responsabilit\u00e9 est mise en cause. Votre contrat pourra intervenir.<\/p>\n\n\n\n<p class=\"has-text-align-justify has-text-color\" style=\"color:#0f4a79\"><br>Exemple n\u00b04 : Suite \u00e0 la vente d&rsquo;un appartement, le nouveau propri\u00e9taire vous met en cause pour d\u00e9faut de conseil.<br>En effet, une discoth\u00e8que se construit au rez de chaus\u00e9e de l&rsquo;immeuble et votre client vous reproche de ne pas l&rsquo;avoir inform\u00e9 de ce nouvel \u00e9tablissement avant la transaction. Vous auriez d\u00fb v\u00e9rifier l&rsquo;existence de ce projet. Votre client vous assigne en justice et exige des dommages et int\u00e9r\u00eats. Votre assurance RC Pro pourra intervenir.<\/p>\n\n\n\n<p><br><\/p>\n","protected":false},"excerpt":{"rendered":"<p>A Partir de 95\u20ac\/an et c&rsquo;est tout! Souscrivez aupr\u00e8s de MG2L le contrat RC Pro Agent Co Immobilier MG2L Courtier en Assurance Digital et Ind\u00e9pendant a s\u00e9lectionn\u00e9 pour vous une &hellip; <a href=\"https:\/\/www.amg2l.com\/?page_id=2926\" class=\"more-link\">Lire la suite <span class=\"screen-reader-text\">OFFRE RC PRO AGENT CO IMMOBILIER<\/span><\/a><\/p>\n","protected":false},"author":1,"featured_media":0,"parent":0,"menu_order":0,"comment_status":"closed","ping_status":"closed","template":"","meta":{"footnotes":""},"class_list":["post-2926","page","type-page","status-publish","hentry"],"jetpack_sharing_enabled":true,"_links":{"self":[{"href":"https:\/\/www.amg2l.com\/index.php?rest_route=\/wp\/v2\/pages\/2926","targetHints":{"allow":["GET"]}}],"collection":[{"href":"https:\/\/www.amg2l.com\/index.php?rest_route=\/wp\/v2\/pages"}],"about":[{"href":"https:\/\/www.amg2l.com\/index.php?rest_route=\/wp\/v2\/types\/page"}],"author":[{"embeddable":true,"href":"https:\/\/www.amg2l.com\/index.php?rest_route=\/wp\/v2\/users\/1"}],"replies":[{"embeddable":true,"href":"https:\/\/www.amg2l.com\/index.php?rest_route=%2Fwp%2Fv2%2Fcomments&post=2926"}],"version-history":[{"count":0,"href":"https:\/\/www.amg2l.com\/index.php?rest_route=\/wp\/v2\/pages\/2926\/revisions"}],"wp:attachment":[{"href":"https:\/\/www.amg2l.com\/index.php?rest_route=%2Fwp%2Fv2%2Fmedia&parent=2926"}],"curies":[{"name":"wp","href":"https:\/\/api.w.org\/{rel}","templated":true}]}}