{"id":297,"date":"2021-01-13T10:51:12","date_gmt":"2021-01-13T10:51:12","guid":{"rendered":"https:\/\/amg2l.com\/?page_id=297"},"modified":"2025-10-16T21:28:05","modified_gmt":"2025-10-16T21:28:05","slug":"mentions-legales","status":"publish","type":"page","link":"https:\/\/www.amg2l.com\/?page_id=297","title":{"rendered":"Mentions l\u00e9gales du cabinet d&rsquo;assurances sp\u00e9cialis\u00e9es MG2L"},"content":{"rendered":"\n<div class=\"wp-block-group alignfull\"><div class=\"wp-block-group__inner-container is-layout-flow wp-block-group-is-layout-flow\">\n<div class=\"wp-block-group alignfull has-background-background-color has-background\"><div class=\"wp-block-group__inner-container is-layout-flow wp-block-group-is-layout-flow\">\n<div class=\"wp-block-jetpack-layout-grid alignfull column1-desktop-grid__span-12 column1-desktop-grid__row-1 column1-tablet-grid__span-8 column1-tablet-grid__row-1 column1-mobile-grid__span-4 column1-mobile-grid__row-1\">\n<div class=\"wp-block-jetpack-layout-grid-column wp-block-jetpack-layout-grid__padding-none has-background has-dark-gray-background-color is-vertically-aligned-center\"><style>.kb-image297_3ee114-e8 .kb-image-has-overlay:after{opacity:0.3;}<\/style>\n<div class=\"wp-block-kadence-image kb-image297_3ee114-e8\"><figure class=\"aligncenter size-large\"><img data-recalc-dims=\"1\" loading=\"lazy\" decoding=\"async\" width=\"740\" height=\"494\" src=\"https:\/\/i0.wp.com\/amg2l.com\/wp-content\/uploads\/2022\/02\/photo-famille-1024x683.jpeg?resize=740%2C494&#038;ssl=1\" alt=\"\" class=\"kb-img wp-image-3551\" srcset=\"https:\/\/i0.wp.com\/www.amg2l.com\/wp-content\/uploads\/2022\/02\/photo-famille-scaled.jpeg?resize=1024%2C683&amp;ssl=1 1024w, https:\/\/i0.wp.com\/www.amg2l.com\/wp-content\/uploads\/2022\/02\/photo-famille-scaled.jpeg?resize=300%2C200&amp;ssl=1 300w, https:\/\/i0.wp.com\/www.amg2l.com\/wp-content\/uploads\/2022\/02\/photo-famille-scaled.jpeg?resize=768%2C512&amp;ssl=1 768w, https:\/\/i0.wp.com\/www.amg2l.com\/wp-content\/uploads\/2022\/02\/photo-famille-scaled.jpeg?resize=1536%2C1024&amp;ssl=1 1536w, https:\/\/i0.wp.com\/www.amg2l.com\/wp-content\/uploads\/2022\/02\/photo-famille-scaled.jpeg?resize=2048%2C1365&amp;ssl=1 2048w, https:\/\/i0.wp.com\/www.amg2l.com\/wp-content\/uploads\/2022\/02\/photo-famille-scaled.jpeg?resize=2000%2C1333&amp;ssl=1 2000w, https:\/\/i0.wp.com\/www.amg2l.com\/wp-content\/uploads\/2022\/02\/photo-famille-scaled.jpeg?w=1480&amp;ssl=1 1480w, https:\/\/i0.wp.com\/www.amg2l.com\/wp-content\/uploads\/2022\/02\/photo-famille-scaled.jpeg?w=2220&amp;ssl=1 2220w\" sizes=\"auto, (max-width: 740px) 100vw, 740px\" \/><\/figure><\/div>\n<\/div>\n<\/div>\n<\/div><\/div>\n<\/div><\/div>\n\n\n\n<p><strong>Mentions l\u00e9gales mg2l<\/strong><\/p>\n\n\n\n<p>D\u00e9nomination sociale: MG2L<\/p>\n\n\n\n<p>SIREN: 879 914 075- Inscrit au RCS de Montpellier\/ N\u00b0 RCS : 879 914 075\u00a0Pr\u00e9sident : Monsieur LAMOUROUX St\u00e9phane Responsable de la publication: Madame Masson contact@mg2l.fr<\/p>\n\n\n\n<p>Forme Juridique: Soci\u00e9t\u00e9 par actions simplifi\u00e9es (SAS) Adresse du si\u00e8ge: 109c chemin de cantadu 34400 LUNEL\u00a0\u00a0\u00a0\u00a0\u00a0\u00a0\u00a0\u00a0\u00a0\u00a0\u00a0\u00a0\u00a0\u00a0\u00a0\u00a0\u00a0\u00a0\u00a0\u00a0\u00a0<\/p>\n\n\n\n<p>Adresse commerciale: 109c Chemin du Cantadu Impasse du cantadu 34400 LUNEL<\/p>\n\n\n\n<p>Adresse mail: contact@amg2l.com- T\u00e9l\u00e9phone fixe: 09 77 21 81 29- T\u00e9l\u00e9phone portable: 06 58 95 64 69<\/p>\n\n\n\n<p>Immatriculation \u00e0 l\u2019ORIAS dans la cat\u00e9gorie IAS Niveau 1 (courtier) et IOBSP Niveau 1(courtier)(v\u00e9rifiable sur<a href=\"http:\/\/www.orias.fr\/\"> www.orias.fr<\/a>) : 20002620<\/p>\n\n\n\n<p>Adh\u00e9rent <a href=\"https:\/\/www.votrasso.org\/\">votreasso<\/a> et Courtensia<\/p>\n\n\n\n<p><strong>Assurance de responsabilit\u00e9 civile professionnelle:&nbsp;<\/strong><\/p>\n\n\n\n<p>MG2L a souscrit aupr\u00e8s de Liberty Mutual Insurance Europe- Police n\u00b0MRCSBRO202103FR00000000033333A00 un contrat d\u2019assurance qui couvre sa responsabilit\u00e9 Civile Professionnelle conform\u00e9ment aux articles L 512-6, R 512-14 et A 512-4 du Code des assurances, sur le territoire de la Communaut\u00e9 europ\u00e9enne, et celui des autres Etats parties \u00e0 l\u2019accord de l\u2019Espace Economique Europ\u00e9en. Pour un montant de : 2.000.000 \u20ac par <em>sinistre <\/em>et 2.500.000 \u20ac par <em>p\u00e9riode d\u2019assurance p<\/em>our ses op\u00e9rations d\u2019interm\u00e9diation en assurance et 500.000\u20ac par sinistre et 800.000\u20ac par ann\u00e9e d\u2019assurance pour l\u2019intermediation bancaire valable du 01\/12\/2019 \u00e0 ce jour.<\/p>\n\n\n\n<p><strong>Assurance Garantie Financi\u00e8re:<\/strong><\/p>\n\n\n\n<p>MG2L n&rsquo;encaisse pas de fonds pour le compte des clients ni des compagnies.<\/p>\n\n\n\n<p><strong>Liens financiers avec une entreprise d\u2019assurances<\/strong><\/p>\n\n\n\n<p>MG2L n\u2019est pas soumis \u00e0 une obligation contractuelle de travailler exclusivement avec une ou plusieurs entreprises d&rsquo;assurance, ou banque et susceptible de fonder son analyse sur un nombre suffisant de contrats d&rsquo;assurance ou contrats de pr\u00eats offerts sur le march\u00e9 (article L521-2 II 1\u00b0(c) du Code des assurances) art l519 du CMF.<\/p>\n\n\n\n<p>MG2L n\u2019a aucun lien financier avec une quelconque compagnie d\u2019assurance ni aucune banque en particulier.<\/p>\n\n\n\n<p>MG2L travaille avec les entreprises d\u2019assurance suivantes :<\/p>\n\n\n\n<p>MMA- MALJ &#8211; GENERALI &#8211; CFDP- ADDVALUE &#8211; AIG &#8211; +SIMPLE &#8211; APIVIA &#8211; ODEALIM INSOR &#8211; INTERASSURANCES &#8211; AFIESCA &#8211; ASSUREA &#8211; ENTORIA &#8211; APRIL &#8211; NETVOX &#8211; SPVIE &#8211; AMI 3F &#8211; MATRISK ASSURANCES&nbsp;-MATRISK &#8211; REPAM-PREMAVALS<\/p>\n\n\n\n<p><strong>Nos partenaires assurances<\/strong><\/p>\n\n\n\n<p>Tous nos partenaires sont aussi respectables que notre cabinet MG2L, nous les choisissons avec soin en fonction de votre demande<\/p>\n\n\n<div class=\"wp-block-image\">\n<figure class=\"aligncenter size-large\"><img data-recalc-dims=\"1\" loading=\"lazy\" decoding=\"async\" width=\"740\" height=\"416\" src=\"https:\/\/i0.wp.com\/www.amg2l.com\/wp-content\/uploads\/2023\/08\/Sans-titre-48-1.png?resize=740%2C416&#038;ssl=1\" alt=\"\" class=\"wp-image-4015\" srcset=\"https:\/\/i0.wp.com\/www.amg2l.com\/wp-content\/uploads\/2023\/08\/Sans-titre-48-1.png?resize=1024%2C576&amp;ssl=1 1024w, https:\/\/i0.wp.com\/www.amg2l.com\/wp-content\/uploads\/2023\/08\/Sans-titre-48-1.png?resize=300%2C169&amp;ssl=1 300w, https:\/\/i0.wp.com\/www.amg2l.com\/wp-content\/uploads\/2023\/08\/Sans-titre-48-1.png?resize=768%2C432&amp;ssl=1 768w, https:\/\/i0.wp.com\/www.amg2l.com\/wp-content\/uploads\/2023\/08\/Sans-titre-48-1.png?resize=1536%2C864&amp;ssl=1 1536w, https:\/\/i0.wp.com\/www.amg2l.com\/wp-content\/uploads\/2023\/08\/Sans-titre-48-1.png?w=1920&amp;ssl=1 1920w, https:\/\/i0.wp.com\/www.amg2l.com\/wp-content\/uploads\/2023\/08\/Sans-titre-48-1.png?w=1480&amp;ssl=1 1480w\" sizes=\"auto, (max-width: 740px) 100vw, 740px\" \/><\/figure>\n<\/div>\n\n\n<p><strong>Modalit\u00e9s d\u2019interm\u00e9diation:&nbsp;<\/strong><\/p>\n\n\n\n<p>MG2L propose au client une prestation de conseil lui permettant de proposer un contrat coh\u00e9rent avec les besoins et exigences du client. De fa\u00e7on facultative, MG2L est en mesure de proposer au client un service de recommandation personnalis\u00e9e consistant \u00e0 expliquer au client pourquoi, parmi plusieurs contrats ou options, un(e) ou plusieurs contrats ou options correspond(ent) le mieux ses exigences et ses besoins. MG2L dispose d\u2019une organisation appropri\u00e9e pour garantir que les clients ne seront pas induits en erreur quant au niveau de conseil qu\u2019ils re\u00e7oivent, et que MG2L leur donnera le type de conseil qui est adapt\u00e9 \u00e0 leur situation.<\/p>\n\n\n\n<p><strong>Nature de la r\u00e9mun\u00e9ration de MG2L :&nbsp;<\/strong><\/p>\n\n\n\n<p class=\"has-text-align-left\">MG2L est r\u00e9mun\u00e9r\u00e9 sur la base d\u2019une commission. La r\u00e9mun\u00e9ration pay\u00e9e par l\u2019assureur au courtier est incluse dans la prime d\u2019assurance. MG2L facture aussi directement des frais de dossier et frais de courtage suivant les produits demand\u00e9s.<\/p>\n\n\n\n<p class=\"has-text-align-left\">L&rsquo;ensemble des \u00e9l\u00e9ments de notre r\u00e9mun\u00e9ration vous sera remis \u00e0 la signature du Document d&rsquo;Entr\u00e9e en Relation(DER), dans lequel vous trouverez toutes les informations l\u00e9gales nous concernant et concernant nos proc\u00e9dures.<\/p>\n\n\n\n<p class=\"has-text-align-left\"><strong>Protection des donn\u00e9es personnelles (RGPD):<\/strong><\/p>\n\n\n\n<p class=\"has-text-align-left\">Conform\u00e9ment au R\u00e8glement G\u00e9n\u00e9ral sur la Protection des Donn\u00e9es, les informations recueillies font l\u2019objet d\u2019un traitement destin\u00e9 \u00e0 nos partenaires pour la recherche d\u2019assurances correspondant \u00e0 vos besoins. La dur\u00e9e de conservation des donn\u00e9es est de 5 ans. Vous b\u00e9n\u00e9ficiez d\u2019un droit d\u2019acc\u00e8s, de rectification, de portabilit\u00e9, d\u2019effacement de celles-ci ou une limitation du traitement. Vous pouvez vous opposer au traitement des donn\u00e9es vous concernant et disposez du droit de retirer votre consentement \u00e0 tout moment.&nbsp;Nous disposons d&rsquo;une proc\u00e9dure compl\u00e8te de cybers\u00e9curit\u00e9 vous garantissant au mieux la confidentialit\u00e9 des donn\u00e9es que vous nous confiez, ainsi que de celles que nous transmettons \u00e0 nos partenaires. L&rsquo;int\u00e9gralit\u00e9 de notre proc\u00e9dure est disponible au cabinet sur simple demande.<\/p>\n\n\n\n<p><strong>Gestion des r\u00e9clamations<\/strong><\/p>\n\n\n\n<ul class=\"wp-block-list\">\n<li>La SAS MG2L est responsable du traitement des r\u00e9clamations clients qui arrivent directement \u00e0 son cabinet. Cette proc\u00e9dure d\u00e9crit les r\u00e8gles de traitement des r\u00e9clamation dans le respect de L&rsquo;ACPR (2011-R-05 du 15 D\u00e9cembre 2011 \u00e0 2024 R02 du 2\/07\/2024)<br>\u00a0<\/li>\n\n\n\n<li>Le processus est le suivant:<br>&#8211; D\u00e8s r\u00e9ception d&rsquo;une r\u00e9clamation faite par un client, il convient de lui r\u00e9pondre au plus t\u00f4t par e-mail que nous prenons en compte sa demande et que nous lui apporterons une r\u00e9ponse dans les plus brefs d\u00e9lais, obligatoirement un d\u00e9lais inf\u00e9rieur \u00e0 10 jours.<br>&#8211;&nbsp;Les r\u00e9clamations doivent \u00eatre enregistr\u00e9es dans le document informatique interne \u00e0 MG2L (registre des r\u00e9clamations) permettant le suivi et la qualification \u00e0 des fins d&rsquo;analyses : TRAITEMENT DES RECLAMATIONS \/ SUIVI RECLAMATION.XLS<br>&#8211; Niveau d&rsquo;intervention 1 : Le dossier est examin\u00e9 dans un premier temps par la personne en charge du dossier au sein de la SAS MG2L<\/li>\n\n\n\n<li>Niveau d&rsquo;intervention 2 : En cas d&rsquo;impossibilit\u00e9 de convenir d&rsquo;un accord avec le client, le dossier est repris par le Responsable du Cabinet, Monsieur Stephane Lamouroux qui prendra contact avec le client directement, afin de lui indiquer les modalit\u00e9s de mise en place d&rsquo;une m\u00e9diation.<br>&#8211; Niveau d&rsquo;intervention 3 : En cas d&rsquo;impossibilit\u00e9 pour le Directeur de trouver une solution, le dossier est g\u00e9r\u00e9 par la compagnie d&rsquo;assurance concern\u00e9e.<br>&#8211; Niveau d&rsquo;intervention 4 : La compagnie pourra \u00e9ventuellement faire appel \u00e0 un m\u00e9diateur :<br>Les coordonn\u00e9es du m\u00e9diateur de l&rsquo;Assurance :<br><a href=\"http:\/\/www.mediation-assurance.org\/\">www.mediation-assurance.org<\/a><br>La M\u00e9diation de l\u2019Assurance &#8211; TSA 50110 &#8211; 75441 Paris cedex<\/li>\n\n\n\n<li>Notre m\u00e9diateur \u00e0 la consommation obligatoire depuis 2016 est <a href=\"https:\/\/www.cm2c.net\/\">CM2C<\/a> ou <a href=\"https:\/\/www.ieam.eu\/sos-mediation\">IEAM<\/a> pour la partie bancaire<br>\u00a0<\/li>\n\n\n\n<li>Pour chaque r\u00e9clamation, il convient de mener une analyse pour identifier les \u00e9ventuels dysfonctionnements afin de mettre en \u0153uvre des actions permettant d&rsquo;\u00e9viter de nouvelles r\u00e9clamations sur le sujet. Nous sommes ouverts \u00e0 toutes propositions !<\/li>\n<\/ul>\n\n\n\n<p><a href=\"https:\/\/forms.gle\/aiYZ5RP8SDJvtnLNA\">Exprimez votre r\u00e9clamation<\/a><br>Mise \u00e0 jour juin 2025<\/p>\n","protected":false},"excerpt":{"rendered":"<p>Mentions l\u00e9gales mg2l D\u00e9nomination sociale: MG2L SIREN: 879 914 075- Inscrit au RCS de Montpellier\/ N\u00b0 RCS : 879 914 075\u00a0Pr\u00e9sident : Monsieur LAMOUROUX St\u00e9phane Responsable de la publication: Madame &hellip; <a href=\"https:\/\/www.amg2l.com\/?page_id=297\" class=\"more-link\">Lire la suite <span class=\"screen-reader-text\">Mentions l\u00e9gales du cabinet d&rsquo;assurances sp\u00e9cialis\u00e9es MG2L<\/span><\/a><\/p>\n","protected":false},"author":1,"featured_media":0,"parent":0,"menu_order":0,"comment_status":"closed","ping_status":"closed","template":"","meta":{"footnotes":""},"class_list":["post-297","page","type-page","status-publish","hentry"],"jetpack_sharing_enabled":true,"_links":{"self":[{"href":"https:\/\/www.amg2l.com\/index.php?rest_route=\/wp\/v2\/pages\/297","targetHints":{"allow":["GET"]}}],"collection":[{"href":"https:\/\/www.amg2l.com\/index.php?rest_route=\/wp\/v2\/pages"}],"about":[{"href":"https:\/\/www.amg2l.com\/index.php?rest_route=\/wp\/v2\/types\/page"}],"author":[{"embeddable":true,"href":"https:\/\/www.amg2l.com\/index.php?rest_route=\/wp\/v2\/users\/1"}],"replies":[{"embeddable":true,"href":"https:\/\/www.amg2l.com\/index.php?rest_route=%2Fwp%2Fv2%2Fcomments&post=297"}],"version-history":[{"count":12,"href":"https:\/\/www.amg2l.com\/index.php?rest_route=\/wp\/v2\/pages\/297\/revisions"}],"predecessor-version":[{"id":4030,"href":"https:\/\/www.amg2l.com\/index.php?rest_route=\/wp\/v2\/pages\/297\/revisions\/4030"}],"wp:attachment":[{"href":"https:\/\/www.amg2l.com\/index.php?rest_route=%2Fwp%2Fv2%2Fmedia&parent=297"}],"curies":[{"name":"wp","href":"https:\/\/api.w.org\/{rel}","templated":true}]}}