{"id":2974,"date":"2021-04-25T15:55:53","date_gmt":"2021-04-25T13:55:53","guid":{"rendered":"https:\/\/amg2l.com\/?page_id=2974"},"modified":"2021-04-25T15:55:53","modified_gmt":"2021-04-25T13:55:53","slug":"offre-rc-pro-mandataire","status":"publish","type":"page","link":"https:\/\/www.amg2l.com\/?page_id=2974","title":{"rendered":"OFFRE RC PRO Mandataire"},"content":{"rendered":"\n<h1 class=\"has-text-align-center wp-block-heading\">PROFESSIONS R\u00c8GLEMENT\u00c9ES<\/h1>\n\n\n\n<div style=\"height:64px\" aria-hidden=\"true\" class=\"wp-block-spacer\"><\/div>\n\n\n\n<h2 class=\"has-text-align-center has-text-color wp-block-heading\" style=\"color:#35a818\">A Partir de 250\u20ac\/an<\/h2>\n\n\n\n<div class=\"wp-block-image\"><figure class=\"aligncenter size-large is-resized\"><img data-recalc-dims=\"1\" decoding=\"async\" src=\"https:\/\/i0.wp.com\/amg2l.com\/wp-content\/uploads\/2021\/04\/espace-particulier.png?w=740&#038;ssl=1\" alt=\"\" class=\"wp-image-2928\"  \/><\/figure><\/div>\n\n\n\n<h4 class=\"has-text-align-center has-red-color has-text-color wp-block-heading\"><strong>Souscrivez aupr\u00e8s de MG2L le contrat RC Pro <\/strong>Mandataire<\/h4>\n\n\n\n<p class=\"has-text-align-justify has-text-color has-small-font-size\" style=\"color:#0f4a79\">Un d\u00e9faut de conseil, une perte de donn\u00e9es, la chute d\u2019un client dans vos escaliers&#8230;Ce sont autant d\u2019exemples que de situations qui peuvent arriver. Ces situations peuvent g\u00e9n\u00e9rer chez celui ou celle qui en subit les dommages une perte de revenus, une arr\u00eat de travail, la casse de mat\u00e9riel.<\/p>\n\n\n\n<p class=\"has-text-align-justify has-text-color has-small-font-size\" style=\"color:#0f4a79\">La souscription \u00e0 l&rsquo;assurance RC Professionnelle \u00ab\u00a0Mandataire\u00a0\u00bb vous permet d&rsquo;\u00eatre couvert suite \u00e0 une vari\u00e9t\u00e9s de facteurs \u00e0 savoir :<\/p>\n\n\n\n<p class=\"has-text-align-justify has-text-color has-small-font-size\" style=\"color:#0f4a79\">\u26a0\ufe0f une erreur  professionnelle, une omission ou une inexactitude que vous auriez commis. <\/p>\n\n\n\n<p class=\"has-text-color has-small-font-size\" style=\"color:#0f4a79\"><meta charset=\"utf-8\">\u26a0\ufe0f un manquement \u00e0 vos obligations l\u00e9gales, r\u00e9glementaires ou contractuelles<\/p>\n\n\n\n<p class=\"has-text-color has-small-font-size\" style=\"color:#0f4a79\"><meta charset=\"utf-8\">\u26a0\ufe0fun manquement \u00e0 vos obligations de conseil et d\u2019information <\/p>\n\n\n\n<p class=\"has-text-color has-small-font-size\" style=\"color:#0f4a79\"><meta charset=\"utf-8\">\u26a0\ufe0f le non -respect des r\u00e8gles et usages de la profession<\/p>\n\n\n\n<p class=\"has-text-align-justify has-text-color has-small-font-size\" style=\"color:#0f4a79\">MG2L Courtier en Assurance Digital et Ind\u00e9pendant a s\u00e9lectionn\u00e9 pour vous une offre exclusive pour votre activit\u00e9 en tant que :<\/p>\n\n\n\n<p class=\"has-text-color has-small-font-size\" style=\"color:#0f4a79\">\ud83d\udc49 Mandataire d&rsquo;Interm\u00e9diaire d&rsquo;Assurance &#8211; Mandataire d&rsquo;IAS (MIA)<\/p>\n\n\n\n<p class=\"has-text-color has-small-font-size\" style=\"color:#0f4a79\"><meta charset=\"utf-8\">\ud83d\udc49 Mandataire de Courtier en Banque  &#8211; Mandataire d&rsquo;IOBSP (MIOBSP)<\/p>\n\n\n\n<p class=\"has-text-color has-small-font-size\" style=\"color:#0f4a79\"><meta charset=\"utf-8\">\ud83d\udc49 Mandataire de Conseiller en Investissement Financier<\/p>\n\n\n\n<p class=\"has-text-color has-small-font-size\" style=\"color:#0f4a79\"><\/p>\n\n\n\n<p class=\"has-text-align-justify has-text-color has-small-font-size\" style=\"color:#0f4a79\"> <meta charset=\"utf-8\">\u2705 Votre chiffre d&rsquo;affaires est inf\u00e9rieur \u00e0 100 000\u20ac <\/p>\n\n\n\n<p class=\"has-text-align-justify has-text-color has-small-font-size\" style=\"color:#0f4a79\"><br><meta charset=\"utf-8\">\u2705 Vous b\u00e9n\u00e9ficiez d&rsquo;une offre o\u00f9 vous \u00eates couvert en responsabilit\u00e9 civile professionnelle, en responsabilit\u00e9 civile exploitation.  <\/p>\n\n\n\n<p class=\"has-text-color has-small-font-size\" style=\"color:#0f4a79\"><meta charset=\"utf-8\">\u2705 Des montants de franchise plafonn\u00e9s en cas de d\u00e9claration de sinistre <\/p>\n\n\n\n<p class=\"has-text-color has-small-font-size\" style=\"color:#0f4a79\"><\/p>\n\n\n\n<p class=\"has-text-align-justify has-text-color has-small-font-size\" style=\"color:#0f4a79\"><meta charset=\"utf-8\">\u2705 La garantie Protection Juridique est incluse dans l&rsquo;offre. Les frais de proc\u00e9dure en cas de litige sont pris en charge par l&rsquo;assureur sur les principaux th\u00e8mes de la vie professionnelle au del\u00e0 de votre simple activit\u00e9 ( administration, locaux, prud&rsquo;hommes, redressement fiscal&#8230;)<\/p>\n\n\n\n<p class=\"has-text-color has-small-font-size\" style=\"color:#0f4a79\">\u2705 La garantie financi\u00e8re en option<\/p>\n\n\n\n<p class=\"has-text-color has-small-font-size\" style=\"color:#0f4a79\"><meta charset=\"utf-8\">\u2705 Souscription RC Pro Offre Multi-activit\u00e9s   IOBSP + IAS  + CIF possible sur demande<\/p>\n\n\n\n<div class=\"wp-block-buttons is-layout-flex wp-block-buttons-is-layout-flex\">\n<div class=\"wp-block-button has-custom-width wp-block-button__width-25\"><a class=\"wp-block-button__link has-background\" href=\"https:\/\/amg2l.com\/\" style=\"background-color:#0f4a79\">RETOUR<\/a><\/div>\n\n\n\n<div class=\"wp-block-button has-custom-width wp-block-button__width-50\"><a class=\"wp-block-button__link has-background\" href=\"https:\/\/docs.google.com\/forms\/d\/e\/1FAIpQLSf9uDZghbygindtaZBHhHKhstdI8st64u8by65OGqezWR539w\/viewform\" style=\"background-color:#820002\" target=\"_blank\" rel=\"noreferrer noopener\">CONTACTEZ- NOUS<\/a><\/div>\n<\/div>\n\n\n\n<p><br><\/p>\n","protected":false},"excerpt":{"rendered":"<p>PROFESSIONS R\u00c8GLEMENT\u00c9ES A Partir de 250\u20ac\/an Souscrivez aupr\u00e8s de MG2L le contrat RC Pro Mandataire Un d\u00e9faut de conseil, une perte de donn\u00e9es, la chute d\u2019un client dans vos escaliers&#8230;Ce &hellip; <a href=\"https:\/\/www.amg2l.com\/?page_id=2974\" class=\"more-link\">Lire la suite <span class=\"screen-reader-text\">OFFRE RC PRO Mandataire<\/span><\/a><\/p>\n","protected":false},"author":1,"featured_media":0,"parent":0,"menu_order":0,"comment_status":"closed","ping_status":"closed","template":"","meta":{"footnotes":""},"class_list":["post-2974","page","type-page","status-publish","hentry"],"jetpack_sharing_enabled":true,"_links":{"self":[{"href":"https:\/\/www.amg2l.com\/index.php?rest_route=\/wp\/v2\/pages\/2974","targetHints":{"allow":["GET"]}}],"collection":[{"href":"https:\/\/www.amg2l.com\/index.php?rest_route=\/wp\/v2\/pages"}],"about":[{"href":"https:\/\/www.amg2l.com\/index.php?rest_route=\/wp\/v2\/types\/page"}],"author":[{"embeddable":true,"href":"https:\/\/www.amg2l.com\/index.php?rest_route=\/wp\/v2\/users\/1"}],"replies":[{"embeddable":true,"href":"https:\/\/www.amg2l.com\/index.php?rest_route=%2Fwp%2Fv2%2Fcomments&post=2974"}],"version-history":[{"count":0,"href":"https:\/\/www.amg2l.com\/index.php?rest_route=\/wp\/v2\/pages\/2974\/revisions"}],"wp:attachment":[{"href":"https:\/\/www.amg2l.com\/index.php?rest_route=%2Fwp%2Fv2%2Fmedia&parent=2974"}],"curies":[{"name":"wp","href":"https:\/\/api.w.org\/{rel}","templated":true}]}}