{"id":3043,"date":"2021-04-28T09:19:05","date_gmt":"2021-04-28T07:19:05","guid":{"rendered":"https:\/\/amg2l.com\/?page_id=3043"},"modified":"2022-02-08T18:51:23","modified_gmt":"2022-02-08T18:51:23","slug":"offre-rc-pro-courtier-en-banque","status":"publish","type":"page","link":"https:\/\/www.amg2l.com\/?page_id=3043","title":{"rendered":"OFFRE RC PRO                        COURTIER EN BANQUE"},"content":{"rendered":"\n<h1 class=\"has-text-align-center wp-block-heading\" id=\"professions-reglementees\">PROFESSIONS R\u00c8GLEMENT\u00c9ES<\/h1>\n\n\n\n<h2 class=\"has-text-align-center has-text-color wp-block-heading\" id=\"a-partir-de-450-15-an\" style=\"color:#16ca30\">A Partir de 450,15\u20ac\/an* <\/h2>\n\n\n\n<p class=\"has-text-align-center has-text-color\" style=\"color:#0f4a79\">Nous recherchons pour vous l&rsquo;offre adapt\u00e9e \u00e0 vos besoin. A partir de 450\u20ac\/an!<\/p>\n\n\n\n<figure class=\"wp-block-gallery aligncenter has-nested-images columns-default is-cropped wp-block-gallery-2 is-layout-flex wp-block-gallery-is-layout-flex\">\n<figure class=\"wp-block-image size-large\"><img data-recalc-dims=\"1\" loading=\"lazy\" decoding=\"async\" width=\"740\" height=\"496\" data-id=\"3569\" src=\"https:\/\/i0.wp.com\/amg2l.com\/wp-content\/uploads\/2022\/02\/RC-PRO-IOBSP.png?resize=740%2C496&#038;ssl=1\" alt=\"RC PRO IOBSP MG2L\" class=\"wp-image-3569\" srcset=\"https:\/\/i0.wp.com\/www.amg2l.com\/wp-content\/uploads\/2022\/02\/RC-PRO-IOBSP.png?w=788&amp;ssl=1 788w, https:\/\/i0.wp.com\/www.amg2l.com\/wp-content\/uploads\/2022\/02\/RC-PRO-IOBSP.png?resize=300%2C201&amp;ssl=1 300w, https:\/\/i0.wp.com\/www.amg2l.com\/wp-content\/uploads\/2022\/02\/RC-PRO-IOBSP.png?resize=768%2C515&amp;ssl=1 768w\" sizes=\"auto, (max-width: 740px) 100vw, 740px\" \/><figcaption>RC PRO IOBSP<\/figcaption><\/figure>\n<\/figure>\n\n\n\n<p class=\"has-text-align-center has-red-color has-text-color\" style=\"font-size:10px\"><strong>Prix correspondant \u00e0 la d\u00e9claration d&rsquo;un chiffre d&rsquo;affaires inf\u00e9rieur \u00e0 100 000\u20ac\/an<\/strong><\/p>\n\n\n\n<h2 class=\"has-text-align-center has-red-color has-text-color wp-block-heading\" id=\"souscrivez-aupres-de-mg2l-le-contrat-rc-pro-courtier\"><strong>Souscrivez aupr\u00e8s de MG2L le contrat RC Pro <\/strong>COURTIER <\/h2>\n\n\n\n<p class=\"has-text-align-justify has-text-color has-small-font-size\" style=\"color:#0f4a79\">Un d\u00e9faut de conseil, une perte de donn\u00e9es, la chute d\u2019un client dans vos escaliers&#8230;Ce sont autant d\u2019exemples que de situations qui peuvent arriver. Ces situations peuvent g\u00e9n\u00e9rer chez celui ou celle qui en subit les dommages une perte de revenus, une arr\u00eat de travail, la casse de mat\u00e9riel.<\/p>\n\n\n\n<p class=\"has-text-align-justify has-text-color has-small-font-size\" style=\"color:#0f4a79\">La souscription \u00e0 l&rsquo;assurance RC Professionnelle \u00ab\u00a0COURTIER en Op\u00e9rations de Banque et Services de Paiement\u00a0\u00bb vous permet d&rsquo;\u00eatre couvert suite \u00e0 une vari\u00e9t\u00e9s de facteurs \u00e0 savoir :<\/p>\n\n\n\n<p class=\"has-text-align-justify has-text-color has-small-font-size\" style=\"color:#0f4a79\">\u26a0\ufe0f une erreur  professionnelle, une omission ou une inexactitude que vous auriez commis. <\/p>\n\n\n\n<p class=\"has-text-color has-small-font-size\" style=\"color:#0f4a79\"><meta charset=\"utf-8\">\u26a0\ufe0f un manquement \u00e0 vos obligations l\u00e9gales, r\u00e9glementaires ou contractuelles<\/p>\n\n\n\n<p class=\"has-text-color has-small-font-size\" style=\"color:#0f4a79\"><meta charset=\"utf-8\">\u26a0\ufe0fun manquement \u00e0 vos obligations de conseil et d\u2019information <\/p>\n\n\n\n<p><\/p>\n\n\n\n<p class=\"has-text-color has-small-font-size\" style=\"color:#0f4a79\"><meta charset=\"utf-8\">\u26a0\ufe0f le non -respect des r\u00e8gles et usages de la profession<\/p>\n\n\n\n<p class=\"has-text-align-justify has-text-color has-small-font-size\" style=\"color:#0f4a79\">MG2L Courtier Digital &amp; Ind\u00e9pendant en Assurance a s\u00e9lectionn\u00e9 votre activit\u00e9 de Courtier COBSP des produits adapt\u00e9es \u00e0 votre besoin et votre budget.<\/p>\n\n\n\n<h2 class=\"has-text-color wp-block-heading\" id=\"formule-economique-pour-les-petits-budgets\" style=\"color:#820002\">FORMULE ECONOMIQUE &#8211; Pour les petits budgets<\/h2>\n\n\n\n<p class=\"has-text-color has-small-font-size\" style=\"color:#0f4a79\">Si votre Chiffre d&rsquo;affaires est inf\u00e9rieur \u00e0 150 000\u20ac<\/p>\n\n\n\n<h4 class=\"has-text-align-center has-text-color wp-block-heading\" id=\"a-partir-de-450-15-an\" style=\"color:#16ca30\">A partir de 450,15\u20ac\/an<\/h4>\n\n\n\n<p class=\"has-text-color has-small-font-size\" style=\"color:#0f4a79\">\u2705 Vous \u00eates couvert en Responsabilit\u00e9 Civile Professionnelle \u00e0 hauteur de l&rsquo;obligation r\u00e8glementaire \u00e0 savoir:<\/p>\n\n\n\n<p class=\"has-text-color\" style=\"color:#0f4a79\"><strong>500.000 \u20ac par sinistre <\/strong>et <strong>800.000 \u20ac par ann\u00e9e d&rsquo;assurance<\/strong><\/p>\n\n\n\n<p class=\"has-text-color\" style=\"color:#0f4a79\"><strong>En option: RC Exploitation<\/strong> &#8211; <strong>Protection Juridique<\/strong><\/p>\n\n\n\n<h2 class=\"has-text-color wp-block-heading\" id=\"formule-confort-avec-garantie-etendues\" style=\"color:#820002\"><meta charset=\"utf-8\">FORMULE CONFORT &#8211; Avec Garantie \u00c9tendues<\/h2>\n\n\n\n<p class=\"has-text-color\" style=\"color:#0f4a79;font-size:15px\"><strong>A PARTIR DE 505\u20ac<\/strong> <\/p>\n\n\n\n<p class=\"has-text-color has-small-font-size\" style=\"color:#0f4a79\"><meta charset=\"utf-8\">\u2705 Des montants de franchise plafonn\u00e9s en cas de d\u00e9claration de sinistre <\/p>\n\n\n\n<p class=\"has-text-color has-small-font-size\" style=\"color:#0f4a79\"><\/p>\n\n\n\n<p class=\"has-text-align-justify has-text-color has-small-font-size\" style=\"color:#0f4a79\"><meta charset=\"utf-8\">\u2705 La garantie Protection Juridique est incluse dans l&rsquo;offre. Les frais de proc\u00e9dure en cas de litige sont pris en charge par l&rsquo;assureur sur les principaux th\u00e8mes de la vie professionnelle au del\u00e0 de votre simple activit\u00e9 ( administration, locaux, prud&rsquo;hommes, redressement fiscal&#8230;)<\/p>\n\n\n\n<p class=\"has-text-color has-small-font-size\" style=\"color:#0f4a79\">\u2705 La garantie financi\u00e8re en option<\/p>\n\n\n\n<p class=\"has-text-color has-small-font-size\" style=\"color:#0f4a79\"><meta charset=\"utf-8\">\u2705 Souscription RC Pro Offre Multi-activit\u00e9s   IOBSP + IAS  + CIF possible sur demande<\/p>\n\n\n\n<div class=\"wp-block-buttons is-layout-flex wp-block-buttons-is-layout-flex\">\n<div class=\"wp-block-button has-custom-width wp-block-button__width-25\"><a class=\"wp-block-button__link has-background\" href=\"https:\/\/amg2l.com\/\" style=\"background-color:#0f4a79\">RETOUR<\/a><\/div>\n\n\n\n<div class=\"wp-block-button has-custom-width wp-block-button__width-50\"><a class=\"wp-block-button__link has-background\" href=\"https:\/\/docs.google.com\/forms\/d\/e\/1FAIpQLSf9uDZghbygindtaZBHhHKhstdI8st64u8by65OGqezWR539w\/viewform\" style=\"background-color:#820002\" target=\"_blank\" rel=\"noreferrer noopener\">CONTACTEZ- NOUS<\/a><\/div>\n<\/div>\n","protected":false},"excerpt":{"rendered":"<p>PROFESSIONS R\u00c8GLEMENT\u00c9ES A Partir de 450,15\u20ac\/an* Nous recherchons pour vous l&rsquo;offre adapt\u00e9e \u00e0 vos besoin. A partir de 450\u20ac\/an! Prix correspondant \u00e0 la d\u00e9claration d&rsquo;un chiffre d&rsquo;affaires inf\u00e9rieur \u00e0 100 &hellip; <a href=\"https:\/\/www.amg2l.com\/?page_id=3043\" class=\"more-link\">Lire la suite <span class=\"screen-reader-text\">OFFRE RC PRO                        COURTIER EN BANQUE<\/span><\/a><\/p>\n","protected":false},"author":1,"featured_media":0,"parent":0,"menu_order":0,"comment_status":"closed","ping_status":"closed","template":"","meta":{"footnotes":""},"class_list":["post-3043","page","type-page","status-publish","hentry"],"jetpack_sharing_enabled":true,"_links":{"self":[{"href":"https:\/\/www.amg2l.com\/index.php?rest_route=\/wp\/v2\/pages\/3043","targetHints":{"allow":["GET"]}}],"collection":[{"href":"https:\/\/www.amg2l.com\/index.php?rest_route=\/wp\/v2\/pages"}],"about":[{"href":"https:\/\/www.amg2l.com\/index.php?rest_route=\/wp\/v2\/types\/page"}],"author":[{"embeddable":true,"href":"https:\/\/www.amg2l.com\/index.php?rest_route=\/wp\/v2\/users\/1"}],"replies":[{"embeddable":true,"href":"https:\/\/www.amg2l.com\/index.php?rest_route=%2Fwp%2Fv2%2Fcomments&post=3043"}],"version-history":[{"count":7,"href":"https:\/\/www.amg2l.com\/index.php?rest_route=\/wp\/v2\/pages\/3043\/revisions"}],"predecessor-version":[{"id":3674,"href":"https:\/\/www.amg2l.com\/index.php?rest_route=\/wp\/v2\/pages\/3043\/revisions\/3674"}],"wp:attachment":[{"href":"https:\/\/www.amg2l.com\/index.php?rest_route=%2Fwp%2Fv2%2Fmedia&parent=3043"}],"curies":[{"name":"wp","href":"https:\/\/api.w.org\/{rel}","templated":true}]}}