{"id":321,"date":"2021-01-13T11:35:50","date_gmt":"2021-01-13T10:35:50","guid":{"rendered":"https:\/\/amg2l.com\/?page_id=321"},"modified":"2022-02-14T11:32:16","modified_gmt":"2022-02-14T11:32:16","slug":"responsabilite-civile-professionnelle","status":"publish","type":"page","link":"https:\/\/www.amg2l.com\/?page_id=321","title":{"rendered":"Responsabilit\u00e9 Civile Professionnelle"},"content":{"rendered":"\n<div class=\"wp-block-image is-style-default\"><figure class=\"aligncenter size-full is-resized\"><img data-recalc-dims=\"1\" loading=\"lazy\" decoding=\"async\" src=\"https:\/\/i0.wp.com\/amg2l.com\/wp-content\/uploads\/2022\/02\/RC-AGENT-IMMO.png?resize=496%2C340&#038;ssl=1\" alt=\"\" class=\"wp-image-3563\" width=\"496\" height=\"340\" srcset=\"https:\/\/i0.wp.com\/www.amg2l.com\/wp-content\/uploads\/2022\/02\/RC-AGENT-IMMO.png?w=770&amp;ssl=1 770w, https:\/\/i0.wp.com\/www.amg2l.com\/wp-content\/uploads\/2022\/02\/RC-AGENT-IMMO.png?resize=300%2C206&amp;ssl=1 300w, https:\/\/i0.wp.com\/www.amg2l.com\/wp-content\/uploads\/2022\/02\/RC-AGENT-IMMO.png?resize=768%2C527&amp;ssl=1 768w\" sizes=\"auto, (max-width: 496px) 100vw, 496px\" \/><\/figure><\/div>\n\n\n\n<p class=\"has-text-align-justify has-text-color has-medium-font-size\" style=\"color:#0f4a79\">L&rsquo;assurance Responsabilit\u00e9 Civile Professionnelle chez MG2L permet d\u2019\u00e9viter de payer soi-m\u00eame les frais de proc\u00e9dure ainsi que les indemnit\u00e9s demand\u00e9es par une personne ou soci\u00e9t\u00e9 suite \u00e0 un dommage que vous aurez provoqu\u00e9. Votre mise en cause c\u2019est \u00e0 dire votre responsabilit\u00e9 peut \u00eatre engag\u00e9e suite \u00e0 une mauvaise ex\u00e9cution de la prestation ou absence d\u2019ex\u00e9cution:&nbsp; un d\u00e9faut de conseil, un contrat non r\u00e9alis\u00e9, un dommage mat\u00e9riel ou m\u00eame corporel. MG2L vous accompagne dans les choix fondamentaux des garanties pour votre structure.<\/p>\n\n\n\n<div class=\"wp-block-group\"><div class=\"wp-block-group__inner-container is-layout-flow wp-block-group-is-layout-flow\">\n<h2 class=\"wp-block-heading\" id=\"acces-rapide\">ACC\u00c8S RAPIDE<\/h2>\n<\/div><\/div>\n\n\n\n<div class=\"wp-block-group\"><div class=\"wp-block-group__inner-container is-layout-flow wp-block-group-is-layout-flow\">\n<div class=\"wp-block-columns is-layout-flex wp-container-core-columns-is-layout-9d6595d7 wp-block-columns-is-layout-flex\">\n<div class=\"wp-block-column is-layout-flow wp-block-column-is-layout-flow\" style=\"flex-basis:100%\">\n<figure class=\"wp-block-gallery has-nested-images columns-default is-cropped wp-block-gallery-2 is-layout-flex wp-block-gallery-is-layout-flex\">\n<figure class=\"wp-block-image size-full is-style-rounded\"><a href=\"https:\/\/amg2l.com\/?page_id=2774\"><img data-recalc-dims=\"1\" loading=\"lazy\" decoding=\"async\" width=\"644\" height=\"428\" data-id=\"3718\" src=\"https:\/\/i0.wp.com\/amg2l.com\/wp-content\/uploads\/2022\/02\/AGENT-IMMO-1.png?resize=644%2C428&#038;ssl=1\" alt=\"\" class=\"wp-image-3718\" srcset=\"https:\/\/i0.wp.com\/www.amg2l.com\/wp-content\/uploads\/2022\/02\/AGENT-IMMO-1.png?w=644&amp;ssl=1 644w, https:\/\/i0.wp.com\/www.amg2l.com\/wp-content\/uploads\/2022\/02\/AGENT-IMMO-1.png?resize=300%2C199&amp;ssl=1 300w\" sizes=\"auto, (max-width: 644px) 100vw, 644px\" \/><\/a><figcaption>COURTIER OU MANDATAIRE IAS<\/figcaption><\/figure>\n<\/figure>\n<\/div>\n\n\n\n<div class=\"wp-block-column is-layout-flow wp-block-column-is-layout-flow\" style=\"flex-basis:100%\">\n<figure class=\"wp-block-gallery has-nested-images columns-default is-cropped wp-block-gallery-3 is-layout-flex wp-block-gallery-is-layout-flex\">\n<figure class=\"wp-block-image size-full is-style-rounded\"><a href=\"https:\/\/amg2l.com\/?page_id=2696\"><img data-recalc-dims=\"1\" loading=\"lazy\" decoding=\"async\" width=\"740\" height=\"496\" data-id=\"3569\" src=\"https:\/\/i0.wp.com\/amg2l.com\/wp-content\/uploads\/2022\/02\/RC-PRO-IOBSP.png?resize=740%2C496&#038;ssl=1\" alt=\"RC PRO IOBSP MG2L\" class=\"wp-image-3569\" srcset=\"https:\/\/i0.wp.com\/www.amg2l.com\/wp-content\/uploads\/2022\/02\/RC-PRO-IOBSP.png?w=788&amp;ssl=1 788w, https:\/\/i0.wp.com\/www.amg2l.com\/wp-content\/uploads\/2022\/02\/RC-PRO-IOBSP.png?resize=300%2C201&amp;ssl=1 300w, https:\/\/i0.wp.com\/www.amg2l.com\/wp-content\/uploads\/2022\/02\/RC-PRO-IOBSP.png?resize=768%2C515&amp;ssl=1 768w\" sizes=\"auto, (max-width: 740px) 100vw, 740px\" \/><\/a><figcaption>RC PRO IOBSP<\/figcaption><\/figure>\n<\/figure>\n<\/div>\n\n\n\n<div class=\"wp-block-column is-layout-flow wp-block-column-is-layout-flow\" style=\"flex-basis:100%\">\n<figure class=\"wp-block-gallery has-nested-images columns-default is-cropped wp-block-gallery-4 is-layout-flex wp-block-gallery-is-layout-flex\">\n<figure class=\"wp-block-image size-full is-style-rounded\"><a href=\"https:\/\/amg2l.com\/?page_id=2806\"><img data-recalc-dims=\"1\" loading=\"lazy\" decoding=\"async\" width=\"740\" height=\"513\" data-id=\"3567\" src=\"https:\/\/i0.wp.com\/amg2l.com\/wp-content\/uploads\/2022\/02\/RC-PRO-IAS-FEMME.png?resize=740%2C513&#038;ssl=1\" alt=\"\" class=\"wp-image-3567\" srcset=\"https:\/\/i0.wp.com\/www.amg2l.com\/wp-content\/uploads\/2022\/02\/RC-PRO-IAS-FEMME.png?w=822&amp;ssl=1 822w, https:\/\/i0.wp.com\/www.amg2l.com\/wp-content\/uploads\/2022\/02\/RC-PRO-IAS-FEMME.png?resize=300%2C208&amp;ssl=1 300w, https:\/\/i0.wp.com\/www.amg2l.com\/wp-content\/uploads\/2022\/02\/RC-PRO-IAS-FEMME.png?resize=768%2C533&amp;ssl=1 768w\" sizes=\"auto, (max-width: 740px) 100vw, 740px\" \/><\/a><figcaption>AGENT OU MANDATAIRE IMMO<\/figcaption><\/figure>\n<\/figure>\n<\/div>\n<\/div>\n<\/div><\/div>\n\n\n\n<h2 class=\"has-text-align-center has-text-color wp-block-heading\" id=\"les-fondamentaux-de-la-rc-pro\" style=\"color:#820002\">LES FONDAMENTAUX DE LA RC PRO <\/h2>\n\n\n\n<p class=\"has-text-color has-medium-font-size\" style=\"color:#0f4a79\">Durant votre vie professionnelle, vous ou un membre de votre \u00e9quipe peut \u00eatre responsable d\u2019un dommage g\u00e9n\u00e9rant chez votre client, fournisseur ou tout autre personne une perte financi\u00e8re, mat\u00e9rielle ou m\u00eame corporelle.&nbsp;<\/p>\n\n\n\n<p class=\"has-text-color has-medium-font-size\" style=\"color:#0f4a79\">Plus pr\u00e9cis\u00e9ment, les dommages garantis sont les suivants:<\/p>\n\n\n\n<div class=\"wp-block-group\"><div class=\"wp-block-group__inner-container is-layout-flow wp-block-group-is-layout-flow\">\n<div class=\"wp-block-group\"><div class=\"wp-block-group__inner-container is-layout-flow wp-block-group-is-layout-flow\">\n<div class=\"wp-block-group\"><div class=\"wp-block-group__inner-container is-layout-flow wp-block-group-is-layout-flow\">\n<p class=\"has-text-color has-medium-font-size\" style=\"color:#0f4a79\">\ud83d\udc49 Dommage Corporel en cas de blessure ou d\u00e9c\u00e8s<br>\ud83d\udc49 Dommage Mat\u00e9riel en cas de endommagement ou destruction d\u2019un bien.<br>\ud83d\udc49 Dommage Immat\u00e9riel Cons\u00e9cutif en cas d\u2019une perte financi\u00e8re provenant d\u2019un dommage mat\u00e9riel ou corporel garanti<br>\ud83d\udc49 Dommage Immat\u00e9riel Non Cons\u00e9cutif en cas d\u2019une perte financi\u00e8re qui ne r\u00e9sulte pas d\u2019un dommage mat\u00e9riel ou corporel garanti.<\/p>\n<\/div><\/div>\n\n\n\n<p class=\"has-text-color has-medium-font-size\" style=\"color:#0f4a79\">Vous retrouvez sur les tableaux de garantie pr\u00e9sents dans vos Conditions particuli\u00e8res et Conditions g\u00e9n\u00e9rales les montants maximum garantis par votre contrat si votre responsabilit\u00e9 est engag\u00e9e.&nbsp;<\/p>\n<\/div><\/div>\n<\/div><\/div>\n\n\n\n<p class=\"has-text-color has-medium-font-size\" style=\"color:#0f4a79\">Vous \u00eates couvert sur les th\u00e8mes suivants :<\/p>\n\n\n\n<p class=\"has-text-color has-medium-font-size\" style=\"color:#0f4a79\">\u2705 Frais de d\u00e9fense \u00e0 savoir\u00a0 les honoraires d\u2019experts et d\u2019avocats engag\u00e9s pour vous d\u00e9fendre <br>\u2705 Dommages et Int\u00e9r\u00eats en cas de condamnation<br>\u2705 Responsabilit\u00e9 Civile Exploitation en cas de responsabilit\u00e9 engag\u00e9e lors de la vie courante de votre entreprise (ou exploitation d\u2019activit\u00e9)<br>\u2705 Fautes Professionnelles, Erreurs ou Omission couvrent suivant les assureurs jusqu\u2019au non-respect des engagements contractuels ou les violations de propri\u00e9t\u00e9 intellectuelle.<br>\u2705 Responsabilit\u00e9 Civile Produits ou\u00a0 Responsabilit\u00e9 Civile Apr\u00e8s Livraison en cas de fabrication ou distribution de produits<br><\/p>\n\n\n\n<p class=\"has-text-color has-medium-font-size\" style=\"color:#0f4a79\">Notre \u00e9quipe vous accompagne sur le choix de votre assurance RC Pro afin de d\u00e9finir ensemble:&nbsp;<\/p>\n\n\n\n<p class=\"has-text-color has-medium-font-size\" style=\"color:#0f4a79\">\ud83d\udccc Votre activit\u00e9 et vos domaines d\u2019intervention<br>\ud83d\udccc Vos ann\u00e9es de formation et les certifications d\u00e9clar\u00e9es<br>\ud83d\udccc Vos diff\u00e9rentes exp\u00e9riences professionnelles<br>\ud83d\udccc Les responsabilit\u00e9s \u00e9ventuelles engag\u00e9es ou connues<br>\ud83d\udccc Le montant de garantie souhait\u00e9.\u00a0<\/p>\n\n\n\n<p class=\"has-text-color has-medium-font-size\" style=\"color:#0f4a79\">Tout au long de la vie du contrat, nous vous accompagnons dans les actes courant du contrat d\u2019assurance (actualisation du risque, \u00e9volution du contrat, d\u00e9claration d\u2019un sinistre)&nbsp;<\/p>\n\n\n\n<h2 class=\"has-text-align-center has-text-color wp-block-heading\" id=\"professions-reglementees-chez-mg2l\" style=\"color:#820002\">PROFESSIONS R\u00c9GLEMENT\u00c9ES CHEZ MG2L?<\/h2>\n\n\n\n<h2 class=\"has-text-align-center wp-block-heading\"> <\/h2>\n\n\n\n<div class=\"wp-block-image is-style-rounded\"><figure class=\"aligncenter size-full is-resized\"><img data-recalc-dims=\"1\" loading=\"lazy\" decoding=\"async\" src=\"https:\/\/i0.wp.com\/amg2l.com\/wp-content\/uploads\/2022\/02\/RC-PRO-IAS.png?resize=454%2C316&#038;ssl=1\" alt=\"\" class=\"wp-image-3568\" width=\"454\" height=\"316\" srcset=\"https:\/\/i0.wp.com\/www.amg2l.com\/wp-content\/uploads\/2022\/02\/RC-PRO-IAS.png?w=826&amp;ssl=1 826w, https:\/\/i0.wp.com\/www.amg2l.com\/wp-content\/uploads\/2022\/02\/RC-PRO-IAS.png?resize=300%2C209&amp;ssl=1 300w, https:\/\/i0.wp.com\/www.amg2l.com\/wp-content\/uploads\/2022\/02\/RC-PRO-IAS.png?resize=768%2C536&amp;ssl=1 768w\" sizes=\"auto, (max-width: 454px) 100vw, 454px\" \/><figcaption>RC PRO IAS-IOB-IMMO-CIF<\/figcaption><\/figure><\/div>\n\n\n\n<p class=\"has-text-align-justify has-text-color has-medium-font-size\" style=\"color:#0f4a79\">Il existe en France plus de 72 professions r\u00e9glement\u00e9es. Ces activit\u00e9s encadr\u00e9es par des dispositions l\u00e9gislatives et r\u00e9glementaires sp\u00e9cifiques sont soumises \u00e0 l\u2019obligation d\u2019assurance en Responsabilit\u00e9 Civile Professionnelle.&nbsp;<\/p>\n\n\n\n<p class=\"has-text-color has-medium-font-size\" style=\"color:#0f4a79\">Les m\u00e9tiers de la Finance font partie des professions r\u00e9glement\u00e9es \u00e0 savoir:<\/p>\n\n\n\n<p class=\"has-text-align-left has-text-color has-medium-font-size\" style=\"color:#0f4a79\">\u2705 Conseil en Investissement Financier &#8211; CIF<br>\u2705 Conseil en Gestion de Patrimoine &#8211; CGP<br>\u2705 Courtier d\u2019assurance COA<br>\u2705 Mandataire d\u2019Assurance MA<br>\u2705 Mandataire d\u2019Interm\u00e9diaire d\u2019Assurance MIA<br>\u2705 Courtier en Op\u00e9rations de Banque &#8211; COBSP<br>\u2705 Mandataire d\u2019interm\u00e9diaire en op\u00e9ration de banques MIOBSP<br>\u2705 D\u00e9marcheur Bancaire<br>\u2705 Agent Immobilier titulaire de la carte T\u00a0<br>\u2705 Agent Immobilier avec op\u00e9rations de d\u00e9fiscalisation<br>\u2705 Mandataire d\u2019agent immobilier ou Agent Co<\/p>\n\n\n\n<p class=\"has-text-align-justify has-text-color has-medium-font-size\" style=\"color:#820002\">L\u2019\u00e9quipe MG2L en tant que partenaire du Centre \u201c<a href=\"http:\/\/WWW.VALORIALE.FR\" data-type=\"URL\" data-id=\"WWW.VALORIALE.FR\">Valoriale Formation<\/a>\u201d sp\u00e9cialis\u00e9 dans la formation des professions r\u00e9glement\u00e9es, a d\u00e9velopp\u00e9 avec des compagnies d\u2019assurance des partenariats pour les offres en Responsabilit\u00e9 Civile Professionnelle d\u00e9di\u00e9es \u00e0 ces activit\u00e9s sp\u00e9cifiques. Profitez-en ! \ud83d\ude09<\/p>\n\n\n\n<div class=\"wp-block-buttons is-layout-flex wp-block-buttons-is-layout-flex\"><\/div>\n\n\n<style>.wp-block-kadence-advancedbtn.kb-btns_a2d37f-91{gap:var(--global-kb-gap-xs, 0.5rem );justify-content:center;align-items:center;}.kt-btns_a2d37f-91 .kt-button{font-weight:normal;font-style:normal;}.kt-btns_a2d37f-91 .kt-btn-wrap-0{margin-right:5px;}.wp-block-kadence-advancedbtn.kt-btns_a2d37f-91 .kt-btn-wrap-0 .kt-button{color:#fff;font-size:20px;background:#0f4a79;box-shadow:1px 1px 2px 0px rgba(0, 0, 0, 0.2);}.wp-block-kadence-advancedbtn.kt-btns_a2d37f-91 .kt-btn-wrap-0 .kt-button::before{-webkit-transition:opacity .3s ease-in-out;-moz-transition:opacity .3s ease-in-out;transition:opacity .3s ease-in-out;background:radial-gradient(at center center, #0f4a77 19%, #777777 67%);}<\/style>\n<div class=\"wp-block-kadence-advancedbtn kt-btn-align-center kt-btn-tablet-align-inherit kt-btn-mobile-align-inherit kt-btns-wrap kt-btns_a2d37f-91\"><div class=\"kt-btn-wrap kt-btn-wrap-0\"><a class=\"kt-button button kt-btn-0-action kt-btn-size-standard kt-btn-style-basic kt-btn-svg-show-always kt-btn-has-text-true kt-btn-has-svg-false kb-btn-global-inherit wp-block-button__link\" href=\"https:\/\/docs.google.com\/forms\/d\/e\/1FAIpQLSf9uDZghbygindtaZBHhHKhstdI8st64u8by65OGqezWR539w\/viewform\" target=\"_blank\" rel=\"noreferrer noopener\"><span class=\"kt-btn-inner-text\">CONTACTEZ-NOUS DIRECTEMENT<\/span><\/a><\/div><\/div>\n","protected":false},"excerpt":{"rendered":"<p>L&rsquo;assurance Responsabilit\u00e9 Civile Professionnelle chez MG2L permet d\u2019\u00e9viter de payer soi-m\u00eame les frais de proc\u00e9dure ainsi que les indemnit\u00e9s demand\u00e9es par une personne ou soci\u00e9t\u00e9 suite \u00e0 un dommage que &hellip; <a href=\"https:\/\/www.amg2l.com\/?page_id=321\" class=\"more-link\">Lire la suite <span class=\"screen-reader-text\">Responsabilit\u00e9 Civile Professionnelle<\/span><\/a><\/p>\n","protected":false},"author":1,"featured_media":0,"parent":0,"menu_order":0,"comment_status":"closed","ping_status":"closed","template":"","meta":{"footnotes":""},"class_list":["post-321","page","type-page","status-publish","hentry"],"jetpack_sharing_enabled":true,"_links":{"self":[{"href":"https:\/\/www.amg2l.com\/index.php?rest_route=\/wp\/v2\/pages\/321","targetHints":{"allow":["GET"]}}],"collection":[{"href":"https:\/\/www.amg2l.com\/index.php?rest_route=\/wp\/v2\/pages"}],"about":[{"href":"https:\/\/www.amg2l.com\/index.php?rest_route=\/wp\/v2\/types\/page"}],"author":[{"embeddable":true,"href":"https:\/\/www.amg2l.com\/index.php?rest_route=\/wp\/v2\/users\/1"}],"replies":[{"embeddable":true,"href":"https:\/\/www.amg2l.com\/index.php?rest_route=%2Fwp%2Fv2%2Fcomments&post=321"}],"version-history":[{"count":8,"href":"https:\/\/www.amg2l.com\/index.php?rest_route=\/wp\/v2\/pages\/321\/revisions"}],"predecessor-version":[{"id":3777,"href":"https:\/\/www.amg2l.com\/index.php?rest_route=\/wp\/v2\/pages\/321\/revisions\/3777"}],"wp:attachment":[{"href":"https:\/\/www.amg2l.com\/index.php?rest_route=%2Fwp%2Fv2%2Fmedia&parent=321"}],"curies":[{"name":"wp","href":"https:\/\/api.w.org\/{rel}","templated":true}]}}