{"id":3320,"date":"2021-06-22T12:00:28","date_gmt":"2021-06-22T12:00:28","guid":{"rendered":"https:\/\/amg2l.com\/?page_id=3320"},"modified":"2022-02-14T14:08:27","modified_gmt":"2022-02-14T14:08:27","slug":"offres-et-services","status":"publish","type":"page","link":"https:\/\/www.amg2l.com\/?page_id=3320","title":{"rendered":"Offres du Moment &#038; Services"},"content":{"rendered":"\n<div class=\"wp-block-columns is-layout-flex wp-container-core-columns-is-layout-9d6595d7 wp-block-columns-is-layout-flex\">\n<div class=\"wp-block-column is-layout-flow wp-block-column-is-layout-flow\" style=\"flex-basis:100%\">\n<div class=\"wp-block-columns is-layout-flex wp-container-core-columns-is-layout-9d6595d7 wp-block-columns-is-layout-flex\">\n<div class=\"wp-block-column is-layout-flow wp-block-column-is-layout-flow\" style=\"flex-basis:100%\">\n<h4 class=\"has-text-align-center has-text-color wp-block-heading\" id=\"profitez-des-offres-privileges-rc-professionnelles-pour-les-professions-reglementees\" style=\"color:#820002\">PROFITEZ DES OFFRES PRIVIL\u00c8GES RC PROFESSIONNELLES POUR LES PROFESSIONS R\u00c8GLEMENT\u00c9ES<\/h4>\n<\/div>\n<\/div>\n<\/div>\n<\/div>\n\n\n\n<p class=\"has-text-align-center has-text-color\" style=\"color:#0f4a79\">En partenariat avec le Centre de Formation<a href=\"https:\/\/www.valoriale-lunel.com\/\"> <\/a><strong><a href=\"https:\/\/www.valoriale-lunel.com\/\" target=\"_blank\" rel=\"noreferrer noopener\"><span style=\"color:#820002\" class=\"has-inline-color\">Valoriale Formation<\/span><\/a><\/strong>, MG2L a s\u00e9lectionn\u00e9 pour vous, l&rsquo;assurance RC Professionnelle adapt\u00e9e \u00e0 votre activit\u00e9<\/p>\n\n\n\n<div class=\"wp-block-columns alignfull are-vertically-aligned-top is-layout-flex wp-container-core-columns-is-layout-9d6595d7 wp-block-columns-is-layout-flex\">\n<div class=\"wp-block-column is-vertically-aligned-top is-layout-flow wp-block-column-is-layout-flow\" style=\"flex-basis:100%\">\n<div class=\"wp-block-columns is-layout-flex wp-container-core-columns-is-layout-9d6595d7 wp-block-columns-is-layout-flex\">\n<div class=\"wp-block-column is-layout-flow wp-block-column-is-layout-flow\">\n<figure class=\"wp-block-image size-large\"><a href=\"https:\/\/amg2l.com\/offre-rc-pro-courtier-en-banque\/\"><img data-recalc-dims=\"1\" decoding=\"async\" src=\"https:\/\/i0.wp.com\/amg2l.com\/wp-content\/uploads\/2021\/06\/photo-courtier-banque-2.png?w=740&#038;ssl=1\" alt=\"\" class=\"wp-image-3355\"\/><\/a><figcaption><strong><span style=\"color:#820002\" class=\"has-inline-color\"><a href=\"https:\/\/amg2l.com\/offre-rc-pro-courtier-en-banque\/\">RC Professionnelle Courtier IOBSP<\/a><\/span><\/strong><\/figcaption><\/figure>\n<\/div>\n\n\n\n<div class=\"wp-block-column is-layout-flow wp-block-column-is-layout-flow\">\n<figure class=\"wp-block-image size-large\"><a href=\"https:\/\/amg2l.com\/offre-exclusive-rc-pro-agent-co\/\"><img data-recalc-dims=\"1\" decoding=\"async\" src=\"https:\/\/i0.wp.com\/amg2l.com\/wp-content\/uploads\/2021\/06\/agent-co-femme-1.png?w=740&#038;ssl=1\" alt=\"\" class=\"wp-image-3356\"\/><\/a><figcaption><strong><span style=\"color:#820002\" class=\"has-inline-color\">RC Professionnelle Agent Immobilier<\/span><\/strong><\/figcaption><\/figure>\n<\/div>\n\n\n\n<div class=\"wp-block-column is-layout-flow wp-block-column-is-layout-flow\">\n<figure class=\"wp-block-image size-large\"><a href=\"https:\/\/amg2l.com\/offre-exclusive-rc-pro-agent-co\/\"><img data-recalc-dims=\"1\" decoding=\"async\" src=\"https:\/\/i0.wp.com\/amg2l.com\/wp-content\/uploads\/2021\/06\/RC-PRO-IOBSP-2.png?w=740&#038;ssl=1\" alt=\"\" class=\"wp-image-3360\"\/><\/a><figcaption><strong><span style=\"color:#820002\" class=\"has-inline-color\"><a href=\"https:\/\/amg2l.com\/offre-exclusive-rc-pro-agent-co\/\" target=\"_blank\" rel=\"noreferrer noopener\">RC Professionnelle Agent Co en Immobilier<\/a><\/span><\/strong><\/figcaption><\/figure>\n<\/div>\n\n\n\n<div class=\"wp-block-column is-layout-flow wp-block-column-is-layout-flow\">\n<figure class=\"wp-block-image size-large\"><a href=\"https:\/\/amg2l.com\/offre-rc-pro-mandataire\/\"><img data-recalc-dims=\"1\" decoding=\"async\" src=\"https:\/\/i0.wp.com\/amg2l.com\/wp-content\/uploads\/2021\/06\/Courtier-en-assurance-1.png?w=740&#038;ssl=1\" alt=\"\" class=\"wp-image-3357\"\/><\/a><figcaption><mark style=\"background-color:rgba(0, 0, 0, 0);color: rgb(130, 0, 2);\" class=\"has-inline-color\"><b><a href=\"https:\/\/amg2l.com\/offre-rc-pro-mandataire\/\">RC Professionnelle Mandataire IOBSP ou Interm\u00e9diaire<\/a><\/b><\/mark><strong><mark style=\"background-color:rgba(0, 0, 0, 0);color:#820002\" class=\"has-inline-color\"><a href=\"https:\/\/amg2l.com\/offre-rc-pro-mandataire\/\"> en Assurance<\/a><\/mark><\/strong><\/figcaption><\/figure>\n<\/div>\n<\/div>\n<\/div>\n<\/div>\n\n\n\n<h4 class=\"has-text-align-center wp-block-heading\" id=\"profitez-de-nos-offres-privileges-assurance-habitation-en-tant-que-proprietaire-non-occupant\"><mark style=\"background-color:rgba(0, 0, 0, 0);color:#820002\" class=\"has-inline-color\">PROFITEZ DE NOS OFFRES PRIVIL\u00c8GES ASSURANCE HABITATION EN TANT QUE PROPRIETAIRE NON OCCUPANT<\/mark><\/h4>\n\n\n\n<div class=\"wp-block-columns is-layout-flex wp-container-core-columns-is-layout-9d6595d7 wp-block-columns-is-layout-flex\">\n<div class=\"wp-block-column is-layout-flow wp-block-column-is-layout-flow\">\n<figure class=\"wp-block-image size-large\"><a href=\"https:\/\/docs.google.com\/forms\/d\/e\/1FAIpQLSdbVX7pIEx9cXOymM3_HRRETXQrNV7k2GStm5wzBfMXpE8keg\/viewform\"><img data-recalc-dims=\"1\" height=\"438\" width=\"740\" decoding=\"async\" src=\"https:\/\/i0.wp.com\/amg2l.com\/wp-content\/uploads\/2021\/06\/mrh-1024x606.jpg?resize=740%2C438&#038;ssl=1\" alt=\"\" class=\"wp-image-3370\"\/><\/a><figcaption><mark style=\"background-color:rgba(0, 0, 0, 0);color:#820002\" class=\"has-inline-color\"><strong><a href=\"https:\/\/docs.google.com\/forms\/d\/e\/1FAIpQLSdbVX7pIEx9cXOymM3_HRRETXQrNV7k2GStm5wzBfMXpE8keg\/viewform\" target=\"_blank\" rel=\"noreferrer noopener\">Propri\u00e9taire Non Occupant Appartement en Copropri\u00e9t\u00e9 &lt;200m2 &#8211; 80\u20ac\/an<\/a><\/strong><\/mark><\/figcaption><\/figure>\n\n\n\n<p><\/p>\n<\/div>\n\n\n\n<div class=\"wp-block-column is-layout-flow wp-block-column-is-layout-flow\">\n<figure class=\"wp-block-image size-large\"><a href=\"https:\/\/docs.google.com\/forms\/d\/e\/1FAIpQLSfMkqGA8m_xcPY53n8Xr32oBt88ZjuTErYHqKG4M_PyLNCCuQ\/viewform\"><img data-recalc-dims=\"1\" decoding=\"async\" src=\"https:\/\/i0.wp.com\/amg2l.com\/wp-content\/uploads\/2021\/06\/local-bureau.png?w=740&#038;ssl=1\" alt=\"\" class=\"wp-image-3372\"\/><\/a><figcaption><strong><mark style=\"background-color:rgba(0, 0, 0, 0);color:#820002\" class=\"has-inline-color\"><a href=\"https:\/\/docs.google.com\/forms\/d\/e\/1FAIpQLSfMkqGA8m_xcPY53n8Xr32oBt88ZjuTErYHqKG4M_PyLNCCuQ\/viewform\" target=\"_blank\" rel=\"noreferrer noopener\">Propri\u00e9taire non Occupant Local professionnel ou commercial &lt;600m2 &#8211; 107\u20ac\/an<\/a><\/mark><\/strong><\/figcaption><\/figure>\n<\/div>\n<\/div>\n\n\n\n<h4 class=\"has-text-align-center has-text-color wp-block-heading\" id=\"service-changement-carte-grise-en-ligne\" style=\"color:#820002\">SERVICE CHANGEMENT CARTE GRISE EN LIGNE<\/h4>\n\n\n\n<p class=\"has-text-align-center has-text-color\" style=\"color:#0f4a79\">Profitez de notre service 100% digital pour modifier la carte grise suite au changement de propri\u00e9taire. Acc\u00e8s sous 15 minutes de votre nouvelle carte grise provisoire. <\/p>\n\n\n\n<p><\/p>\n\n\n\n<div class=\"wp-block-image\"><figure class=\"aligncenter size-large is-resized\"><a href=\"https:\/\/certimat.fr?partner=1338\"><img data-recalc-dims=\"1\" decoding=\"async\" src=\"https:\/\/i0.wp.com\/amg2l.com\/wp-content\/uploads\/2021\/06\/Service-Carte-grise-en-ligne.png?w=740&#038;ssl=1\" alt=\"\" class=\"wp-image-3377\"  \/><\/a><figcaption><strong><span style=\"color:#820002\" class=\"has-inline-color\"><a href=\"https:\/\/certimat.fr?partner=1338\">Changement de carte grise en ligne<\/a><\/span><\/strong><\/figcaption><\/figure><\/div>\n","protected":false},"excerpt":{"rendered":"<p>PROFITEZ DES OFFRES PRIVIL\u00c8GES RC PROFESSIONNELLES POUR LES PROFESSIONS R\u00c8GLEMENT\u00c9ES En partenariat avec le Centre de Formation Valoriale Formation, MG2L a s\u00e9lectionn\u00e9 pour vous, l&rsquo;assurance RC Professionnelle adapt\u00e9e \u00e0 votre &hellip; <a href=\"https:\/\/www.amg2l.com\/?page_id=3320\" class=\"more-link\">Lire la suite <span class=\"screen-reader-text\">Offres du Moment &#038; Services<\/span><\/a><\/p>\n","protected":false},"author":1,"featured_media":0,"parent":0,"menu_order":0,"comment_status":"closed","ping_status":"closed","template":"","meta":{"footnotes":""},"class_list":["post-3320","page","type-page","status-publish","hentry"],"jetpack_sharing_enabled":true,"_links":{"self":[{"href":"https:\/\/www.amg2l.com\/index.php?rest_route=\/wp\/v2\/pages\/3320","targetHints":{"allow":["GET"]}}],"collection":[{"href":"https:\/\/www.amg2l.com\/index.php?rest_route=\/wp\/v2\/pages"}],"about":[{"href":"https:\/\/www.amg2l.com\/index.php?rest_route=\/wp\/v2\/types\/page"}],"author":[{"embeddable":true,"href":"https:\/\/www.amg2l.com\/index.php?rest_route=\/wp\/v2\/users\/1"}],"replies":[{"embeddable":true,"href":"https:\/\/www.amg2l.com\/index.php?rest_route=%2Fwp%2Fv2%2Fcomments&post=3320"}],"version-history":[{"count":1,"href":"https:\/\/www.amg2l.com\/index.php?rest_route=\/wp\/v2\/pages\/3320\/revisions"}],"predecessor-version":[{"id":3676,"href":"https:\/\/www.amg2l.com\/index.php?rest_route=\/wp\/v2\/pages\/3320\/revisions\/3676"}],"wp:attachment":[{"href":"https:\/\/www.amg2l.com\/index.php?rest_route=%2Fwp%2Fv2%2Fmedia&parent=3320"}],"curies":[{"name":"wp","href":"https:\/\/api.w.org\/{rel}","templated":true}]}}