{"id":3748,"date":"2022-02-14T10:28:16","date_gmt":"2022-02-14T10:28:16","guid":{"rendered":"https:\/\/amg2l.com\/?page_id=3748"},"modified":"2022-02-14T10:28:16","modified_gmt":"2022-02-14T10:28:16","slug":"responsabilite-decennale","status":"publish","type":"page","link":"https:\/\/www.amg2l.com\/?page_id=3748","title":{"rendered":"Responsabilit\u00e9 D\u00e9cennale"},"content":{"rendered":"\n<h2 class=\"has-text-align-center wp-block-heading\" id=\"une-decennale-pour-qui-pour-quoi\">Une d\u00e9cennale pour qui, pour quoi?<\/h2>\n\n\n\n<p class=\"has-text-align-center\">L\u2019assurance d\u00e9cennale est une assurance qui permet aux artisans et professionnels du BTP de r\u00e9pondre \u00e0 leur obligation l\u00e9gale : couvrir leur responsabilit\u00e9 pour les dommages li\u00e9s \u00e0 l\u2019ouvrage sur les d\u00e9lais l\u00e9gaux. L\u2019assurance responsabilit\u00e9 d\u00e9cennale doit \u00eatre souscrite par chaque constructeur ou artisan avant l\u2019ouverture du chantier afin de pouvoir en justifier vis \u00e0 vis du ma\u00eetre d\u2019ouvrage. Les banquiers peuvent \u00eatre amen\u00e9s \u00e0 vous demander de justifier la souscription de cette assurance d\u00e9cennale lorsque vous r\u00e9alisez de l&rsquo;auto-construction ou que vous demandez des pr\u00eats travaux selon le montant.<\/p>\n\n\n<style>.kb-image_d8041d-32 .kb-image-has-overlay:after{opacity:0.3;}<\/style>\n<figure class=\"wp-block-kadence-image kb-image_d8041d-32 alignwide size-full\"><img data-recalc-dims=\"1\" loading=\"lazy\" decoding=\"async\" width=\"650\" height=\"325\" src=\"https:\/\/i0.wp.com\/amg2l.com\/wp-content\/uploads\/2022\/02\/decennale-maitre-oeuvre-064347.jpeg?resize=650%2C325&#038;ssl=1\" alt=\"D\u00e9cennale MG2L\" class=\"kb-img wp-image-3749\" srcset=\"https:\/\/i0.wp.com\/www.amg2l.com\/wp-content\/uploads\/2022\/02\/decennale-maitre-oeuvre-064347.jpeg?w=650&amp;ssl=1 650w, https:\/\/i0.wp.com\/www.amg2l.com\/wp-content\/uploads\/2022\/02\/decennale-maitre-oeuvre-064347.jpeg?resize=300%2C150&amp;ssl=1 300w\" sizes=\"auto, (max-width: 650px) 100vw, 650px\" \/><\/figure>\n\n\n\n<h2 class=\"has-text-align-center wp-block-heading\" id=\"pourquoi-la-decennale\">Pourquoi la d\u00e9cennale?<\/h2>\n\n\n\n<p>Dans le cadre de votre activit\u00e9 de professionnel du b\u00e2timent, la d\u00e9cennale, valable 10 ans, vous prot\u00e8ge contre les dommages mat\u00e9riels qui compromettent <\/p>\n\n\n\n<ul class=\"wp-block-list\"><li>la solidit\u00e9 de l\u2019ouvrage ou <\/li><li>des \u00e9l\u00e9ments de l\u2019\u00e9quipement, rendant la construction impropre \u00e0 sa destination. <\/li><\/ul>\n\n\n<style>.wp-block-kadence-advancedbtn.kb-btns_3ae892-be{gap:var(--global-kb-gap-xs, 0.5rem );justify-content:center;align-items:center;}.kt-btns_3ae892-be .kt-button{font-weight:normal;font-style:normal;}.kt-btns_3ae892-be .kt-btn-wrap-0{margin-right:5px;}.wp-block-kadence-advancedbtn.kt-btns_3ae892-be .kt-btn-wrap-0 .kt-button{font-size:33px;background:linear-gradient(180deg, #0f4a79 0%, #999999 100%);border-style:groove;box-shadow:inset 1px 1px 2px 0px rgba(0, 0, 0, 0.2);}.wp-block-kadence-advancedbtn.kt-btns_3ae892-be .kt-btn-wrap-0 .kt-button::before{-webkit-transition:opacity .3s ease-in-out;-moz-transition:opacity .3s ease-in-out;transition:opacity .3s ease-in-out;}<\/style>\n<div class=\"wp-block-kadence-advancedbtn kt-btn-align-center kt-btn-tablet-align-inherit kt-btn-mobile-align-inherit kt-btns-wrap kt-btns_3ae892-be kt-force-btn-fullwidth\"><div class=\"kt-btn-wrap kt-btn-wrap-0\"><a class=\"kt-button button kt-btn-0-action kt-btn-size-standard kt-btn-style-basic kt-btn-svg-show-always kt-btn-has-text-true kt-btn-has-svg-true kb-btn-global-inherit wp-block-button__link\" href=\"https:\/\/amg2l.com\/?page_id=2479\" target=\"_blank\" rel=\"noreferrer noopener\"><span class=\"kt-btn-inner-text\">Plus d&rsquo;infos<\/span><div style=\"display:inline-flex;justify-content:center;align-items:center\" class=\"kt-btn-svg-icon kt-btn-svg-icon-fas_sort-amount-down kt-btn-side-right\"><svg style=\"display:inline-block;vertical-align:middle\" viewbox=\"0 0 512 512\" height=\"1em\" width=\"1em\" fill=\"currentColor\" xmlns=\"http:\/\/www.w3.org\/2000\/svg\"><path d=\"M187.298 395.314l-79.984 80.002c-6.248 6.247-16.383 6.245-22.627 0L4.705 395.314C-5.365 385.244 1.807 368 16.019 368H64V48c0-8.837 7.163-16 16-16h32c8.837 0 16 7.163 16 16v320h47.984c14.241 0 21.363 17.264 11.314 27.314zM240 96h256c8.837 0 16-7.163 16-16V48c0-8.837-7.163-16-16-16H240c-8.837 0-16 7.163-16 16v32c0 8.837 7.163 16 16 16zm-16 112v-32c0-8.837 7.163-16 16-16h192c8.837 0 16 7.163 16 16v32c0 8.837-7.163 16-16 16H240c-8.837 0-16-7.163-16-16zm0 256v-32c0-8.837 7.163-16 16-16h64c8.837 0 16 7.163 16 16v32c0 8.837-7.163 16-16 16h-64c-8.837 0-16-7.163-16-16zm0-128v-32c0-8.837 7.163-16 16-16h128c8.837 0 16 7.163 16 16v32c0 8.837-7.163 16-16 16H240c-8.837 0-16-7.163-16-16z\"><\/path><\/svg><\/div><\/a><\/div><\/div>\n","protected":false},"excerpt":{"rendered":"<p>Une d\u00e9cennale pour qui, pour quoi? L\u2019assurance d\u00e9cennale est une assurance qui permet aux artisans et professionnels du BTP de r\u00e9pondre \u00e0 leur obligation l\u00e9gale : couvrir leur responsabilit\u00e9 pour &hellip; <a href=\"https:\/\/www.amg2l.com\/?page_id=3748\" class=\"more-link\">Lire la suite <span class=\"screen-reader-text\">Responsabilit\u00e9 D\u00e9cennale<\/span><\/a><\/p>\n","protected":false},"author":1,"featured_media":0,"parent":0,"menu_order":0,"comment_status":"closed","ping_status":"closed","template":"","meta":{"footnotes":""},"class_list":["post-3748","page","type-page","status-publish","hentry"],"jetpack_sharing_enabled":true,"_links":{"self":[{"href":"https:\/\/www.amg2l.com\/index.php?rest_route=\/wp\/v2\/pages\/3748","targetHints":{"allow":["GET"]}}],"collection":[{"href":"https:\/\/www.amg2l.com\/index.php?rest_route=\/wp\/v2\/pages"}],"about":[{"href":"https:\/\/www.amg2l.com\/index.php?rest_route=\/wp\/v2\/types\/page"}],"author":[{"embeddable":true,"href":"https:\/\/www.amg2l.com\/index.php?rest_route=\/wp\/v2\/users\/1"}],"replies":[{"embeddable":true,"href":"https:\/\/www.amg2l.com\/index.php?rest_route=%2Fwp%2Fv2%2Fcomments&post=3748"}],"version-history":[{"count":5,"href":"https:\/\/www.amg2l.com\/index.php?rest_route=\/wp\/v2\/pages\/3748\/revisions"}],"predecessor-version":[{"id":3755,"href":"https:\/\/www.amg2l.com\/index.php?rest_route=\/wp\/v2\/pages\/3748\/revisions\/3755"}],"wp:attachment":[{"href":"https:\/\/www.amg2l.com\/index.php?rest_route=%2Fwp%2Fv2%2Fmedia&parent=3748"}],"curies":[{"name":"wp","href":"https:\/\/api.w.org\/{rel}","templated":true}]}}