{"id":3993,"date":"2022-02-21T20:00:14","date_gmt":"2022-02-21T20:00:14","guid":{"rendered":"https:\/\/amg2l.com\/?page_id=3993"},"modified":"2022-02-21T20:01:57","modified_gmt":"2022-02-21T20:01:57","slug":"la-garantie-homme-clef-mg2l","status":"publish","type":"page","link":"https:\/\/www.amg2l.com\/?page_id=3993","title":{"rendered":"La Garantie Homme-clef"},"content":{"rendered":"\n<div class=\"wp-block-jetpack-layout-grid alignfull column1-desktop-grid__span-12 column1-desktop-grid__row-1 column1-tablet-grid__span-8 column1-tablet-grid__row-1 column1-mobile-grid__span-4 column1-mobile-grid__row-1\">\n<div class=\"wp-block-jetpack-layout-grid-column wp-block-jetpack-layout-grid__padding-none\">\n<p class=\"has-drop-cap has-text-color has-medium-font-size\" style=\"color:#0f4a79\">Lorsqu\u2019une personne importante sur le plan strat\u00e9gique pour votre entreprise d\u00e9c\u00e8de ou que cette personne ne peut plus assurer ses fonctions (cela peut \u00eatre vous !), les cons\u00e9quences financi\u00e8res qui en d\u00e9coulent peuvent \u00eatre dramatiques. Pour se prot\u00e9ger contre ce risque les entreprises dont les collaborateurs sont indispensables peuvent souscrire une garantie homme cl\u00e9.<\/p>\n<\/div>\n<\/div>\n\n\n\n<div class=\"wp-block-jetpack-layout-grid alignfull column1-desktop-grid__span-12 column1-desktop-grid__row-1 column1-tablet-grid__span-8 column1-tablet-grid__row-1 column1-mobile-grid__span-4 column1-mobile-grid__row-1\">\n<div class=\"wp-block-jetpack-layout-grid-column wp-block-jetpack-layout-grid__padding-none\">\n<p class=\"has-drop-cap has-text-color has-medium-font-size\" style=\"color:#0f4a79\">La disparition d&rsquo;un salari\u00e9, d&rsquo;un mandataire social ou m\u00eame la v\u00f4tre peut avoir des r\u00e9percussions sans pr\u00e9c\u00e9dent sur l&rsquo;activit\u00e9 de votre soci\u00e9t\u00e9. Selon la\u00a0<strong>FFSA<\/strong>\u00a0(F\u00e9d\u00e9ration fran\u00e7aise des soci\u00e9t\u00e9s d&rsquo;assurance), est consid\u00e9r\u00e9e comme une\u00a0<strong>cl\u00e9<\/strong>\u00a0\u00ab toute personne dont la disparition brutale peut avoir une r\u00e9percussion certaine sur la bonne marche de l&rsquo;entreprise et dont le remplacement ne peut se faire imm\u00e9diatement.<\/p>\n<\/div>\n<\/div>\n\n\n<style>.wp-block-kadence-column.kb-section-dir-horizontal > .kt-inside-inner-col > #kt-info-box_e28362-29 .kt-blocks-info-box-link-wrap{max-width:unset;}#kt-info-box_e28362-29 .kt-blocks-info-box-link-wrap{padding-top:var(--global-kb-spacing-xs, 1rem);padding-right:var(--global-kb-spacing-xs, 1rem);padding-bottom:var(--global-kb-spacing-xs, 1rem);padding-left:var(--global-kb-spacing-xs, 1rem);}#kt-info-box_e28362-29 .kadence-info-box-icon-container .kt-info-svg-icon, #kt-info-box_e28362-29 .kt-info-svg-icon-flip, #kt-info-box_e28362-29 .kt-blocks-info-box-number{font-size:50px;}#kt-info-box_e28362-29 .kt-blocks-info-box-media{border-top-width:0px;border-right-width:0px;border-bottom-width:0px;border-left-width:0px;padding-top:10px;padding-right:10px;padding-bottom:10px;padding-left:10px;}#kt-info-box_e28362-29 .kt-blocks-info-box-media-container{margin-top:0px;margin-right:15px;margin-bottom:0px;margin-left:15px;}#kt-info-box_e28362-29 .kt-blocks-info-box-learnmore{background:transparent;border-width:0px 0px 0px 0px;padding-top:4px;padding-right:8px;padding-bottom:4px;padding-left:8px;margin-top:10px;margin-right:0px;margin-bottom:10px;margin-left:0px;}<\/style>\n<div id=\"kt-info-box_e28362-29\" class=\"wp-block-kadence-infobox\"><a class=\"kt-blocks-info-box-link-wrap info-box-link kt-blocks-info-box-media-align-top kt-info-halign-center\"><div class=\"kt-blocks-info-box-media-container\"><div class=\"kt-blocks-info-box-media kt-info-media-animate-none\"><div class=\"kadence-info-box-icon-container kt-info-icon-animate-none\"><div class=\"kadence-info-box-icon-inner-container\"><span style=\"display:block;justify-content:center;align-items:center\" class=\"kt-info-svg-icon kt-info-svg-icon-fe_aperture\"><svg style=\"display:inline-block;vertical-align:middle\" viewbox=\"0 0 24 24\" height=\"50\" width=\"50\" fill=\"none\" stroke=\"currentColor\" xmlns=\"http:\/\/www.w3.org\/2000\/svg\" stroke-width=\"2\" stroke-linecap=\"round\" stroke-linejoin=\"round\" aria-hidden=\"true\"><circle cx=\"12\" cy=\"12\" r=\"10\"><\/circle><line x1=\"14.31\" y1=\"8\" x2=\"20.05\" y2=\"17.94\"><\/line><line x1=\"9.69\" y1=\"8\" x2=\"21.17\" y2=\"8\"><\/line><line x1=\"7.38\" y1=\"12\" x2=\"13.12\" y2=\"2.06\"><\/line><line x1=\"9.69\" y1=\"16\" x2=\"3.95\" y2=\"6.06\"><\/line><line x1=\"14.31\" y1=\"16\" x2=\"2.83\" y2=\"16\"><\/line><line x1=\"16.62\" y1=\"12\" x2=\"10.88\" y2=\"21.94\"><\/line><\/svg><\/span><\/div><\/div><\/div><\/div><div class=\"kt-infobox-textcontent\"><h2 class=\"kt-blocks-info-box-title\">Comprendre la garantie homme- cl\u00e9<\/h2><p class=\"kt-blocks-info-box-text\">L&rsquo;absence de l&rsquo;homme Clef, lorsqu&rsquo;il est incapable de travailler, risque d&rsquo;engendrer une <strong>perte de chiffres d&rsquo;affaires<\/strong> qui mettrait en p\u00e9ril l&rsquo;entreprise.<br\/>Pr\u00e8s de 15% des entreprises transmises apr\u00e8s le d\u00e9c\u00e8s du chef d&rsquo;entreprise ne parviennent pas \u00e0 surmonter cette disparition et <strong>font faillite.<\/strong><br\/>Pr\u00e8s d&rsquo;<strong>une soci\u00e9t\u00e9 sur 3<\/strong> doit <strong>cesser<\/strong> ou <strong>r\u00e9duire<\/strong> son activit\u00e9 \u00e0 la suite de la disparition d&rsquo;un collaborateur indispensable&#8230;<br\/>La souscription de cette assurance HOMME CL\u00c9 permet \u00e0 la soci\u00e9t\u00e9 de survivre \u00e0 la disparition et vise \u00e0 pallier \u00e0 l&rsquo;absence de cet homme-cl\u00e9.<\/p><\/div><\/a><\/div>\n\n\n\n<div class=\"wp-block-jetpack-layout-grid alignfull column1-desktop-grid__span-12 column1-desktop-grid__row-1 column1-tablet-grid__span-8 column1-tablet-grid__row-1 column1-mobile-grid__span-4 column1-mobile-grid__row-1\">\n<div class=\"wp-block-jetpack-layout-grid-column wp-block-jetpack-layout-grid__padding-none\">\n<p class=\"has-drop-cap has-text-color has-medium-font-size\" style=\"color:#0f4a79\">L&rsquo;assurance Homme-Cl\u00e9 chez MG2L vous permet, selon les contrats souscrits:<\/p>\n\n\n\n<ul class=\"has-text-color has-medium-font-size wp-block-list\" style=\"color:#0f4a79\"><li><ul><li>la prise en charge de la <strong>perte<\/strong> <strong>d&rsquo;exploitation<\/strong><\/li><\/ul><ul><li>le <strong>remboursement<\/strong> des <strong>pr\u00eats<\/strong> bancaires<\/li><\/ul><ul><li>les <strong>frais<\/strong> de <strong>r\u00e9organisation<\/strong> de la structure<\/li><\/ul><ul><li>de trouver un <strong>rempla\u00e7ant<\/strong><\/li><li>de <strong>maintenir<\/strong> <strong>l&rsquo;image<\/strong> de <strong>marque<\/strong> de l&rsquo;ensemble<\/li><li>de conserver la <strong>confiance<\/strong> des <strong>clients<\/strong>, des <strong>partenaires<\/strong> de l&rsquo;entreprise<\/li><\/ul><\/li><\/ul>\n<\/div>\n<\/div>\n\n\n<style>#kt-layout-id_e8b9f1-8f{margin-top:0px;margin-bottom:0px;}#kt-layout-id_e8b9f1-8f > .kt-row-column-wrap{align-content:center;}:where(#kt-layout-id_e8b9f1-8f > .kt-row-column-wrap) > .wp-block-kadence-column{justify-content:center;}#kt-layout-id_e8b9f1-8f > .kt-row-column-wrap{column-gap:var(--global-kb-gap-none, 0rem );row-gap:var(--global-kb-gap-none, 0rem );max-width:740px;padding-top:var( --global-kb-row-default-top, 25px );padding-bottom:var( --global-kb-row-default-bottom, 25px );padding-top:50px;padding-bottom:50px;min-height:400px;grid-template-columns:minmax(0, calc(57% - ((var(--global-kb-gap-none, 0rem ) * 1 )\/2)))minmax(0, calc(43% - ((var(--global-kb-gap-none, 0rem ) * 1 )\/2)));}#kt-layout-id_e8b9f1-8f > .kt-row-layout-overlay{opacity:0.30;}@media all and (max-width: 1024px){#kt-layout-id_e8b9f1-8f > .kt-row-column-wrap{grid-template-columns:repeat(2, minmax(0, 1fr));}}@media all and (max-width: 767px){#kt-layout-id_e8b9f1-8f{margin-top:30px;margin-bottom:0px;}#kt-layout-id_e8b9f1-8f > .kt-row-column-wrap{grid-template-columns:minmax(0, 1fr);}}<\/style>\n<div class=\"wp-block-kadence-rowlayout alignnone\"><div id=\"kt-layout-id_e8b9f1-8f\" class=\"kt-row-layout-inner kt-layout-id_e8b9f1-8f\"><div class=\"kt-row-column-wrap kt-has-2-columns kt-gutter-none kt-v-gutter-none kt-row-valign-middle kt-row-layout-equal kt-tab-layout-inherit kt-m-colapse-left-to-right kt-mobile-layout-row  kt-custom-first-width-57  kt-custom-second-width-43 kt-inner-column-height-full kb-theme-content-width\"><style>.kadence-column_775d4f-6e > .kt-inside-inner-col{display:flex;}.kadence-column_775d4f-6e > .kt-inside-inner-col{padding-top:0px;padding-bottom:0px;padding-left:0px;padding-right:0px;}.kadence-column_775d4f-6e > .kt-inside-inner-col{border-top-width:0px;border-right-width:0px;border-bottom-width:0px;border-left-width:0px;}.kadence-column_775d4f-6e > .kt-inside-inner-col,.kadence-column_775d4f-6e > .kt-inside-inner-col:before{border-top-left-radius:6px;border-top-right-radius:6px;border-bottom-right-radius:6px;border-bottom-left-radius:6px;}.kadence-column_775d4f-6e > .kt-inside-inner-col{column-gap:var(--global-kb-gap-sm, 1rem);}.kadence-column_775d4f-6e > .kt-inside-inner-col{flex-direction:column;justify-content:flex-start;}.kadence-column_775d4f-6e > .kt-inside-inner-col > .aligncenter{width:100%;}.kt-row-column-wrap > .kadence-column_775d4f-6e{align-self:flex-start;}.kt-inner-column-height-full:not(.kt-has-1-columns) > .wp-block-kadence-column.kadence-column_775d4f-6e{align-self:auto;}.kt-inner-column-height-full:not(.kt-has-1-columns) > .wp-block-kadence-column.kadence-column_775d4f-6e > .kt-inside-inner-col{flex-direction:column;justify-content:flex-start;}.kadence-column_775d4f-6e > .kt-inside-inner-col{background-image:url('https:\/\/amg2l.com\/wp-content\/uploads\/2022\/02\/Courtier-en-assurance-1.png');background-size:cover;background-position:51% 41%;background-attachment:scroll;background-repeat:no-repeat;}.kadence-column_775d4f-6e > .kt-inside-inner-col:before{opacity:0.3;}.kadence-column_775d4f-6e{position:relative;}.wp-block-kadence-column.kadence-column_775d4f-6e > .kt-inside-inner-col{margin-top:0px;margin-bottom:0px;margin-right:0px;margin-left:0px;}@media all and (max-width: 1024px){.kt-row-column-wrap > .kadence-column_775d4f-6e{align-self:flex-start;}}@media all and (max-width: 1024px){.kt-inner-column-height-full:not(.kt-has-1-columns) > .wp-block-kadence-column.kadence-column_775d4f-6e{align-self:auto;}}@media all and (max-width: 1024px){.kt-inner-column-height-full:not(.kt-has-1-columns) > .wp-block-kadence-column.kadence-column_775d4f-6e > .kt-inside-inner-col{flex-direction:column;justify-content:flex-start;}}@media all and (max-width: 1024px){.kadence-column_775d4f-6e > .kt-inside-inner-col{flex-direction:column;justify-content:flex-start;}}@media all and (max-width: 767px){.kt-row-column-wrap > .kadence-column_775d4f-6e{align-self:flex-start;}.kt-inner-column-height-full:not(.kt-has-1-columns) > .wp-block-kadence-column.kadence-column_775d4f-6e{align-self:auto;}.kt-inner-column-height-full:not(.kt-has-1-columns) > .wp-block-kadence-column.kadence-column_775d4f-6e > .kt-inside-inner-col{flex-direction:column;justify-content:flex-start;}.kadence-column_775d4f-6e > .kt-inside-inner-col{flex-direction:column;justify-content:flex-start;}}<\/style>\n<div class=\"wp-block-kadence-column inner-column-1 kadence-column_775d4f-6e\"><div class=\"kt-inside-inner-col\"><\/div><\/div>\n\n\n<style>.kadence-column_b6473d-16 > .kt-inside-inner-col{padding-top:0px;padding-bottom:30px;padding-left:0px;padding-right:0px;}.kadence-column_b6473d-16 > .kt-inside-inner-col{border-top-width:0px;border-right-width:0px;border-bottom-width:0px;border-left-width:0px;}.kadence-column_b6473d-16 > .kt-inside-inner-col,.kadence-column_b6473d-16 > .kt-inside-inner-col:before{border-top-left-radius:0px;border-top-right-radius:0px;border-bottom-right-radius:0px;border-bottom-left-radius:0px;}.kadence-column_b6473d-16 > .kt-inside-inner-col{column-gap:var(--global-kb-gap-sm, 1rem);}.kadence-column_b6473d-16 > .kt-inside-inner-col{flex-direction:column;}.kadence-column_b6473d-16 > .kt-inside-inner-col > .aligncenter{width:100%;}.kadence-column_b6473d-16 > .kt-inside-inner-col:before{opacity:0.3;}.kadence-column_b6473d-16{position:relative;}.wp-block-kadence-column.kadence-column_b6473d-16 > .kt-inside-inner-col{margin-top:0px;margin-bottom:0px;margin-right:100px;margin-left:-100px;}@media all and (max-width: 1024px){.kadence-column_b6473d-16 > .kt-inside-inner-col{padding-top:0px;padding-bottom:0px;padding-left:0px;padding-right:0px;flex-direction:column;justify-content:center;}}@media all and (max-width: 1024px){.wp-block-kadence-column.kadence-column_b6473d-16 > .kt-inside-inner-col{margin-top:0px;margin-bottom:0px;margin-right:0px;margin-left:-28px;}}@media all and (max-width: 767px){.kadence-column_b6473d-16 > .kt-inside-inner-col{padding-top:0px;padding-bottom:0px;padding-left:0px;padding-right:0px;flex-direction:column;justify-content:center;}.wp-block-kadence-column.kadence-column_b6473d-16 > .kt-inside-inner-col{margin-top:0px;margin-bottom:0px;margin-right:0px;margin-left:0px;}}<\/style>\n<div class=\"wp-block-kadence-column inner-column-2 kadence-column_b6473d-16\"><div class=\"kt-inside-inner-col\"><style>.kt-blocks-testimonials-wrap_c1562b-d0 .kt-svg-testimonial-global-icon{font-size:30px;}.kt-blocks-testimonials-wrap_c1562b-d0 .kt-testimonial-item-0 .kt-svg-testimonial-icon{color:#555555;font-size:50px;}.kt-blocks-testimonials-wrap_c1562b-d0 .kt-testimonial-rating-wrap{margin-top:10px;margin-right:0px;margin-bottom:10px;margin-left:0px;}.kt-blocks-testimonials-wrap_c1562b-d0 .kt-testimonial-rating-wrap .kb-svg-icon-wrap{color:#ffd700;font-size:16px;}.kt-blocks-testimonials-wrap_c1562b-d0{padding-top:10px;}.kt-blocks-testimonials-wrap_c1562b-d0 .kt-testimonial-grid-wrap{gap:var(--global-kb-gap-md, 2rem);}.kt-blocks-testimonials-wrap_c1562b-d0 .kt-testimonial-item-wrap{padding-top:60px;padding-right:60px;padding-bottom:60px;padding-left:60px;}.kt-blocks-testimonials-wrap_c1562b-d0 .kt-testimonial-item-wrap .kt-testimonial-title{margin-top:0px;margin-right:0px;margin-bottom:15px;margin-left:0px;}.kt-blocks-testimonials-wrap_c1562b-d0 .kt-testimonial-content{color:var(--global-palette3, #1A202C);font-size:21px;line-height:1.5em;}.kt-blocks-testimonials-wrap_c1562b-d0 .kt-testimonial-name{color:var(--global-palette4, #2D3748);font-size:16px;line-height:24px;}.kt-blocks-testimonials-wrap_c1562b-d0 .kt-testimonial-occupation{color:var(--global-palette4, #2D3748);font-size:14px;line-height:14px;}.kt-blocks-testimonials-wrap_c1562b-d0 .kt-testimonial-item-wrap{max-width:500px;}.kt-blocks-testimonials-wrap_c1562b-d0 .kt-testimonial-item-wrap{background:#f8f9fc;border-radius:6px;}@media all and (max-width: 767px){.kt-blocks-testimonials-wrap_c1562b-d0{padding-top:px;padding-bottom:px;margin-top:px;margin-bottom:px;}}<\/style>\n<div class=\"wp-block-kadence-testimonials kt-testimonial-halign-left kt-testimonial-style-basic kt-testimonials-media-off kt-testimonials-icon-off kt-testimonial-columns-1 kt-t-xxl-col-1 kt-t-xl-col-1 kt-t-lg-col-1 kt-t-md-col-1 kt-t-sm-col-1 kt-t-xs-col-1 kt-blocks-testimonials-wrap_c1562b-d0\"><div class=\"kt-testimonial-grid-wrap\" style=\"grid-row-gap:30px;grid-column-gap:30px\"><div class=\"kt-testimonial-item-wrap kt-testimonial-item-0\" style=\"border-color:#eeeeee;background:#f8f9fc;border-radius:6px;padding-top:60px;padding-right:60px;padding-bottom:60px;padding-left:60px;max-width:500px\"><div class=\"kt-testimonial-text-wrap\"><div class=\"kt-testimonial-content-wrap\"><div class=\"kt-testimonial-content\">La garantie Homme-Cl\u00e9<\/div><\/div><\/div><div class=\"kt-testimonial-meta-wrap\"><div class=\"kt-testimonial-meta-name-wrap\"><div class=\"kt-testimonial-name-wrap\"><div class=\"kt-testimonial-name\">MG2L<\/div><\/div><div class=\"kt-testimonial-occupation-wrap\"><div class=\"kt-testimonial-occupation\">Partenaire de votre p\u00e9r\u00e9nit\u00e9<\/div><\/div><\/div><\/div><\/div><\/div><\/div>\n<\/div><\/div>\n<\/div><\/div><\/div>\n\n\n\n<div class=\"wp-block-group\"><div class=\"wp-block-group__inner-container is-layout-flow wp-block-group-is-layout-flow\">\n<p class=\"has-drop-cap has-text-color has-medium-font-size\" style=\"color:#0f4a79\">Quelle que soit la taille ou la forme juridique de votre entreprise, b\u00e9n\u00e9ficiez de cette assurance pour des montants allant de quelques milliers d&rsquo;euros \u00e0 plusieurs millions. Nous vous conseillons dans les garanties les plus adapt\u00e9es \u00e0 votre profil.<\/p>\n<\/div><\/div>\n\n\n\n<p class=\"has-drop-cap has-text-color has-medium-font-size\" style=\"color:#0f4a79\">Les garanties propos\u00e9es sont:<br>&#8211; l&rsquo;incapacit\u00e9 temporaire de travail<br>&#8211; le d\u00e9c\u00e8s ( la plus couverte en g\u00e9n\u00e9ral)<\/p>\n\n\n\n<div class=\"wp-block-columns alignfull is-layout-flex wp-container-core-columns-is-layout-9d6595d7 wp-block-columns-is-layout-flex\">\n<div class=\"wp-block-column is-vertically-aligned-center is-layout-flow wp-block-column-is-layout-flow\" style=\"padding-top:1em;padding-right:1em;padding-bottom:1em;padding-left:1em\">\n<div class=\"wp-block-group\"><div class=\"wp-block-group__inner-container is-layout-flow wp-block-group-is-layout-flow\">\n<p class=\"has-drop-cap has-text-color has-medium-font-size\" style=\"color:#0f4a79\">Pour conna\u00eetre l&rsquo;ensemble des conditions sur cette assurance professionnelle, contactez un de nos conseillers MG2L et \u00e9tablissez les conditions de cette couverture en fonction de votre situation.<\/p>\n<\/div><\/div>\n<\/div>\n<\/div>\n\n\n<style>.wp-block-kadence-advancedbtn.kb-btns_31c8a8-f8{gap:var(--global-kb-gap-xs, 0.5rem );justify-content:center;align-items:center;}.kt-btns_31c8a8-f8 .kt-button{font-weight:normal;font-style:normal;}.kt-btns_31c8a8-f8 .kt-btn-wrap-0{margin-right:5px;}.wp-block-kadence-advancedbtn.kt-btns_31c8a8-f8 .kt-btn-wrap-0 .kt-button{font-size:61px;}.wp-block-kadence-advancedbtn.kt-btns_31c8a8-f8 .kt-btn-wrap-0 .kt-button::before{display:none;}<\/style>\n<div class=\"wp-block-kadence-advancedbtn kt-btn-align-center kt-btn-tablet-align-inherit kt-btn-mobile-align-inherit kt-btns-wrap kt-btns_31c8a8-f8 kt-force-btn-fullwidth\"><div class=\"kt-btn-wrap kt-btn-wrap-0\"><a class=\"kt-button button kt-btn-0-action kt-btn-size-large kt-btn-style-basic kt-btn-svg-show-always kt-btn-has-text-true kt-btn-has-svg-false kb-btn-global-inherit wp-block-button__link\" href=\"https:\/\/amg2l.com\/?page_id=2479\" target=\"_blank\" rel=\"noreferrer noopener\"><span class=\"kt-btn-inner-text\">Contactez-nous<\/span><\/a><\/div><\/div>\n","protected":false},"excerpt":{"rendered":"<p>Lorsqu\u2019une personne importante sur le plan strat\u00e9gique pour votre entreprise d\u00e9c\u00e8de ou que cette personne ne peut plus assurer ses fonctions (cela peut \u00eatre vous !), les cons\u00e9quences financi\u00e8res qui &hellip; <a href=\"https:\/\/www.amg2l.com\/?page_id=3993\" class=\"more-link\">Lire la suite <span class=\"screen-reader-text\">La Garantie Homme-clef<\/span><\/a><\/p>\n","protected":false},"author":1,"featured_media":0,"parent":0,"menu_order":0,"comment_status":"closed","ping_status":"closed","template":"","meta":{"footnotes":""},"class_list":["post-3993","page","type-page","status-publish","hentry"],"jetpack_sharing_enabled":true,"_links":{"self":[{"href":"https:\/\/www.amg2l.com\/index.php?rest_route=\/wp\/v2\/pages\/3993","targetHints":{"allow":["GET"]}}],"collection":[{"href":"https:\/\/www.amg2l.com\/index.php?rest_route=\/wp\/v2\/pages"}],"about":[{"href":"https:\/\/www.amg2l.com\/index.php?rest_route=\/wp\/v2\/types\/page"}],"author":[{"embeddable":true,"href":"https:\/\/www.amg2l.com\/index.php?rest_route=\/wp\/v2\/users\/1"}],"replies":[{"embeddable":true,"href":"https:\/\/www.amg2l.com\/index.php?rest_route=%2Fwp%2Fv2%2Fcomments&post=3993"}],"version-history":[{"count":3,"href":"https:\/\/www.amg2l.com\/index.php?rest_route=\/wp\/v2\/pages\/3993\/revisions"}],"predecessor-version":[{"id":3997,"href":"https:\/\/www.amg2l.com\/index.php?rest_route=\/wp\/v2\/pages\/3993\/revisions\/3997"}],"wp:attachment":[{"href":"https:\/\/www.amg2l.com\/index.php?rest_route=%2Fwp%2Fv2%2Fmedia&parent=3993"}],"curies":[{"name":"wp","href":"https:\/\/api.w.org\/{rel}","templated":true}]}}