{"id":42,"date":"2021-01-11T12:20:41","date_gmt":"2021-01-11T12:20:41","guid":{"rendered":"https:\/\/amg2l.com\/?page_id=42"},"modified":"2022-02-20T14:29:30","modified_gmt":"2022-02-20T14:29:30","slug":"accueil-mg2l-courtier-assurance","status":"publish","type":"page","link":"https:\/\/www.amg2l.com\/","title":{"rendered":"Accueil MG2L"},"content":{"rendered":"\n<div class=\"wp-block-image is-style-default\"><figure class=\"aligncenter size-large is-resized\"><img data-recalc-dims=\"1\" loading=\"lazy\" decoding=\"async\" src=\"https:\/\/i0.wp.com\/amg2l.com\/wp-content\/uploads\/2022\/02\/EQUIPE-PRO-HEUREUX-SITE-WEB-1024x683.jpg?resize=462%2C308&#038;ssl=1\" alt=\"\" class=\"wp-image-3525\" width=\"462\" height=\"308\" srcset=\"https:\/\/i0.wp.com\/www.amg2l.com\/wp-content\/uploads\/2022\/02\/EQUIPE-PRO-HEUREUX-SITE-WEB-scaled.jpg?resize=1024%2C683&amp;ssl=1 1024w, https:\/\/i0.wp.com\/www.amg2l.com\/wp-content\/uploads\/2022\/02\/EQUIPE-PRO-HEUREUX-SITE-WEB-scaled.jpg?resize=300%2C200&amp;ssl=1 300w, https:\/\/i0.wp.com\/www.amg2l.com\/wp-content\/uploads\/2022\/02\/EQUIPE-PRO-HEUREUX-SITE-WEB-scaled.jpg?resize=768%2C512&amp;ssl=1 768w, https:\/\/i0.wp.com\/www.amg2l.com\/wp-content\/uploads\/2022\/02\/EQUIPE-PRO-HEUREUX-SITE-WEB-scaled.jpg?resize=1536%2C1024&amp;ssl=1 1536w, https:\/\/i0.wp.com\/www.amg2l.com\/wp-content\/uploads\/2022\/02\/EQUIPE-PRO-HEUREUX-SITE-WEB-scaled.jpg?resize=2048%2C1365&amp;ssl=1 2048w, https:\/\/i0.wp.com\/www.amg2l.com\/wp-content\/uploads\/2022\/02\/EQUIPE-PRO-HEUREUX-SITE-WEB-scaled.jpg?resize=2000%2C1333&amp;ssl=1 2000w, https:\/\/i0.wp.com\/www.amg2l.com\/wp-content\/uploads\/2022\/02\/EQUIPE-PRO-HEUREUX-SITE-WEB-scaled.jpg?w=1480&amp;ssl=1 1480w, https:\/\/i0.wp.com\/www.amg2l.com\/wp-content\/uploads\/2022\/02\/EQUIPE-PRO-HEUREUX-SITE-WEB-scaled.jpg?w=2220&amp;ssl=1 2220w\" sizes=\"auto, (max-width: 462px) 100vw, 462px\" \/><\/figure><\/div>\n\n\n\n<h2 class=\"has-text-align-center has-text-color wp-block-heading\" id=\"independance-confiance-professionnalisme\" style=\"color:#820002\">IND\u00c9PENDANCE &#8211; CONFIANCE- PROFESSIONNALISME<\/h2>\n\n\n\n<p class=\"has-text-align-justify has-text-color has-medium-font-size\" style=\"color:#0f4a79\">Nous recherchons pour vous le produit d&rsquo;assurance adapt\u00e9 \u00e0 votre profil et \u00e0 votre besoin. Nous s\u00e9lectionnons avec soin les partenaires pour vous proposer les meilleures garanties au meilleur prix! Nous vous accompagnons durant toute la dur\u00e9e du contrat!<\/p>\n\n\n\n<div class=\"wp-block-group alignfull has-black-color has-white-background-color has-text-color has-background\"><div class=\"wp-block-group__inner-container is-layout-flow wp-block-group-is-layout-flow\">\n<h2 class=\"has-text-align-center margin-top-half has-text-color wp-block-heading\" id=\"a-chacun-ses-besoins-choisissez-les-votres\" style=\"color:#820002\">A chacun ses besoins, choisissez les v\u00f4tres<\/h2>\n\n\n\n<div class=\"wp-block-columns alignwide is-layout-flex wp-container-core-columns-is-layout-9d6595d7 wp-block-columns-is-layout-flex\">\n<div class=\"wp-block-column is-layout-flow wp-block-column-is-layout-flow\">\n<div class=\"wp-block-image is-style-rounded\"><figure class=\"aligncenter size-full is-resized\"><img data-recalc-dims=\"1\" loading=\"lazy\" decoding=\"async\" src=\"https:\/\/i0.wp.com\/amg2l.com\/wp-content\/uploads\/2022\/02\/Retraite.png?resize=368%2C241&#038;ssl=1\" alt=\"\" class=\"wp-image-3574\" width=\"368\" height=\"241\" srcset=\"https:\/\/i0.wp.com\/www.amg2l.com\/wp-content\/uploads\/2022\/02\/Retraite.png?w=616&amp;ssl=1 616w, https:\/\/i0.wp.com\/www.amg2l.com\/wp-content\/uploads\/2022\/02\/Retraite.png?resize=300%2C197&amp;ssl=1 300w\" sizes=\"auto, (max-width: 368px) 100vw, 368px\" \/><\/figure><\/div>\n\n\n\n<div class=\"wp-block-buttons is-layout-flex wp-block-buttons-is-layout-flex\">\n<div class=\"wp-block-button has-custom-width wp-block-button__width-100\"><a class=\"wp-block-button__link has-background\" href=\"https:\/\/amg2l.com\/?page_id=74\" style=\"border-radius:10px;background-color:#13536e\" target=\"_blank\" rel=\"noreferrer noopener\">L&rsquo;espace du Particulier<\/a><\/div>\n<\/div>\n<\/div>\n\n\n\n<div class=\"wp-block-column is-layout-flow wp-block-column-is-layout-flow\">\n<div class=\"wp-block-image is-style-rounded\"><figure class=\"aligncenter size-full is-resized\"><img data-recalc-dims=\"1\" loading=\"lazy\" decoding=\"async\" src=\"https:\/\/i0.wp.com\/amg2l.com\/wp-content\/uploads\/2022\/02\/pre%CC%81voyance.jpg?resize=356%2C233&#038;ssl=1\" alt=\"Changer pour mieux avec MG2L\" class=\"wp-image-3561\" width=\"356\" height=\"233\"\/><\/figure><\/div>\n\n\n\n<div class=\"wp-block-buttons is-layout-flex wp-block-buttons-is-layout-flex\">\n<div class=\"wp-block-button has-custom-width wp-block-button__width-100\"><a class=\"wp-block-button__link has-background\" href=\"https:\/\/amg2l.com\/?page_id=75\" style=\"border-radius:10px;background-color:#13536e\" target=\"_blank\" rel=\"noreferrer noopener\">L&rsquo;espace du Professionnel<\/a><\/div>\n<\/div>\n<\/div>\n<\/div>\n<\/div><\/div>\n\n\n\n<h2 class=\"has-text-align-center has-text-color wp-block-heading\" id=\"la-demarche-est-simple\" style=\"color:#820002\"><strong>La d\u00e9marche est simple<\/strong><\/h2>\n\n\n\n<p class=\"has-text-align-justify has-text-color has-medium-font-size\" style=\"color:#0f4a79\">Vous souhaitez revoir vos assurances dans l&rsquo;objectif de faire des \u00e9conomies ou recherchez une nouvelle assurance dans le cadre de votre vie priv\u00e9e ou votre vie professionnelle en \u00e9tant certain de payer au meilleur prix: <\/p>\n\n\n\n<p class=\"has-text-color has-medium-font-size\" style=\"color:#0f4a79\"><strong><a href=\"https:\/\/amg2l.com\/?page_id=2479\" data-type=\"page\" data-id=\"2479\">Prenez contact<\/a> <\/strong>et nous \u00e9tablirons une analyse pr\u00e9cise de vos contrats professionnels et\/ou particulier, et ce sans engagement!<\/p>\n\n\n<dl class=\"jetpack-business-hours wp-block-jetpack-business-hours\"><div class=\"jetpack-business-hours__item\"><dt class=\"Mon\">Lundi<\/dt><dd class=\"Mon\">09:00 &#8211; 17:00<\/dd><\/div><div class=\"jetpack-business-hours__item\"><dt class=\"Tue\">Mardi<\/dt><dd class=\"Tue\">09:00 &#8211; 17:00<\/dd><\/div><div class=\"jetpack-business-hours__item\"><dt class=\"Wed\">Mercredi<\/dt><dd class=\"Wed\">09:00 &#8211; 17:00<\/dd><\/div><div class=\"jetpack-business-hours__item\"><dt class=\"Thu\">Jeudi<\/dt><dd class=\"Thu\">09:00 &#8211; 17:00<\/dd><\/div><div class=\"jetpack-business-hours__item\"><dt class=\"Fri\">Vendredi<\/dt><dd class=\"Fri\">09:00 &#8211; 17:00<\/dd><\/div><div class=\"jetpack-business-hours__item\"><dt class=\"Sat\">Samedi<\/dt><dd class=\"Sat\">Ferm\u00e9<\/dd><\/div><div class=\"jetpack-business-hours__item\"><dt class=\"Sun\">Dimanche<\/dt><dd class=\"Sun\">Ferm\u00e9<\/dd><\/div><\/dl>\n\n<p><!-- Global site tag (gtag.js) - Google Analytics --><br \/><script async=\"\" src=\"https:\/\/www.googletagmanager.com\/gtag\/js?id=G-WNLSXXSBPY\"><\/script><br \/><script><br \/>\n  window.dataLayer = window.dataLayer || [];<br \/>\n  function gtag(){dataLayer.push(arguments);}<br \/>\n  gtag('js', new Date());<\/p>\n<p>  gtag('config', 'G-WNLSXXSBPY');<br \/>\n<\/script><\/p>","protected":false},"excerpt":{"rendered":"<p>IND\u00c9PENDANCE &#8211; CONFIANCE- PROFESSIONNALISME Nous recherchons pour vous le produit d&rsquo;assurance adapt\u00e9 \u00e0 votre profil et \u00e0 votre besoin. Nous s\u00e9lectionnons avec soin les partenaires pour vous proposer les meilleures &hellip; <a href=\"https:\/\/www.amg2l.com\/\" class=\"more-link\">Lire la suite <span class=\"screen-reader-text\">Accueil MG2L<\/span><\/a><\/p>\n","protected":false},"author":1,"featured_media":0,"parent":0,"menu_order":0,"comment_status":"closed","ping_status":"closed","template":"","meta":{"footnotes":""},"class_list":["post-42","page","type-page","status-publish","hentry"],"jetpack_sharing_enabled":true,"_links":{"self":[{"href":"https:\/\/www.amg2l.com\/index.php?rest_route=\/wp\/v2\/pages\/42","targetHints":{"allow":["GET"]}}],"collection":[{"href":"https:\/\/www.amg2l.com\/index.php?rest_route=\/wp\/v2\/pages"}],"about":[{"href":"https:\/\/www.amg2l.com\/index.php?rest_route=\/wp\/v2\/types\/page"}],"author":[{"embeddable":true,"href":"https:\/\/www.amg2l.com\/index.php?rest_route=\/wp\/v2\/users\/1"}],"replies":[{"embeddable":true,"href":"https:\/\/www.amg2l.com\/index.php?rest_route=%2Fwp%2Fv2%2Fcomments&post=42"}],"version-history":[{"count":17,"href":"https:\/\/www.amg2l.com\/index.php?rest_route=\/wp\/v2\/pages\/42\/revisions"}],"predecessor-version":[{"id":3987,"href":"https:\/\/www.amg2l.com\/index.php?rest_route=\/wp\/v2\/pages\/42\/revisions\/3987"}],"wp:attachment":[{"href":"https:\/\/www.amg2l.com\/index.php?rest_route=%2Fwp%2Fv2%2Fmedia&parent=42"}],"curies":[{"name":"wp","href":"https:\/\/api.w.org\/{rel}","templated":true}]}}