{"id":524,"date":"2021-02-03T15:28:13","date_gmt":"2021-02-03T15:28:13","guid":{"rendered":"https:\/\/amg2l.com\/?page_id=524"},"modified":"2022-02-16T07:50:41","modified_gmt":"2022-02-16T07:50:41","slug":"multirisque-habitation","status":"publish","type":"page","link":"https:\/\/www.amg2l.com\/?page_id=524","title":{"rendered":"Mon Assurance Habitation"},"content":{"rendered":"\n<div class=\"wp-block-group alignfull\"><div class=\"wp-block-group__inner-container is-layout-flow wp-block-group-is-layout-flow\">\n<div class=\"wp-block-jetpack-layout-grid alignfull margin-bottom-none column1-desktop-grid__span-11 column1-desktop-grid__start-2 column1-desktop-grid__row-1 column1-tablet-grid__span-8 column1-tablet-grid__row-1 column1-mobile-grid__span-4 column1-mobile-grid__row-1 wp-block-jetpack-layout-gutter__huge\">\n<div class=\"wp-block-jetpack-layout-grid-column wp-block-jetpack-layout-grid__padding-none\">\n<hr class=\"wp-block-separator has-text-color has-background has-foreground-dark-background-color has-foreground-dark-color is-style-wide\"\/>\n\n\n\n<p class=\"has-drop-cap has-text-align-center has-text-color has-medium-font-size\" style=\"color:#0f4a79\">Le contrat multirisques\u00a0<strong>habitation<\/strong>\u00a0(MRH) couvre les dommages qui pourraient affecter les biens de l&rsquo;assur\u00e9 : incendie, d\u00e9g\u00e2t des eaux, gel des canalisations, catastrophe naturelle et temp\u00eate, cambriolage et vandalisme, bris de glace. &#8230; Les objets de valeurs sont\u00a0<strong>garantis<\/strong>\u00a0en fonction des contrats.<br>Le contrat peut concerner votre r\u00e9sidence principale, votre r\u00e9sidence secondaire (Propri\u00e9taire Occupant) ou une r\u00e9sidence locative (Propri\u00e9taire Non Occupant)<\/p>\n\n\n\n<div class=\"wp-block-columns is-layout-flex wp-container-core-columns-is-layout-9d6595d7 wp-block-columns-is-layout-flex\">\n<div class=\"wp-block-column is-layout-flow wp-block-column-is-layout-flow\"><style>.kb-image_3c6ca0-9d.kb-image-is-ratio-size, .kb-image_3c6ca0-9d .kb-image-is-ratio-size{max-width:818px;width:100%;}.wp-block-kadence-column > .kt-inside-inner-col > .kb-image_3c6ca0-9d.kb-image-is-ratio-size, .wp-block-kadence-column > .kt-inside-inner-col > .kb-image_3c6ca0-9d .kb-image-is-ratio-size{align-self:unset;}.kb-image_3c6ca0-9d figure{max-width:818px;}.kb-image_3c6ca0-9d .image-is-svg, .kb-image_3c6ca0-9d .image-is-svg img{width:100%;}.kb-image_3c6ca0-9d .kb-image-has-overlay:after{opacity:0.3;}<\/style>\n<div class=\"wp-block-kadence-image kb-image_3c6ca0-9d\"><figure class=\"aligncenter size-full\"><img data-recalc-dims=\"1\" loading=\"lazy\" decoding=\"async\" width=\"500\" height=\"358\" src=\"https:\/\/i0.wp.com\/amg2l.com\/wp-content\/uploads\/2022\/02\/mrh.gif?resize=500%2C358&#038;ssl=1\" alt=\"Prot\u00e9gez vos biens immobiliers, r\u00e9sidence principale et locative avec une assurance habitation de qualit\u00e9\" class=\"kb-img wp-image-3945\"\/><figcaption>Gr\u00e2ce \u00e0 la loi Hamon, r\u00e9siliez votre contrat habitation \u00e0 n&rsquo;importe quel moment apr\u00e8s 1 an d&rsquo;engagement!<\/figcaption><\/figure><\/div>\n<\/div>\n<\/div>\n\n\n\n<p><span style=\"color: #0f4a79;\">Sont <strong>garantis<\/strong> dans la MRH:<\/span><\/p>\n<ul>\n<li><span style=\"color: #0f4a79;\">les locaux \u00e0 usage d\u2019habitation (maison ou appartement)<\/span><\/li>\n<li><span style=\"color: #0f4a79;\">les cl\u00f4tures et murs de sout\u00e8nement<\/span><\/li>\n<li><span style=\"color: #0f4a79;\">la quote-part des parties communes si vous \u00eates coprori\u00e9taires<\/span><\/li>\n<li><span style=\"color: #0f4a79;\">les d\u00e9pendances (principalement construites en dur)<\/span><\/li>\n<li><span style=\"color: #0f4a79;\">les garages et les caves<\/span><\/li>\n<li><span style=\"color: #0f4a79;\">les am\u00e9nagements immobiliers<\/span><\/li>\n<li><span style=\"color: #0f4a79;\">v\u00e9randas (si d\u00e9clar\u00e9e lors de la souscription)<\/span><\/li>\n<li><span style=\"color: #0f4a79;\">les embellissements, le contenu (mobilier, mat\u00e9riel, marchandises&#8230;), ainsi que les petits dommages immobiliers (raccords de pl\u00e2tre, de parquets, r\u00e9fection d&rsquo;installation \u00e9lectrique&#8230;) et les dommages cons\u00e9cutifs aux mesures de sauvetage\u00a0;<\/span><br \/><br \/><span style=\"color: #0f4a79;\">Ne sont <strong>pas garantis<\/strong>:<\/span><br \/><br \/><\/li>\n<li><span style=\"color: #0f4a79;\">les b\u00e2timents en cours de construction<\/span><\/li>\n<li><span style=\"color: #0f4a79;\">les plantations, v\u00e9g\u00e9taux<\/span><\/li>\n<li><span style=\"color: #0f4a79;\">les installations d\u2019\u00e9clairage ou de loisirs<\/span><\/li>\n<li><span style=\"color: #0f4a79;\">les canalisations ext\u00e9rieures<\/span><\/li>\n<li><span style=\"color: #0f4a79;\">les abris de jardin<\/span><\/li>\n<\/ul>\n\n\n\n<h2 class=\"wp-block-heading\" id=\"garantie-responsabilite-civile-et-civile-vie-privee\">GARANTIE RESPONSABILIT\u00c9 CIVILE ET CIVILE \u00ab\u00a0VIE PRIV\u00c9E\u00a0\u00bb<\/h2>\n\n\n\n<div class=\"wp-block-columns is-layout-flex wp-container-core-columns-is-layout-9d6595d7 wp-block-columns-is-layout-flex\">\n<div class=\"wp-block-column is-layout-flow wp-block-column-is-layout-flow\" style=\"flex-basis:50%\">\n<p class=\"has-drop-cap has-text-align-justify has-text-color has-medium-font-size\" style=\"color:#0f4a79\">Toute personne peut causer involontairement un dommage \u00e0 une tierce personne.  La responsabilit\u00e9 civile, telle qu\u2019elle est d\u00e9finie par la loi, implique l\u2019obligation de r\u00e9parer le dommage caus\u00e9. Elle n\u2019a pas de limite\u00a0: certains doivent payer toute leur vie pour les cons\u00e9quences de leurs actes. En effet, la somme \u00e0 payer n\u2019est pas li\u00e9e \u00e0 la gravit\u00e9 de la faute ou \u00e0 l\u2019imprudence commise, mais est fonction de l\u2019importance des dommages. Avec la garantie responsabilit\u00e9 civile du contrat d\u2019assurance multirisques habitation, l\u2019assureur se substitue au responsable pour indemniser la victime.<br><a rel=\"noreferrer noopener\" href=\"https:\/\/www.service-public.fr\/particuliers\/vosdroits\/F2123\" target=\"_blank\">Cette garantie<\/a>\u00a0responsabilit\u00e9 civile permet d&rsquo;indemniser vos voisins et les tiers victimes de dommages dont vous seriez responsable (d\u00e9g\u00e2t des eaux, incendie prenant naissance \u00e0 l&rsquo;int\u00e9rieur de votre domicile et causant \u00e0 autrui des dommages).<br><br>La garantie responsabilit\u00e9 civile \u00ab vie priv\u00e9e\u00a0\u00bb vous couvre ainsi que les membres de votre foyer en cas de dommages ou sinistres caus\u00e9s \u00e0 un tiers. Elle s&rsquo;applique en cas de dommages corporels, mat\u00e9riels et immat\u00e9riels cons\u00e9cutifs.<\/p>\n<\/div>\n\n\n\n<div class=\"wp-block-column is-layout-flow wp-block-column-is-layout-flow\" style=\"flex-basis:50%\">\n<figure class=\"wp-block-image size-full is-resized is-style-default\"><img data-recalc-dims=\"1\" loading=\"lazy\" decoding=\"async\" src=\"https:\/\/i0.wp.com\/amg2l.com\/wp-content\/uploads\/2022\/02\/LOCATION_SAISONNIERE.gif?resize=589%2C275&#038;ssl=1\" alt=\"\" class=\"wp-image-3951\" width=\"589\" height=\"275\"\/><figcaption>Assurez vos locations, votre r\u00e9sidence principale et votre r\u00e9sidence secondaire<\/figcaption><\/figure>\n\n\n<style>.kb-image_183eef-7f.kb-image-is-ratio-size, .kb-image_183eef-7f .kb-image-is-ratio-size{max-width:717px;width:100%;}.wp-block-kadence-column > .kt-inside-inner-col > .kb-image_183eef-7f.kb-image-is-ratio-size, .wp-block-kadence-column > .kt-inside-inner-col > .kb-image_183eef-7f .kb-image-is-ratio-size{align-self:unset;}.kb-image_183eef-7f{max-width:717px;}.image-is-svg.kb-image_183eef-7f{-webkit-flex:0 1 100%;flex:0 1 100%;}.image-is-svg.kb-image_183eef-7f img{width:100%;}.kb-image_183eef-7f .kb-image-has-overlay:after{opacity:0.3;}<\/style>\n<figure class=\"wp-block-kadence-image kb-image_183eef-7f size-large\"><img data-recalc-dims=\"1\" loading=\"lazy\" decoding=\"async\" width=\"740\" height=\"210\" src=\"https:\/\/i0.wp.com\/amg2l.com\/wp-content\/uploads\/2022\/02\/assurance-responsabilite-civile-velo-quelles-compagnies-1024x291.png?resize=740%2C210&#038;ssl=1\" alt=\"\" class=\"kb-img wp-image-3946\" srcset=\"https:\/\/i0.wp.com\/www.amg2l.com\/wp-content\/uploads\/2022\/02\/assurance-responsabilite-civile-velo-quelles-compagnies.png?resize=1024%2C291&amp;ssl=1 1024w, https:\/\/i0.wp.com\/www.amg2l.com\/wp-content\/uploads\/2022\/02\/assurance-responsabilite-civile-velo-quelles-compagnies.png?resize=300%2C85&amp;ssl=1 300w, https:\/\/i0.wp.com\/www.amg2l.com\/wp-content\/uploads\/2022\/02\/assurance-responsabilite-civile-velo-quelles-compagnies.png?resize=768%2C218&amp;ssl=1 768w, https:\/\/i0.wp.com\/www.amg2l.com\/wp-content\/uploads\/2022\/02\/assurance-responsabilite-civile-velo-quelles-compagnies.png?w=1513&amp;ssl=1 1513w\" sizes=\"auto, (max-width: 740px) 100vw, 740px\" \/><figcaption>MG2L vous accompagne pour optimiser votre assurance habitation<\/figcaption><\/figure>\n<\/div>\n<\/div>\n\n\n\n<h2 class=\"wp-block-heading\" id=\"garantie-incendie\">GARANTIE INCENDIE<\/h2>\n\n\n\n<div class=\"wp-block-columns is-layout-flex wp-container-core-columns-is-layout-9d6595d7 wp-block-columns-is-layout-flex\">\n<div class=\"wp-block-column is-layout-flow wp-block-column-is-layout-flow\" style=\"flex-basis:50%\">\n<p class=\"has-text-align-justify has-text-color has-medium-font-size\" style=\"color:#0f4a79\">La garantie Incendie couvre les  dommages li\u00e9s \u00e0 un incendie, mais \u00e9galement ceux caus\u00e9s par une explosion. Les dommages caus\u00e9s par la foudre, la fum\u00e9e, les secours et les premiers sauvetages sont eux aussi couverts au titre de cette garantie. En plus des garanties l\u00e9gales, sont g\u00e9n\u00e9ralement annex\u00e9s \u00e0 la garantie incendie\u00a0:\u00a0les accidents d\u2019ordre \u00e9lectrique et\u00a0les dommages caus\u00e9s par un exc\u00e8s de chaleur sans qu\u2019il y ait incendie. Cette garantie couvre l\u2019habitation et son contenu dans les limites pr\u00e9vues par le contrat d\u2019assurance habitation. <br><br>La garantie incendie couvre les responsabilit\u00e9s du locataire et du propri\u00e9taire.\u00a0Ainsi, sont couvertes les cons\u00e9quences financi\u00e8res imputables \u00e0\u00a0: <br>\ud83d\udc49\ud83c\udffbla responsabilit\u00e9 du locataire \u00e0 l\u2019\u00e9gard du propri\u00e9taire. Cette garantie, appel\u00e9e garantie des risques locatifs, est obligatoire ;<br>\ud83d\udc49\ud83c\udffbla responsabilit\u00e9 du propri\u00e9taire \u00e0 l\u2019\u00e9gard du locataire (assurance obligatoire pour le copropri\u00e9taire) ;<br>\ud83d\udc49\ud83c\udffbla responsabilit\u00e9 du locataire et du propri\u00e9taire \u00e0 l\u2019\u00e9gard des voisins et des tiers (assurance obligatoire pour le copropri\u00e9taire).<br>\ud83d\udc49\ud83c\udffbLe logement provisoire\u00a0si vous ne pouvez plus demeurer chez vous ;<br>\ud83d\udc49\ud83c\udffbL&rsquo;acc\u00e8s aux objets de premi\u00e8re n\u00e9cessit\u00e9\u00a0jusqu\u2019au montant stipul\u00e9 dans le contrat ;<br>\ud83d\udc49\ud83c\udffbLe\u00a0service de surveillance de votre logement ;<br>\ud83d\udc49\ud83c\udffbLes\u00a0honoraires\u00a0d\u2019experts<strong> ;<\/strong><br>\ud83d\udc49\ud83c\udffbLe d\u00e9placement des professionnels pour des r\u00e9parations\u00a0\u00e9lectriques, de plomberie et de serrurerie<\/p>\n<\/div>\n\n\n\n<div class=\"wp-block-column is-layout-flow wp-block-column-is-layout-flow\" style=\"flex-basis:50%\">\n<figure class=\"wp-block-image size-full is-resized is-style-default\"><img data-recalc-dims=\"1\" loading=\"lazy\" decoding=\"async\" src=\"https:\/\/i0.wp.com\/amg2l.com\/wp-content\/uploads\/2022\/02\/incendie-1.gif?resize=646%2C293&#038;ssl=1\" alt=\"\" class=\"wp-image-3952\" width=\"646\" height=\"293\"\/><\/figure>\n\n\n<style>.kb-image_e91534-bb.kb-image-is-ratio-size, .kb-image_e91534-bb .kb-image-is-ratio-size{max-width:510px;width:100%;}.wp-block-kadence-column > .kt-inside-inner-col > .kb-image_e91534-bb.kb-image-is-ratio-size, .wp-block-kadence-column > .kt-inside-inner-col > .kb-image_e91534-bb .kb-image-is-ratio-size{align-self:unset;}.kb-image_e91534-bb{max-width:510px;}.image-is-svg.kb-image_e91534-bb{-webkit-flex:0 1 100%;flex:0 1 100%;}.image-is-svg.kb-image_e91534-bb img{width:100%;}.kb-image_e91534-bb .kb-image-has-overlay:after{opacity:0.3;}<\/style>\n<figure class=\"wp-block-kadence-image kb-image_e91534-bb size-full kb-image-is-ratio-size\"><div class=\"kb-is-ratio-image kb-image-ratio-land43\"><img data-recalc-dims=\"1\" loading=\"lazy\" decoding=\"async\" width=\"400\" height=\"300\" src=\"https:\/\/i0.wp.com\/amg2l.com\/wp-content\/uploads\/2022\/02\/incendie.gif?resize=400%2C300&#038;ssl=1\" alt=\"\" class=\"kb-img wp-image-3947\"\/><\/div><\/figure>\n<\/div>\n<\/div>\n\n\n\n<h2 class=\"wp-block-heading\" id=\"garantie-vol-effraction\">GARANTIE VOL\/EFFRACTION<\/h2>\n\n\n\n<div class=\"wp-block-columns is-layout-flex wp-container-core-columns-is-layout-9d6595d7 wp-block-columns-is-layout-flex\">\n<div class=\"wp-block-column is-layout-flow wp-block-column-is-layout-flow\" style=\"flex-basis:50%\">\n<ul class=\"has-text-color has-medium-font-size wp-block-list\" style=\"color:#0f4a79\"><li>Vol par effraction ou escalade au sein de l&rsquo;habitation <\/li><li>Vol suite \u00e0 violence et\/ou menace sur la personne assur\u00e9 ;<\/li><li>Vol par des personnes travaillant au domicile de l&rsquo;assur\u00e9 sous condition que ce dernier ait port\u00e9 plainte<\/li><li>Vol suite \u00e0 une introduction clandestine  \u00e0 l&rsquo;insu de l&rsquo;assur\u00e9 occupant lorsqu&rsquo;il est pr\u00e9sent dans son habitation.<\/li><li>Vol suite \u00e0 l&rsquo;utilisation de fausses cl\u00e9s <\/li><\/ul>\n<\/div>\n\n\n\n<div class=\"wp-block-column is-layout-flow wp-block-column-is-layout-flow\" style=\"flex-basis:50%\"><style>.kb-image_6cbc54-ee .kb-image-has-overlay:after{opacity:0.3;}<\/style>\n<figure class=\"wp-block-kadence-image kb-image_6cbc54-ee size-full\"><img data-recalc-dims=\"1\" loading=\"lazy\" decoding=\"async\" width=\"710\" height=\"400\" src=\"https:\/\/i0.wp.com\/amg2l.com\/wp-content\/uploads\/2022\/02\/vol.jpg?resize=710%2C400&#038;ssl=1\" alt=\"\" class=\"kb-img wp-image-3948\" srcset=\"https:\/\/i0.wp.com\/www.amg2l.com\/wp-content\/uploads\/2022\/02\/vol.jpg?w=710&amp;ssl=1 710w, https:\/\/i0.wp.com\/www.amg2l.com\/wp-content\/uploads\/2022\/02\/vol.jpg?resize=300%2C169&amp;ssl=1 300w\" sizes=\"auto, (max-width: 710px) 100vw, 710px\" \/><\/figure>\n<\/div>\n<\/div>\n<\/div>\n<\/div>\n\n\n\n<div class=\"wp-block-columns is-layout-flex wp-container-core-columns-is-layout-9d6595d7 wp-block-columns-is-layout-flex\">\n<div class=\"wp-block-column is-layout-flow wp-block-column-is-layout-flow\" style=\"flex-basis:50%\">\n<p style=\"text-align: justify;\"><span style=\"color: #0f4a79;\">Les\u00a0<strong>autres garanties<\/strong>\u00a0bien connues d\u2019un contrat MRH sont :<\/span><\/p>\n<ul style=\"text-align: justify;\">\n<li><span style=\"color: #0f4a79;\">la garantie\u00a0<strong>d\u00e9g\u00e2ts des eaux<\/strong>\u00a0(fiche pratique de l\u2019INC sur \u00ab\u00a0L\u2019assurance d\u00e9g\u00e2ts des eaux\u00a0\u00bb),<\/span><\/li>\n<li><span style=\"color: #0f4a79;\">la garantie\u00a0<strong>gel des canalisations<\/strong>\u00a0(fiche pratique de l\u2019INC sur \u00ab\u00a0Les dommages caus\u00e9s par le gel\u00a0\u00bb),<\/span><\/li>\n<li><span style=\"color: #0f4a79;\">les\u00a0<strong>garanties catastrophes naturelles et temp\u00eate<\/strong>\u00a0(fiche pratique de l\u2019INC sur \u00ab\u00a0L\u2019assurance des temp\u00eates et des catastrophes naturelles\u00a0\u00bb).<\/span><\/li>\n<\/ul>\n<p style=\"text-align: justify;\"><span style=\"color: #0f4a79;\">Il existe \u00e9galement une garantie\u00a0<strong>bris de glace<\/strong>\u00a0(pour les vitres, fen\u00eatres, panneaux solaires, etc.) ainsi que<strong>\u00a0vol<\/strong> (\u00e0 l\u2019int\u00e9rieur des b\u00e2timents avec effraction ou \u00e0 l\u2019ext\u00e9rieur avec agression) et <strong>vandalisme<\/strong>\u00a0(d\u00e9t\u00e9riorations du b\u00e2timent telles que des tags ou l\u2019enfoncement d\u2019une cl\u00f4ture ou d\u2019un portail).<\/span><\/p>\n<\/div>\n\n\n\n<div class=\"wp-block-column is-layout-flow wp-block-column-is-layout-flow\" style=\"flex-basis:50%\"><style>.kb-image_571f02-db.kb-image-is-ratio-size, .kb-image_571f02-db .kb-image-is-ratio-size{max-width:922px;width:100%;}.wp-block-kadence-column > .kt-inside-inner-col > .kb-image_571f02-db.kb-image-is-ratio-size, .wp-block-kadence-column > .kt-inside-inner-col > .kb-image_571f02-db .kb-image-is-ratio-size{align-self:unset;}.kb-image_571f02-db{max-width:922px;}.image-is-svg.kb-image_571f02-db{-webkit-flex:0 1 100%;flex:0 1 100%;}.image-is-svg.kb-image_571f02-db img{width:100%;}.kb-image_571f02-db .kb-image-has-overlay:after{opacity:0.3;}<\/style>\n<figure class=\"wp-block-kadence-image kb-image_571f02-db size-large kb-image-is-ratio-size\"><div class=\"kb-is-ratio-image kb-image-ratio-land43\"><img data-recalc-dims=\"1\" loading=\"lazy\" decoding=\"async\" width=\"740\" height=\"416\" src=\"https:\/\/i0.wp.com\/amg2l.com\/wp-content\/uploads\/2022\/02\/005214l86d-1024x576.jpg?resize=740%2C416&#038;ssl=1\" alt=\"\" class=\"kb-img wp-image-3954\" srcset=\"https:\/\/i0.wp.com\/www.amg2l.com\/wp-content\/uploads\/2022\/02\/005214l86d.jpg?resize=1024%2C576&amp;ssl=1 1024w, https:\/\/i0.wp.com\/www.amg2l.com\/wp-content\/uploads\/2022\/02\/005214l86d.jpg?resize=300%2C169&amp;ssl=1 300w, https:\/\/i0.wp.com\/www.amg2l.com\/wp-content\/uploads\/2022\/02\/005214l86d.jpg?resize=768%2C432&amp;ssl=1 768w, https:\/\/i0.wp.com\/www.amg2l.com\/wp-content\/uploads\/2022\/02\/005214l86d.jpg?w=1440&amp;ssl=1 1440w\" sizes=\"auto, (max-width: 740px) 100vw, 740px\" \/><\/div><\/figure>\n<\/div>\n<\/div>\n\n\n\n<p style=\"text-align: justify;\"><span style=\"color: #0f4a79;\">Enfin, peuvent \u00eatre souscrits, sur option moyennant surprime ou compris dans le contrat de base, selon les assureurs, un certain nombre de\u00a0<strong>garanties\u00a0compl\u00e9mentaires<\/strong>\u00a0:<\/span><\/p>\n<ul>\n<li style=\"text-align: justify;\"><span style=\"color: #0f4a79;\">garantie voyage (pour prendre en charge, par exemple, l\u2019annulation d\u2019un s\u00e9jour, les frais de recherche, le rapatriement),<\/span><\/li>\n<li style=\"text-align: justify;\"><span style=\"color: #0f4a79;\">pertes d\u2019eau (prise en charge du surco\u00fbt de consommation d\u2019eau engendr\u00e9 par une fuite ou une rupture de canalisation),<\/span><\/li>\n<li style=\"text-align: justify;\"><span style=\"color: #0f4a79;\">vill\u00e9giature (logements de vacances),<\/span><\/li>\n<li style=\"text-align: justify;\"><span style=\"color: #0f4a79;\">pertes de denr\u00e9es dans un cong\u00e9lateur\u00a0(cons\u00e9cutives \u00e0 une panne de courant, une panne de l\u2019appareil),<\/span><\/li>\n<li style=\"text-align: justify;\"><span style=\"color: #0f4a79;\">panne des appareils \u00e9lectrom\u00e9nagers,<\/span><\/li>\n<li style=\"text-align: justify;\"><span style=\"color: #0f4a79;\">assurance scolaire\u00a0<\/span><\/li>\n<\/ul>\n\n\n\n<div class=\"wp-block-buttons is-layout-flex wp-block-buttons-is-layout-flex\">\n<div class=\"wp-block-button has-custom-width wp-block-button__width-50 is-style-fill\"><a class=\"wp-block-button__link has-background\" href=\"https:\/\/amg2l.com\/\" style=\"background-color:#0f4a79\">RETOUR ACCUEIL<\/a><\/div>\n\n\n\n<div class=\"wp-block-button has-custom-width wp-block-button__width-50 is-style-fill\"><a class=\"wp-block-button__link has-background\" href=\"https:\/\/docs.google.com\/forms\/d\/e\/1FAIpQLSf9uDZghbygindtaZBHhHKhstdI8st64u8by65OGqezWR539w\/viewform\" style=\"border-radius:20px;background-color:#820002\">CONTACTEZ-NOUS<\/a><\/div>\n<\/div>\n\n\n\n\n\n<div class=\"wp-block-jetpack-layout-grid alignfull margin-top-none column1-desktop-grid__span-1 column1-desktop-grid__row-1 column2-desktop-grid__span-1 column2-desktop-grid__start-2 column2-desktop-grid__row-1 column3-desktop-grid__span-10 column3-desktop-grid__start-3 column3-desktop-grid__row-1 column1-tablet-grid__span-4 column1-tablet-grid__row-1 column2-tablet-grid__span-4 column2-tablet-grid__start-5 column2-tablet-grid__row-1 column3-tablet-grid__span-8 column3-tablet-grid__row-2 column1-mobile-grid__span-4 column1-mobile-grid__row-1 column2-mobile-grid__span-4 column2-mobile-grid__row-2 column3-mobile-grid__span-4 column3-mobile-grid__row-3 wp-block-jetpack-layout-gutter__huge\">\n<div class=\"wp-block-jetpack-layout-grid-column wp-block-jetpack-layout-grid__padding-none\"><\/div>\n\n\n\n<div class=\"wp-block-jetpack-layout-grid-column wp-block-jetpack-layout-grid__padding-none\"><\/div>\n\n\n\n<div class=\"wp-block-jetpack-layout-grid-column wp-block-jetpack-layout-grid__padding-none\">\n<hr class=\"wp-block-separator has-text-color has-background has-foreground-dark-background-color has-foreground-dark-color is-style-wide\"\/>\n<\/div>\n<\/div>\n<\/div><\/div>\n","protected":false},"excerpt":{"rendered":"<p>Le contrat multirisques\u00a0habitation\u00a0(MRH) couvre les dommages qui pourraient affecter les biens de l&rsquo;assur\u00e9 : incendie, d\u00e9g\u00e2t des eaux, gel des canalisations, catastrophe naturelle et temp\u00eate, cambriolage et vandalisme, bris de &hellip; <a href=\"https:\/\/www.amg2l.com\/?page_id=524\" class=\"more-link\">Lire la suite <span class=\"screen-reader-text\">Mon Assurance Habitation<\/span><\/a><\/p>\n","protected":false},"author":1,"featured_media":0,"parent":0,"menu_order":0,"comment_status":"closed","ping_status":"closed","template":"","meta":{"footnotes":""},"class_list":["post-524","page","type-page","status-publish","hentry"],"jetpack_sharing_enabled":true,"_links":{"self":[{"href":"https:\/\/www.amg2l.com\/index.php?rest_route=\/wp\/v2\/pages\/524","targetHints":{"allow":["GET"]}}],"collection":[{"href":"https:\/\/www.amg2l.com\/index.php?rest_route=\/wp\/v2\/pages"}],"about":[{"href":"https:\/\/www.amg2l.com\/index.php?rest_route=\/wp\/v2\/types\/page"}],"author":[{"embeddable":true,"href":"https:\/\/www.amg2l.com\/index.php?rest_route=\/wp\/v2\/users\/1"}],"replies":[{"embeddable":true,"href":"https:\/\/www.amg2l.com\/index.php?rest_route=%2Fwp%2Fv2%2Fcomments&post=524"}],"version-history":[{"count":7,"href":"https:\/\/www.amg2l.com\/index.php?rest_route=\/wp\/v2\/pages\/524\/revisions"}],"predecessor-version":[{"id":3958,"href":"https:\/\/www.amg2l.com\/index.php?rest_route=\/wp\/v2\/pages\/524\/revisions\/3958"}],"wp:attachment":[{"href":"https:\/\/www.amg2l.com\/index.php?rest_route=%2Fwp%2Fv2%2Fmedia&parent=524"}],"curies":[{"name":"wp","href":"https:\/\/api.w.org\/{rel}","templated":true}]}}