{"id":543,"date":"2021-02-03T16:39:31","date_gmt":"2021-02-03T16:39:31","guid":{"rendered":"https:\/\/amg2l.com\/?page_id=543"},"modified":"2022-02-16T07:53:32","modified_gmt":"2022-02-16T07:53:32","slug":"proprietaire-non-occupant","status":"publish","type":"page","link":"https:\/\/www.amg2l.com\/?page_id=543","title":{"rendered":"Propri\u00e9taire Non Occupant"},"content":{"rendered":"\n<p class=\"has-text-align-center has-text-color has-medium-font-size\" style=\"color:#820002\">Propri\u00e9taire d&rsquo;un appartement ou d&rsquo;un commerce en copropri\u00e9t\u00e9? Venez profiter des offres sp\u00e9cialement n\u00e9goci\u00e9s pour vous!<\/p>\n\n\n\n<div class=\"wp-block-image\"><figure class=\"aligncenter size-large is-resized\"><img data-recalc-dims=\"1\" loading=\"lazy\" decoding=\"async\" src=\"https:\/\/i0.wp.com\/amg2l.com\/wp-content\/uploads\/2022\/02\/bonhomme-blanc-3d-images-gratuites-et-libres-de-droits-a%CC%80-te%CC%81le%CC%81charger-57-1560x1560-1-1024x1024.jpg?resize=313%2C313&#038;ssl=1\" alt=\"\" class=\"wp-image-3853\" width=\"313\" height=\"313\" srcset=\"https:\/\/i0.wp.com\/www.amg2l.com\/wp-content\/uploads\/2022\/02\/bonhomme-blanc-3d-images-gratuites-et-libres-de-droits-a%CC%80-te%CC%81le%CC%81charger-57-1560x1560-1.jpg?resize=1024%2C1024&amp;ssl=1 1024w, https:\/\/i0.wp.com\/www.amg2l.com\/wp-content\/uploads\/2022\/02\/bonhomme-blanc-3d-images-gratuites-et-libres-de-droits-a%CC%80-te%CC%81le%CC%81charger-57-1560x1560-1.jpg?resize=300%2C300&amp;ssl=1 300w, https:\/\/i0.wp.com\/www.amg2l.com\/wp-content\/uploads\/2022\/02\/bonhomme-blanc-3d-images-gratuites-et-libres-de-droits-a%CC%80-te%CC%81le%CC%81charger-57-1560x1560-1.jpg?resize=150%2C150&amp;ssl=1 150w, https:\/\/i0.wp.com\/www.amg2l.com\/wp-content\/uploads\/2022\/02\/bonhomme-blanc-3d-images-gratuites-et-libres-de-droits-a%CC%80-te%CC%81le%CC%81charger-57-1560x1560-1.jpg?resize=768%2C768&amp;ssl=1 768w, https:\/\/i0.wp.com\/www.amg2l.com\/wp-content\/uploads\/2022\/02\/bonhomme-blanc-3d-images-gratuites-et-libres-de-droits-a%CC%80-te%CC%81le%CC%81charger-57-1560x1560-1.jpg?resize=1536%2C1536&amp;ssl=1 1536w, https:\/\/i0.wp.com\/www.amg2l.com\/wp-content\/uploads\/2022\/02\/bonhomme-blanc-3d-images-gratuites-et-libres-de-droits-a%CC%80-te%CC%81le%CC%81charger-57-1560x1560-1.jpg?resize=1500%2C1500&amp;ssl=1 1500w, https:\/\/i0.wp.com\/www.amg2l.com\/wp-content\/uploads\/2022\/02\/bonhomme-blanc-3d-images-gratuites-et-libres-de-droits-a%CC%80-te%CC%81le%CC%81charger-57-1560x1560-1.jpg?w=1560&amp;ssl=1 1560w\" sizes=\"auto, (max-width: 313px) 100vw, 313px\" \/><\/figure><\/div>\n\n\n\n<p class=\"has-text-align-center has-text-color\" style=\"color:#820002\">Notre \u00e9quipe a souscrit pour vous des contrats collectifs pour vous faire b\u00e9n\u00e9ficier d&rsquo;une offre tr\u00e8s comp\u00e9titive en terme de garanties et de prix<\/p>\n\n\n\n<p class=\"has-text-align-center has-text-color\" style=\"color:#820002;font-size:18px\"><strong>Appartement en Copropri\u00e9t\u00e9 entre 0 et 200m2<\/strong><\/p>\n\n\n\n<p class=\"has-text-align-center has-text-color\" style=\"color:#24910b;font-size:18px\"> <strong>75\u20ac TTC\/an et 20\u20ac de frais de dossier lors de l&rsquo;adh\u00e9sion!<\/strong> <\/p>\n\n\n\n<p class=\"has-text-align-center has-text-color\" style=\"color:#820002;font-size:18px\"><strong>Local \u00e0 usage professionnel en Copropri\u00e9t\u00e9 entre 0 et 600m2<\/strong><\/p>\n\n\n\n<p class=\"has-text-align-center has-text-color\" style=\"color:#238115;font-size:18px\"><strong>99\u20ac TTC\/an et 20\u20ac de frais de dossier lors de l&rsquo;adh\u00e9sion!<\/strong><\/p>\n\n\n\n<p>Ces 2 contrats collectifs vous couvrent en tant que bailleur sur votre :<\/p>\n\n\n\n<p>\u2705 Responsabilit\u00e9 Civile de copropri\u00e9taire bailleur non occupant du bien lou\u00e9 en copropri\u00e9t\u00e9<\/p>\n\n\n\n<p>\u2705 Contre les dommages mobiliers et immobiliers, en compl\u00e9ment ou \u00e0 d\u00e9faut, de l\u2019assurance de la copropri\u00e9t\u00e9 ou de l\u2019assurance du locataire.<\/p>\n\n\n\n<p class=\"has-text-align-center has-text-color has-medium-font-size\" style=\"color:#820002\">Notre \u00e9quipe est l\u00e0 pour vous accompagner sur votre besoin et rechercher les conditions de march\u00e9 les plus adapt\u00e9es \u00e0 votre profil. Parlons en ensemble! \ud83d\ude01<\/p>\n\n\n\n<div class=\"wp-block-buttons is-layout-flex wp-block-buttons-is-layout-flex\">\n<div class=\"wp-block-button has-custom-width wp-block-button__width-50\"><a class=\"wp-block-button__link has-background\" href=\"https:\/\/docs.google.com\/forms\/d\/e\/1FAIpQLSf9uDZghbygindtaZBHhHKhstdI8st64u8by65OGqezWR539w\/viewform\" style=\"background-color:#820002\">CONTACTEZ-NOUS<\/a><\/div>\n\n\n\n<div class=\"wp-block-button has-custom-width wp-block-button__width-50 is-style-fill\"><a class=\"wp-block-button__link has-background\" href=\"https:\/\/amg2l.com\/\" style=\"background-color:#0f4a79\">RETOUR ACCUEIL<\/a><\/div>\n<\/div>\n\n\n\n<p><\/p>\n","protected":false},"excerpt":{"rendered":"<p>Propri\u00e9taire d&rsquo;un appartement ou d&rsquo;un commerce en copropri\u00e9t\u00e9? Venez profiter des offres sp\u00e9cialement n\u00e9goci\u00e9s pour vous! Notre \u00e9quipe a souscrit pour vous des contrats collectifs pour vous faire b\u00e9n\u00e9ficier d&rsquo;une &hellip; <a href=\"https:\/\/www.amg2l.com\/?page_id=543\" class=\"more-link\">Lire la suite <span class=\"screen-reader-text\">Propri\u00e9taire Non Occupant<\/span><\/a><\/p>\n","protected":false},"author":1,"featured_media":0,"parent":0,"menu_order":0,"comment_status":"closed","ping_status":"closed","template":"","meta":{"footnotes":""},"class_list":["post-543","page","type-page","status-publish","hentry"],"jetpack_sharing_enabled":true,"_links":{"self":[{"href":"https:\/\/www.amg2l.com\/index.php?rest_route=\/wp\/v2\/pages\/543","targetHints":{"allow":["GET"]}}],"collection":[{"href":"https:\/\/www.amg2l.com\/index.php?rest_route=\/wp\/v2\/pages"}],"about":[{"href":"https:\/\/www.amg2l.com\/index.php?rest_route=\/wp\/v2\/types\/page"}],"author":[{"embeddable":true,"href":"https:\/\/www.amg2l.com\/index.php?rest_route=\/wp\/v2\/users\/1"}],"replies":[{"embeddable":true,"href":"https:\/\/www.amg2l.com\/index.php?rest_route=%2Fwp%2Fv2%2Fcomments&post=543"}],"version-history":[{"count":2,"href":"https:\/\/www.amg2l.com\/index.php?rest_route=\/wp\/v2\/pages\/543\/revisions"}],"predecessor-version":[{"id":3962,"href":"https:\/\/www.amg2l.com\/index.php?rest_route=\/wp\/v2\/pages\/543\/revisions\/3962"}],"wp:attachment":[{"href":"https:\/\/www.amg2l.com\/index.php?rest_route=%2Fwp%2Fv2%2Fmedia&parent=543"}],"curies":[{"name":"wp","href":"https:\/\/api.w.org\/{rel}","templated":true}]}}