{"id":573,"date":"2021-02-04T09:02:37","date_gmt":"2021-02-04T09:02:37","guid":{"rendered":"https:\/\/amg2l.com\/?page_id=573"},"modified":"2022-02-14T16:44:27","modified_gmt":"2022-02-14T16:44:27","slug":"protection-juridique-2","status":"publish","type":"page","link":"https:\/\/www.amg2l.com\/?page_id=573","title":{"rendered":"Protection Juridique Vie Priv\u00e9e"},"content":{"rendered":"\n<p class=\"has-text-color has-medium-font-size\" style=\"color:#0a4f79\"><strong>Notre protection juridique vous prot\u00e9gera face aux litiges dans les domaines qui impactent votre vie priv\u00e9e &#8230;<\/strong><\/p>\n\n\n\n<div class=\"wp-block-columns alignfull is-layout-flex wp-container-core-columns-is-layout-9d6595d7 wp-block-columns-is-layout-flex\">\n<div class=\"wp-block-column is-layout-flow wp-block-column-is-layout-flow\"><style>.kb-image_d0896c-8d.kb-image-is-ratio-size, .kb-image_d0896c-8d .kb-image-is-ratio-size{max-width:460px;width:100%;}.wp-block-kadence-column > .kt-inside-inner-col > .kb-image_d0896c-8d.kb-image-is-ratio-size, .wp-block-kadence-column > .kt-inside-inner-col > .kb-image_d0896c-8d .kb-image-is-ratio-size{align-self:unset;}.kb-image_d0896c-8d figure{max-width:460px;}.kb-image_d0896c-8d .image-is-svg, .kb-image_d0896c-8d .image-is-svg img{width:100%;}.kb-image_d0896c-8d .kb-image-has-overlay:after{opacity:0.3;}<\/style>\n<div class=\"wp-block-kadence-image kb-image_d0896c-8d\"><figure class=\"aligncenter size-medium_large\"><img data-recalc-dims=\"1\" loading=\"lazy\" decoding=\"async\" width=\"740\" height=\"740\" src=\"https:\/\/i0.wp.com\/amg2l.com\/wp-content\/uploads\/2022\/02\/bonhomme-blanc-3d-images-gratuites-et-libres-de-droits-a%CC%80-te%CC%81le%CC%81charger-57-1560x1560-1-768x768.jpg?resize=740%2C740&#038;ssl=1\" alt=\"\" class=\"kb-img wp-image-3853\" srcset=\"https:\/\/i0.wp.com\/www.amg2l.com\/wp-content\/uploads\/2022\/02\/bonhomme-blanc-3d-images-gratuites-et-libres-de-droits-a%CC%80-te%CC%81le%CC%81charger-57-1560x1560-1.jpg?resize=768%2C768&amp;ssl=1 768w, https:\/\/i0.wp.com\/www.amg2l.com\/wp-content\/uploads\/2022\/02\/bonhomme-blanc-3d-images-gratuites-et-libres-de-droits-a%CC%80-te%CC%81le%CC%81charger-57-1560x1560-1.jpg?resize=300%2C300&amp;ssl=1 300w, https:\/\/i0.wp.com\/www.amg2l.com\/wp-content\/uploads\/2022\/02\/bonhomme-blanc-3d-images-gratuites-et-libres-de-droits-a%CC%80-te%CC%81le%CC%81charger-57-1560x1560-1.jpg?resize=1024%2C1024&amp;ssl=1 1024w, https:\/\/i0.wp.com\/www.amg2l.com\/wp-content\/uploads\/2022\/02\/bonhomme-blanc-3d-images-gratuites-et-libres-de-droits-a%CC%80-te%CC%81le%CC%81charger-57-1560x1560-1.jpg?resize=150%2C150&amp;ssl=1 150w, https:\/\/i0.wp.com\/www.amg2l.com\/wp-content\/uploads\/2022\/02\/bonhomme-blanc-3d-images-gratuites-et-libres-de-droits-a%CC%80-te%CC%81le%CC%81charger-57-1560x1560-1.jpg?resize=1536%2C1536&amp;ssl=1 1536w, https:\/\/i0.wp.com\/www.amg2l.com\/wp-content\/uploads\/2022\/02\/bonhomme-blanc-3d-images-gratuites-et-libres-de-droits-a%CC%80-te%CC%81le%CC%81charger-57-1560x1560-1.jpg?resize=1500%2C1500&amp;ssl=1 1500w, https:\/\/i0.wp.com\/www.amg2l.com\/wp-content\/uploads\/2022\/02\/bonhomme-blanc-3d-images-gratuites-et-libres-de-droits-a%CC%80-te%CC%81le%CC%81charger-57-1560x1560-1.jpg?w=1560&amp;ssl=1 1560w\" sizes=\"auto, (max-width: 740px) 100vw, 740px\" \/><\/figure><\/div>\n<\/div>\n\n\n\n<div class=\"wp-block-column is-vertically-aligned-center is-layout-flow wp-block-column-is-layout-flow\">\n<p class=\"has-text-align-center has-text-color has-medium-font-size\" style=\"color:#0f4a79\"><strong>Habitation&nbsp; : <\/strong>Que vous soyez locataire ou propri\u00e9taire, vous rencontrez un&nbsp; litige avec vos voisins, votre syndicat de copropri\u00e9t\u00e9, votre propri\u00e9taire, les entreprises ayant r\u00e9alis\u00e9 pour vous des travaux de r\u00e9paration, d&#8217;embellissement ou d\u2019am\u00e9nagement&#8230;<\/p>\n<\/div>\n<\/div>\n\n\n\n<div class=\"wp-block-columns alignfull is-layout-flex wp-container-core-columns-is-layout-9d6595d7 wp-block-columns-is-layout-flex\">\n<div class=\"wp-block-column is-vertically-aligned-center is-layout-flow wp-block-column-is-layout-flow\">\n<p class=\"has-text-align-center has-text-color has-medium-font-size\" style=\"color:#0f4a79\"><strong>Consommation :<\/strong> Vous \u00eates victime d\u2019une escroquerie sur internet, d\u2019une publicit\u00e9 mensong\u00e8re, de vices cach\u00e9s, d\u2019un d\u00e9faillance du service apr\u00e8s-vente&#8230;<\/p>\n<\/div>\n\n\n\n<div class=\"wp-block-column is-layout-flow wp-block-column-is-layout-flow\"><style>.kb-image_a6adeb-02.kb-image-is-ratio-size, .kb-image_a6adeb-02 .kb-image-is-ratio-size{max-width:308px;width:100%;}.wp-block-kadence-column > .kt-inside-inner-col > .kb-image_a6adeb-02.kb-image-is-ratio-size, .wp-block-kadence-column > .kt-inside-inner-col > .kb-image_a6adeb-02 .kb-image-is-ratio-size{align-self:unset;}.kb-image_a6adeb-02 figure{max-width:308px;}.kb-image_a6adeb-02 .image-is-svg, .kb-image_a6adeb-02 .image-is-svg img{width:100%;}.kb-image_a6adeb-02 .kb-image-has-overlay:after{opacity:0.3;}<\/style>\n<div class=\"wp-block-kadence-image kb-image_a6adeb-02\"><figure class=\"aligncenter size-full\"><img data-recalc-dims=\"1\" loading=\"lazy\" decoding=\"async\" width=\"300\" height=\"300\" src=\"https:\/\/i0.wp.com\/amg2l.com\/wp-content\/uploads\/2022\/02\/gif-for-presentation-81.gif?resize=300%2C300&#038;ssl=1\" alt=\"\" class=\"kb-img wp-image-3854\"\/><\/figure><\/div>\n<\/div>\n<\/div>\n\n\n\n<div class=\"wp-block-columns alignfull is-layout-flex wp-container-core-columns-is-layout-9d6595d7 wp-block-columns-is-layout-flex\">\n<div class=\"wp-block-column is-layout-flow wp-block-column-is-layout-flow\"><style>.kb-image_7d565a-b7.kb-image-is-ratio-size, .kb-image_7d565a-b7 .kb-image-is-ratio-size{max-width:472px;width:100%;}.wp-block-kadence-column > .kt-inside-inner-col > .kb-image_7d565a-b7.kb-image-is-ratio-size, .wp-block-kadence-column > .kt-inside-inner-col > .kb-image_7d565a-b7 .kb-image-is-ratio-size{align-self:unset;}.kb-image_7d565a-b7 figure{max-width:472px;}.kb-image_7d565a-b7 .image-is-svg, .kb-image_7d565a-b7 .image-is-svg img{width:100%;}.kb-image_7d565a-b7 .kb-image-has-overlay:after{opacity:0.3;}<\/style>\n<div class=\"wp-block-kadence-image kb-image_7d565a-b7\"><figure class=\"aligncenter size-full\"><img data-recalc-dims=\"1\" loading=\"lazy\" decoding=\"async\" width=\"740\" height=\"555\" src=\"https:\/\/i0.wp.com\/amg2l.com\/wp-content\/uploads\/2022\/02\/image_processing20191127-17354-129w9zv.gif?resize=740%2C555&#038;ssl=1\" alt=\"\" class=\"kb-img wp-image-3855\"\/><\/figure><\/div>\n<\/div>\n\n\n\n<div class=\"wp-block-column is-vertically-aligned-center is-layout-flow wp-block-column-is-layout-flow\">\n<p class=\"has-text-align-center has-text-color has-medium-font-size\" style=\"color:#0f4a79\"><strong><strong>Activit\u00e9s collaboratives<\/strong> :<\/strong> Lors de covoiturage, soutien scolaire, \u00e9change de voiture, de logement vous rencontrez des difficult\u00e9s dans la mauvaise ex\u00e9cution de la prestation, non restitution d\u2019un bien pr\u00eat\u00e9, d\u00e9gradation, d\u00e9fectuosit\u00e9 du bien..<\/p>\n<\/div>\n<\/div>\n\n\n\n<div class=\"wp-block-columns alignfull is-layout-flex wp-container-core-columns-is-layout-9d6595d7 wp-block-columns-is-layout-flex\">\n<div class=\"wp-block-column is-vertically-aligned-center is-layout-flow wp-block-column-is-layout-flow\">\n<p class=\"has-text-align-center has-text-color has-medium-font-size\" style=\"color:#0f4a79\"><strong><strong>Relation avec les organismes de banques, de cr\u00e9dit et assurances<\/strong> : <\/strong>Vous avez un litige concernant l\u2019application de vos contrats d\u2019assurance, de prestation bancaires ou de cr\u00e9dit. La partie adverse ne r\u00e9alise pas sa partie du contrat. Prot\u00e9gez-vous!<\/p>\n<\/div>\n<\/div>\n\n\n\n<div class=\"wp-block-columns alignfull is-layout-flex wp-container-core-columns-is-layout-9d6595d7 wp-block-columns-is-layout-flex\">\n<div class=\"wp-block-column is-layout-flow wp-block-column-is-layout-flow\"><style>.kb-image_fa86fa-52.kb-image-is-ratio-size, .kb-image_fa86fa-52 .kb-image-is-ratio-size{max-width:496px;width:100%;}.wp-block-kadence-column > .kt-inside-inner-col > .kb-image_fa86fa-52.kb-image-is-ratio-size, .wp-block-kadence-column > .kt-inside-inner-col > .kb-image_fa86fa-52 .kb-image-is-ratio-size{align-self:unset;}.kb-image_fa86fa-52{max-width:496px;}.image-is-svg.kb-image_fa86fa-52{-webkit-flex:0 1 100%;flex:0 1 100%;}.image-is-svg.kb-image_fa86fa-52 img{width:100%;}.kb-image_fa86fa-52 .kb-image-has-overlay:after{opacity:0.3;}<\/style>\n<figure class=\"wp-block-kadence-image kb-image_fa86fa-52 size-full\"><img data-recalc-dims=\"1\" loading=\"lazy\" decoding=\"async\" width=\"612\" height=\"612\" src=\"https:\/\/i0.wp.com\/amg2l.com\/wp-content\/uploads\/2022\/02\/istockphoto-184856503-612x612-1.jpg?resize=612%2C612&#038;ssl=1\" alt=\"\" class=\"kb-img wp-image-3857\" srcset=\"https:\/\/i0.wp.com\/www.amg2l.com\/wp-content\/uploads\/2022\/02\/istockphoto-184856503-612x612-1.jpg?w=612&amp;ssl=1 612w, https:\/\/i0.wp.com\/www.amg2l.com\/wp-content\/uploads\/2022\/02\/istockphoto-184856503-612x612-1.jpg?resize=300%2C300&amp;ssl=1 300w, https:\/\/i0.wp.com\/www.amg2l.com\/wp-content\/uploads\/2022\/02\/istockphoto-184856503-612x612-1.jpg?resize=150%2C150&amp;ssl=1 150w\" sizes=\"auto, (max-width: 612px) 100vw, 612px\" \/><\/figure>\n<\/div>\n\n\n\n<div class=\"wp-block-column is-vertically-aligned-center is-layout-flow wp-block-column-is-layout-flow\">\n<p class=\"has-text-align-center has-text-color has-medium-font-size\" style=\"color:#0f4a79\"><strong><strong><strong>Relation avec les services publics<\/strong> : <\/strong><\/strong>Vous \u00eates confront\u00e9 \u00e0 des probl\u00e8mes avec les services d\u2019\u00e9lectricit\u00e9, de gaz, des eaux, l\u2019enseignement, les services municipaux et d\u00e9partementaux<\/p>\n<\/div>\n<\/div>\n\n\n\n<div class=\"wp-block-columns alignfull is-layout-flex wp-container-core-columns-is-layout-9d6595d7 wp-block-columns-is-layout-flex\">\n<div class=\"wp-block-column is-vertically-aligned-center is-layout-flow wp-block-column-is-layout-flow\">\n<p class=\"has-text-align-center has-text-color has-medium-font-size\" style=\"color:#0f4a79\"><strong><strong><strong>Vos loisirs<\/strong> : <\/strong><\/strong>Vous pratiquez un sport, \u00eates membre d\u2019une association b\u00e9n\u00e9vole , vous poss\u00e9dez des animaux de compagnies qui ont subis une erreur de diagnostic chez le v\u00e9t\u00e9rinaire&#8230;<\/p>\n<\/div>\n\n\n\n<div class=\"wp-block-column is-layout-flow wp-block-column-is-layout-flow\">\n<figure class=\"wp-block-image size-large is-resized is-style-rounded\"><img data-recalc-dims=\"1\" loading=\"lazy\" decoding=\"async\" src=\"https:\/\/i0.wp.com\/amg2l.com\/wp-content\/uploads\/2022\/02\/images-et-photos-gratuites-libres-de-droits-te%CC%81le%CC%81chargement-gratuits-77-1560x1560-1-1024x1024.jpg?resize=333%2C333&#038;ssl=1\" alt=\"\" class=\"wp-image-3858\" width=\"333\" height=\"333\" srcset=\"https:\/\/i0.wp.com\/www.amg2l.com\/wp-content\/uploads\/2022\/02\/images-et-photos-gratuites-libres-de-droits-te%CC%81le%CC%81chargement-gratuits-77-1560x1560-1.jpg?resize=1024%2C1024&amp;ssl=1 1024w, https:\/\/i0.wp.com\/www.amg2l.com\/wp-content\/uploads\/2022\/02\/images-et-photos-gratuites-libres-de-droits-te%CC%81le%CC%81chargement-gratuits-77-1560x1560-1.jpg?resize=300%2C300&amp;ssl=1 300w, https:\/\/i0.wp.com\/www.amg2l.com\/wp-content\/uploads\/2022\/02\/images-et-photos-gratuites-libres-de-droits-te%CC%81le%CC%81chargement-gratuits-77-1560x1560-1.jpg?resize=150%2C150&amp;ssl=1 150w, https:\/\/i0.wp.com\/www.amg2l.com\/wp-content\/uploads\/2022\/02\/images-et-photos-gratuites-libres-de-droits-te%CC%81le%CC%81chargement-gratuits-77-1560x1560-1.jpg?resize=768%2C768&amp;ssl=1 768w, https:\/\/i0.wp.com\/www.amg2l.com\/wp-content\/uploads\/2022\/02\/images-et-photos-gratuites-libres-de-droits-te%CC%81le%CC%81chargement-gratuits-77-1560x1560-1.jpg?resize=1536%2C1536&amp;ssl=1 1536w, https:\/\/i0.wp.com\/www.amg2l.com\/wp-content\/uploads\/2022\/02\/images-et-photos-gratuites-libres-de-droits-te%CC%81le%CC%81chargement-gratuits-77-1560x1560-1.jpg?resize=1500%2C1500&amp;ssl=1 1500w, https:\/\/i0.wp.com\/www.amg2l.com\/wp-content\/uploads\/2022\/02\/images-et-photos-gratuites-libres-de-droits-te%CC%81le%CC%81chargement-gratuits-77-1560x1560-1.jpg?w=1560&amp;ssl=1 1560w\" sizes=\"auto, (max-width: 333px) 100vw, 333px\" \/><\/figure>\n<\/div>\n<\/div>\n\n\n\n<div class=\"wp-block-columns alignfull is-layout-flex wp-container-core-columns-is-layout-9d6595d7 wp-block-columns-is-layout-flex\">\n<div class=\"wp-block-column is-layout-flow wp-block-column-is-layout-flow\"><style>.kb-image_e272a3-d2.kb-image-is-ratio-size, .kb-image_e272a3-d2 .kb-image-is-ratio-size{max-width:566px;width:100%;}.wp-block-kadence-column > .kt-inside-inner-col > .kb-image_e272a3-d2.kb-image-is-ratio-size, .wp-block-kadence-column > .kt-inside-inner-col > .kb-image_e272a3-d2 .kb-image-is-ratio-size{align-self:unset;}.kb-image_e272a3-d2{max-width:566px;}.image-is-svg.kb-image_e272a3-d2{-webkit-flex:0 1 100%;flex:0 1 100%;}.image-is-svg.kb-image_e272a3-d2 img{width:100%;}.kb-image_e272a3-d2 .kb-image-has-overlay:after{opacity:0.3;}<\/style>\n<figure class=\"wp-block-kadence-image kb-image_e272a3-d2 size-large\"><img data-recalc-dims=\"1\" loading=\"lazy\" decoding=\"async\" width=\"740\" height=\"503\" src=\"https:\/\/i0.wp.com\/amg2l.com\/wp-content\/uploads\/2022\/02\/denigrement-1024x696.png?resize=740%2C503&#038;ssl=1\" alt=\"\" class=\"kb-img wp-image-3859\" srcset=\"https:\/\/i0.wp.com\/www.amg2l.com\/wp-content\/uploads\/2022\/02\/denigrement.png?resize=1024%2C696&amp;ssl=1 1024w, https:\/\/i0.wp.com\/www.amg2l.com\/wp-content\/uploads\/2022\/02\/denigrement.png?resize=300%2C204&amp;ssl=1 300w, https:\/\/i0.wp.com\/www.amg2l.com\/wp-content\/uploads\/2022\/02\/denigrement.png?resize=768%2C522&amp;ssl=1 768w, https:\/\/i0.wp.com\/www.amg2l.com\/wp-content\/uploads\/2022\/02\/denigrement.png?w=1280&amp;ssl=1 1280w\" sizes=\"auto, (max-width: 740px) 100vw, 740px\" \/><\/figure>\n<\/div>\n\n\n\n<div class=\"wp-block-column is-vertically-aligned-center is-layout-flow wp-block-column-is-layout-flow\">\n<p class=\"has-text-align-center has-text-color has-medium-font-size\" style=\"color:#0f4a79\"><strong><strong><strong><strong>Travail :<\/strong><\/strong><\/strong><\/strong> litiges avec votre employeur, mauvaise application de votre contrat de travail, vous \u00eates victime d&rsquo;un licenciement abusif, de harc\u00e8lement ou de discrimination<\/p>\n<\/div>\n<\/div>\n\n\n\n<div class=\"wp-block-columns alignfull is-layout-flex wp-container-core-columns-is-layout-9d6595d7 wp-block-columns-is-layout-flex\">\n<div class=\"wp-block-column is-vertically-aligned-center is-layout-flow wp-block-column-is-layout-flow\">\n<p class=\"has-text-align-center has-text-color has-medium-font-size\" style=\"color:#0f4a79\"><strong><strong><strong><strong>Automobile :<\/strong><\/strong><\/strong><\/strong> Vous rencontrez des difficult\u00e9s lors de la vente, l\u2019achat, l\u2019entretien, les r\u00e9parations, le financement de votre v\u00e9hicule\u2026<\/p>\n<\/div>\n\n\n\n<div class=\"wp-block-column is-layout-flow wp-block-column-is-layout-flow\"><style>.kb-image_9ad925-65.kb-image-is-ratio-size, .kb-image_9ad925-65 .kb-image-is-ratio-size{max-width:243px;width:100%;}.wp-block-kadence-column > .kt-inside-inner-col > .kb-image_9ad925-65.kb-image-is-ratio-size, .wp-block-kadence-column > .kt-inside-inner-col > .kb-image_9ad925-65 .kb-image-is-ratio-size{align-self:unset;}.kb-image_9ad925-65{max-width:243px;}.image-is-svg.kb-image_9ad925-65{-webkit-flex:0 1 100%;flex:0 1 100%;}.image-is-svg.kb-image_9ad925-65 img{width:100%;}.kb-image_9ad925-65 .kb-image-has-overlay:after{opacity:0.3;}<\/style>\n<figure class=\"wp-block-kadence-image kb-image_9ad925-65 size-full\"><img data-recalc-dims=\"1\" loading=\"lazy\" decoding=\"async\" width=\"480\" height=\"480\" src=\"https:\/\/i0.wp.com\/amg2l.com\/wp-content\/uploads\/2022\/02\/2cv-anim.gif?resize=480%2C480&#038;ssl=1\" alt=\"\" class=\"kb-img wp-image-3860\"\/><\/figure>\n<\/div>\n<\/div>\n\n\n\n<div class=\"wp-block-columns alignfull is-layout-flex wp-container-core-columns-is-layout-9d6595d7 wp-block-columns-is-layout-flex\">\n<div class=\"wp-block-column is-layout-flow wp-block-column-is-layout-flow\"><style>.kb-image_5c6f11-0b .kb-image-has-overlay:after{opacity:0.3;}<\/style>\n<figure class=\"wp-block-kadence-image kb-image_5c6f11-0b size-full\"><img data-recalc-dims=\"1\" loading=\"lazy\" decoding=\"async\" width=\"195\" height=\"258\" src=\"https:\/\/i0.wp.com\/amg2l.com\/wp-content\/uploads\/2022\/02\/perte-permis-points.png?resize=195%2C258&#038;ssl=1\" alt=\"\" class=\"kb-img wp-image-3861\"\/><\/figure>\n<\/div>\n\n\n\n<div class=\"wp-block-column is-vertically-aligned-center is-layout-flow wp-block-column-is-layout-flow\">\n<p class=\"has-text-align-center has-text-color has-medium-font-size\" style=\"color:#0f4a79\"><strong><strong><strong><strong><strong>Conduite responsable<\/strong> :<\/strong><\/strong><\/strong><\/strong> Vous perdez un ou plusieurs points sur votre permis de conduire ? La protection juridique vous prot\u00e8ge votre permis gr\u00e2ce au stage r\u00e9cup\u00e9ration de points \u00e0 hauteur de 280\u20ac.<\/p>\n<\/div>\n<\/div>\n\n\n\n<div class=\"wp-block-columns alignfull is-layout-flex wp-container-core-columns-is-layout-9d6595d7 wp-block-columns-is-layout-flex\">\n<div class=\"wp-block-column is-vertically-aligned-center is-layout-flow wp-block-column-is-layout-flow\">\n<p class=\"has-text-align-center has-text-color has-medium-font-size\" style=\"color:#0f4a79\"><strong><strong><strong><strong><strong>Sant\u00e9 :<\/strong><\/strong><\/strong><\/strong><\/strong> erreur m\u00e9dicales, erreur de diagnostic, infection Nosocomiale, un d\u00e9faut de conseil<\/p>\n<\/div>\n\n\n\n<div class=\"wp-block-column is-layout-flow wp-block-column-is-layout-flow\"><style>.kb-image_cee7f1-5b .kb-image-has-overlay:after{opacity:0.3;}<\/style>\n<figure class=\"wp-block-kadence-image kb-image_cee7f1-5b size-full\"><img data-recalc-dims=\"1\" loading=\"lazy\" decoding=\"async\" width=\"225\" height=\"225\" src=\"https:\/\/i0.wp.com\/amg2l.com\/wp-content\/uploads\/2022\/02\/nosocomiale.jpg?resize=225%2C225&#038;ssl=1\" alt=\"\" class=\"kb-img wp-image-3862\" srcset=\"https:\/\/i0.wp.com\/www.amg2l.com\/wp-content\/uploads\/2022\/02\/nosocomiale.jpg?w=225&amp;ssl=1 225w, https:\/\/i0.wp.com\/www.amg2l.com\/wp-content\/uploads\/2022\/02\/nosocomiale.jpg?resize=150%2C150&amp;ssl=1 150w\" sizes=\"auto, (max-width: 225px) 100vw, 225px\" \/><\/figure>\n<\/div>\n<\/div>\n\n\n\n<div class=\"wp-block-columns alignfull is-layout-flex wp-container-core-columns-is-layout-9d6595d7 wp-block-columns-is-layout-flex\">\n<div class=\"wp-block-column is-layout-flow wp-block-column-is-layout-flow\"><style>.kb-image_6f7854-ad.kb-image-is-ratio-size, .kb-image_6f7854-ad .kb-image-is-ratio-size{max-width:386px;width:100%;}.wp-block-kadence-column > .kt-inside-inner-col > .kb-image_6f7854-ad.kb-image-is-ratio-size, .wp-block-kadence-column > .kt-inside-inner-col > .kb-image_6f7854-ad .kb-image-is-ratio-size{align-self:unset;}.kb-image_6f7854-ad{max-width:386px;}.image-is-svg.kb-image_6f7854-ad{-webkit-flex:0 1 100%;flex:0 1 100%;}.image-is-svg.kb-image_6f7854-ad img{width:100%;}.kb-image_6f7854-ad .kb-image-has-overlay:after{opacity:0.3;}<\/style>\n<figure class=\"wp-block-kadence-image kb-image_6f7854-ad size-full\"><img data-recalc-dims=\"1\" loading=\"lazy\" decoding=\"async\" width=\"480\" height=\"360\" src=\"https:\/\/i0.wp.com\/amg2l.com\/wp-content\/uploads\/2022\/02\/hqdefault.jpg?resize=480%2C360&#038;ssl=1\" alt=\"\" class=\"kb-img wp-image-3863\" srcset=\"https:\/\/i0.wp.com\/www.amg2l.com\/wp-content\/uploads\/2022\/02\/hqdefault.jpg?w=480&amp;ssl=1 480w, https:\/\/i0.wp.com\/www.amg2l.com\/wp-content\/uploads\/2022\/02\/hqdefault.jpg?resize=300%2C225&amp;ssl=1 300w\" sizes=\"auto, (max-width: 480px) 100vw, 480px\" \/><\/figure>\n<\/div>\n\n\n\n<div class=\"wp-block-column is-vertically-aligned-center is-layout-flow wp-block-column-is-layout-flow\">\n<p class=\"has-text-align-center has-text-color has-medium-font-size\" style=\"color:#0f4a79\"><strong><strong><strong><strong><strong><strong>Atteinte \u00e0 l\u2019identit\u00e9 : <\/strong><\/strong><\/strong><\/strong><\/strong><\/strong>Usurpation d\u2019identit\u00e9, E-R\u00e9putation, Non Respect du droit \u00e0 l\u2019image<\/p>\n<\/div>\n<\/div>\n\n\n\n<div class=\"wp-block-columns alignfull is-layout-flex wp-container-core-columns-is-layout-9d6595d7 wp-block-columns-is-layout-flex\">\n<div class=\"wp-block-column is-vertically-aligned-center is-layout-flow wp-block-column-is-layout-flow\" style=\"flex-basis:66.66%\">\n<div class=\"wp-block-columns is-layout-flex wp-container-core-columns-is-layout-9d6595d7 wp-block-columns-is-layout-flex\">\n<div class=\"wp-block-column is-layout-flow wp-block-column-is-layout-flow\" style=\"flex-basis:100%\"><\/div>\n<\/div>\n\n\n\n<p class=\"has-text-color has-medium-font-size\" style=\"color:#0f4a79\"><strong>La protection juridique prend en charge les d\u00e9marches amiables, les frais de contentieux\u2026&nbsp;<\/strong><br>A chacun sa protection juridique:<\/p>\n\n\n\n<p class=\"has-text-align-justify has-text-color has-medium-font-size\" style=\"color:#0f4a79\">Vous \u00eates retrait\u00e9 et souhaitez une couverture \u00e9largie sur les domaines de la fiscalit\u00e9, les donations, legs, les successions, les emplois familiaux, la d\u00e9pendance, le droit de visites des grands parents, les mesures de protection d&rsquo;un proche&#8230;<br>Vous avez du patrimoine immobilier? des solutions \u00ab\u00a0Protection Juridique\u00a0\u00bb r\u00e9pondent \u00e0 votre besoin sur les domaines des transactions immobili\u00e8res, des litiges li\u00e9s \u00e0 la constructions ou \u00e0 des travaux.<br>Avec l&rsquo;assurance \u00ab\u00a0Protection juridique\u00a0\u00bb, vous avez la certitude d\u2019\u00eatre bien d\u00e9fendu, bien prot\u00e9g\u00e9 et bien repr\u00e9sent\u00e9!<br>Qu&rsquo;il s&rsquo;agisse d&rsquo;une r\u00e9solution \u00e0 l&rsquo;amiable ou via la prise en charge des frais d&rsquo;avocat de votre choix pour la mise en place d&rsquo;une proc\u00e9dure judiciaire, l&rsquo;assurance vous indemnise \u00e0 hauteur de la couverture souscrite!<\/p>\n\n\n\n<p class=\"has-text-align-center has-text-color has-medium-font-size\" style=\"color:#820002\">Notre \u00e9quipe est l\u00e0 pour vous accompagner sur votre besoin et rechercher les conditions de march\u00e9 les plus adapt\u00e9es \u00e0 votre profil. Parlons en ensemble!&nbsp;<\/p>\n\n\n\n<div class=\"wp-block-buttons is-layout-flex wp-block-buttons-is-layout-flex\">\n<div class=\"wp-block-button has-custom-width wp-block-button__width-50\"><a class=\"wp-block-button__link has-background\" href=\"https:\/\/docs.google.com\/forms\/d\/e\/1FAIpQLSf9uDZghbygindtaZBHhHKhstdI8st64u8by65OGqezWR539w\/viewform\" style=\"background-color:#820002\">CONTACTEZ NOUS<\/a><\/div>\n\n\n\n<div class=\"wp-block-button has-custom-width wp-block-button__width-50 is-style-fill\"><a class=\"wp-block-button__link has-background\" href=\"https:\/\/amg2l.com\/\" style=\"background-color:#0f4a79\">RETOUR ACCUEIL<\/a><\/div>\n<\/div>\n<\/div>\n<\/div>\n","protected":false},"excerpt":{"rendered":"<p>Notre protection juridique vous prot\u00e9gera face aux litiges dans les domaines qui impactent votre vie priv\u00e9e &#8230; Habitation&nbsp; : Que vous soyez locataire ou propri\u00e9taire, vous rencontrez un&nbsp; litige avec &hellip; <a href=\"https:\/\/www.amg2l.com\/?page_id=573\" class=\"more-link\">Lire la suite <span class=\"screen-reader-text\">Protection Juridique Vie Priv\u00e9e<\/span><\/a><\/p>\n","protected":false},"author":1,"featured_media":0,"parent":0,"menu_order":0,"comment_status":"closed","ping_status":"closed","template":"","meta":{"footnotes":""},"class_list":["post-573","page","type-page","status-publish","hentry"],"jetpack_sharing_enabled":true,"_links":{"self":[{"href":"https:\/\/www.amg2l.com\/index.php?rest_route=\/wp\/v2\/pages\/573","targetHints":{"allow":["GET"]}}],"collection":[{"href":"https:\/\/www.amg2l.com\/index.php?rest_route=\/wp\/v2\/pages"}],"about":[{"href":"https:\/\/www.amg2l.com\/index.php?rest_route=\/wp\/v2\/types\/page"}],"author":[{"embeddable":true,"href":"https:\/\/www.amg2l.com\/index.php?rest_route=\/wp\/v2\/users\/1"}],"replies":[{"embeddable":true,"href":"https:\/\/www.amg2l.com\/index.php?rest_route=%2Fwp%2Fv2%2Fcomments&post=573"}],"version-history":[{"count":3,"href":"https:\/\/www.amg2l.com\/index.php?rest_route=\/wp\/v2\/pages\/573\/revisions"}],"predecessor-version":[{"id":3865,"href":"https:\/\/www.amg2l.com\/index.php?rest_route=\/wp\/v2\/pages\/573\/revisions\/3865"}],"wp:attachment":[{"href":"https:\/\/www.amg2l.com\/index.php?rest_route=%2Fwp%2Fv2%2Fmedia&parent=573"}],"curies":[{"name":"wp","href":"https:\/\/api.w.org\/{rel}","templated":true}]}}