{"id":74,"date":"2021-01-11T10:53:52","date_gmt":"2021-01-11T09:53:52","guid":{"rendered":"https:\/\/amg2l.com\/?page_id=74"},"modified":"2022-02-21T19:29:28","modified_gmt":"2022-02-21T19:29:28","slug":"espace-du-particulier","status":"publish","type":"page","link":"https:\/\/www.amg2l.com\/?page_id=74","title":{"rendered":"L&rsquo;Espace du PARTICULIER"},"content":{"rendered":"\n<div class=\"wp-block-columns is-layout-flex wp-container-core-columns-is-layout-9d6595d7 wp-block-columns-is-layout-flex\">\n<div class=\"wp-block-column is-layout-flow wp-block-column-is-layout-flow\" style=\"flex-basis:100%\">\n<p class=\"has-text-align-center has-text-color has-medium-font-size\" style=\"color:#0f4a79\">Parce que votre patrimoine, votre sant\u00e9 et l&rsquo;ensemble des th\u00e8mes de la vie courante sont importants pour vous et pour nous, MG2L vous accompagnent dans l&rsquo;optimisation de votre protection. D\u00e9couvrez notre s\u00e9lection d&rsquo;assurances indispensables&#8230;<\/p>\n<\/div>\n<\/div>\n\n\n\n<h1 class=\"alignwide has-text-align-center has-text-color has-medium-font-size wp-block-heading\" id=\"decouvrez-l-ensemble-des-assurances-permettant-de-garantir-les-principaux-risques-de-la-vie-privee\" style=\"color:#820002;line-height:1.3;text-transform:uppercase\">D\u00e9couvrez l&rsquo;ensemble des assurances permettant de garantir LES PRINCIPAUX risques de la vie priv\u00e9e<br><\/h1>\n\n\n\n<h2 class=\"has-text-align-center has-text-color wp-block-heading\" id=\"mes-essentiels\" style=\"color:#0f4a79;font-size:30px\">\u00ab\u00a0MES ESSENTIELS\u00a0\u00bb <\/h2>\n\n\n\n<p class=\"has-text-align-justify has-text-color has-medium-font-size\" style=\"color:#0f4a79\">Votre famille et votre patrimoine personnel sont pr\u00e9cieux alors soignez-les! <br>L&rsquo;erreur \u00e0 \u00e9viter est de penser que nos assurances nous co\u00fbtent trop cher. Ce qui co\u00fbte cher est de payer des assurances qui vous couvrent peu et mal le jour o\u00f9 vous en avez besoin!<br>MG2L, en tant que courtier d&rsquo;assurance digital et enti\u00e8rement ind\u00e9pendant, vous accompagne dans la lecture de vos garanties actuelles et le prix qu&rsquo;elles vous co\u00fbtent. <strong>Un audit assurantiel<\/strong> vous est <strong>propos\u00e9<\/strong> par notre cabinet MG2L pour v\u00e9rifier vos <strong>niveaux de couvertures<\/strong> face aux prix engag\u00e9. Prenez les choses en main!<\/p>\n\n\n\n<div class=\"wp-block-columns alignwide is-layout-flex wp-container-core-columns-is-layout-9d6595d7 wp-block-columns-is-layout-flex\">\n<div class=\"wp-block-column is-layout-flow wp-block-column-is-layout-flow\">\n<h2 class=\"wp-block-heading\" id=\"complementaire-sante-particuliers-et-tns\">Compl\u00e9mentaire Sant\u00e9, Particuliers et TNS<\/h2>\n\n\n\n<div class=\"wp-block-image is-style-rounded\"><figure class=\"aligncenter size-medium\"><a href=\"https:\/\/amg2l.com\/?page_id=919\"><img data-recalc-dims=\"1\" loading=\"lazy\" decoding=\"async\" width=\"300\" height=\"204\" src=\"https:\/\/i0.wp.com\/amg2l.com\/wp-content\/uploads\/2022\/02\/pre%CC%81voyance-300x204.jpg?resize=300%2C204&#038;ssl=1\" alt=\"Changer pour mieux avec MG2L\" class=\"wp-image-3561\" srcset=\"https:\/\/i0.wp.com\/www.amg2l.com\/wp-content\/uploads\/2022\/02\/pre%CC%81voyance.jpg?resize=300%2C204&amp;ssl=1 300w, https:\/\/i0.wp.com\/www.amg2l.com\/wp-content\/uploads\/2022\/02\/pre%CC%81voyance.jpg?w=420&amp;ssl=1 420w\" sizes=\"auto, (max-width: 300px) 100vw, 300px\" \/><\/a><figcaption>Du nouveau pour la compl\u00e9mentaire sant\u00e9 !<\/figcaption><\/figure><\/div>\n\n\n\n<p class=\"has-text-align-justify has-text-color\" style=\"color:#0f4a79;font-size:18px;line-height:1.4\">Depuis le 1er d\u00e9cembre 2020, il est enfin possible de r\u00e9silier sa compl\u00e9mentaire sant\u00e9 \u00e0 tout moment apr\u00e8s 1 an d&rsquo;engagement. Vous \u00eates titulaire d&rsquo;un contrat de compl\u00e9mentaire sant\u00e9 \u00e0 titre individuel? C&rsquo;est alors le moment de faire des \u00e9conomies! <br><br><\/p>\n<\/div>\n\n\n\n<div class=\"wp-block-column is-layout-flow wp-block-column-is-layout-flow\">\n<h2 class=\"wp-block-heading\" id=\"assurance-emprunteur\">Assurance Emprunteur<\/h2>\n\n\n<style>.kb-image_b65a16-ba.kb-image-is-ratio-size, .kb-image_b65a16-ba .kb-image-is-ratio-size{max-width:367px;width:100%;}.wp-block-kadence-column > .kt-inside-inner-col > .kb-image_b65a16-ba.kb-image-is-ratio-size, .wp-block-kadence-column > .kt-inside-inner-col > .kb-image_b65a16-ba .kb-image-is-ratio-size{align-self:unset;}.kb-image_b65a16-ba{max-width:367px;}.image-is-svg.kb-image_b65a16-ba{-webkit-flex:0 1 100%;flex:0 1 100%;}.image-is-svg.kb-image_b65a16-ba img{width:100%;}.kb-image_b65a16-ba .kb-image-has-overlay:after{opacity:0.3;}.kb-image_b65a16-ba img.kb-img, .kb-image_b65a16-ba .kb-img img{-webkit-mask-image:url(https:\/\/www.amg2l.com\/wp-content\/plugins\/kadence-blocks\/includes\/assets\/images\/masks\/blob2.svg);mask-image:url(https:\/\/www.amg2l.com\/wp-content\/plugins\/kadence-blocks\/includes\/assets\/images\/masks\/blob2.svg);-webkit-mask-size:auto;mask-size:auto;-webkit-mask-repeat:no-repeat;mask-repeat:no-repeat;-webkit-mask-position:center;mask-position:center;}<\/style>\n<figure class=\"wp-block-kadence-image kb-image_b65a16-ba size-medium kb-filter-mayfair\"><a href=\"https:\/\/amg2l.com\/?page_id=946\" class=\"kb-advanced-image-link\" target=\"_blank\" rel=\"noopener noreferrer\"><img data-recalc-dims=\"1\" loading=\"lazy\" decoding=\"async\" width=\"300\" height=\"200\" src=\"https:\/\/i0.wp.com\/amg2l.com\/wp-content\/uploads\/2022\/02\/mrh-1-300x200.jpg?resize=300%2C200&#038;ssl=1\" alt=\"\" class=\"kb-img wp-image-3534\" srcset=\"https:\/\/i0.wp.com\/www.amg2l.com\/wp-content\/uploads\/2022\/02\/mrh-1.jpg?resize=300%2C200&amp;ssl=1 300w, https:\/\/i0.wp.com\/www.amg2l.com\/wp-content\/uploads\/2022\/02\/mrh-1.jpg?resize=1024%2C682&amp;ssl=1 1024w, https:\/\/i0.wp.com\/www.amg2l.com\/wp-content\/uploads\/2022\/02\/mrh-1.jpg?resize=768%2C512&amp;ssl=1 768w, https:\/\/i0.wp.com\/www.amg2l.com\/wp-content\/uploads\/2022\/02\/mrh-1.jpg?resize=1536%2C1024&amp;ssl=1 1536w, https:\/\/i0.wp.com\/www.amg2l.com\/wp-content\/uploads\/2022\/02\/mrh-1.jpg?w=1688&amp;ssl=1 1688w, https:\/\/i0.wp.com\/www.amg2l.com\/wp-content\/uploads\/2022\/02\/mrh-1.jpg?w=1480&amp;ssl=1 1480w\" sizes=\"auto, (max-width: 300px) 100vw, 300px\" \/><\/a><figcaption>Assurance emprunteur, en d\u00e9l\u00e9gation, en rachat<\/figcaption><\/figure>\n\n\n\n<p class=\"has-text-color\" style=\"color:#0f4a79;font-size:18px\">Parce que les \u00e9conomies lors d&rsquo;un premier achat immobilier, lors d&rsquo;un achat locatif ou lors d&rsquo;une ren\u00e9gociation de pr\u00eat, sont importantes voire capitales, MG21L vous accompagne dans l&rsquo;optimisation de votre assurance emprunteur<\/p>\n<\/div>\n\n\n\n<div class=\"wp-block-column is-layout-flow wp-block-column-is-layout-flow\">\n<h2 class=\"wp-block-heading\" id=\"protection-juridique\">Protection Juridique<\/h2>\n\n\n\n<figure class=\"wp-block-image size-medium is-style-rounded\"><a href=\"https:\/\/amg2l.com\/?page_id=573\"><img data-recalc-dims=\"1\" loading=\"lazy\" decoding=\"async\" width=\"300\" height=\"200\" src=\"https:\/\/i0.wp.com\/amg2l.com\/wp-content\/uploads\/2022\/02\/CYBER-SECURITY-SITE-WEB-300x200.jpg?resize=300%2C200&#038;ssl=1\" alt=\"Assurez-vous contre le piratage de vos paiements\" class=\"wp-image-3523\" srcset=\"https:\/\/i0.wp.com\/www.amg2l.com\/wp-content\/uploads\/2022\/02\/CYBER-SECURITY-SITE-WEB-scaled.jpg?resize=300%2C200&amp;ssl=1 300w, https:\/\/i0.wp.com\/www.amg2l.com\/wp-content\/uploads\/2022\/02\/CYBER-SECURITY-SITE-WEB-scaled.jpg?resize=1024%2C683&amp;ssl=1 1024w, https:\/\/i0.wp.com\/www.amg2l.com\/wp-content\/uploads\/2022\/02\/CYBER-SECURITY-SITE-WEB-scaled.jpg?resize=768%2C512&amp;ssl=1 768w, https:\/\/i0.wp.com\/www.amg2l.com\/wp-content\/uploads\/2022\/02\/CYBER-SECURITY-SITE-WEB-scaled.jpg?resize=1536%2C1024&amp;ssl=1 1536w, https:\/\/i0.wp.com\/www.amg2l.com\/wp-content\/uploads\/2022\/02\/CYBER-SECURITY-SITE-WEB-scaled.jpg?resize=2048%2C1365&amp;ssl=1 2048w, https:\/\/i0.wp.com\/www.amg2l.com\/wp-content\/uploads\/2022\/02\/CYBER-SECURITY-SITE-WEB-scaled.jpg?resize=2000%2C1333&amp;ssl=1 2000w, https:\/\/i0.wp.com\/www.amg2l.com\/wp-content\/uploads\/2022\/02\/CYBER-SECURITY-SITE-WEB-scaled.jpg?w=1480&amp;ssl=1 1480w, https:\/\/i0.wp.com\/www.amg2l.com\/wp-content\/uploads\/2022\/02\/CYBER-SECURITY-SITE-WEB-scaled.jpg?w=2220&amp;ssl=1 2220w\" sizes=\"auto, (max-width: 300px) 100vw, 300px\" \/><\/a><figcaption>Fraude \u00e0 la carte bancaire et aux achats en ligne !<\/figcaption><\/figure>\n\n\n\n<p class=\"has-text-align-justify has-text-color\" style=\"color:#0f4a79;font-size:18px;line-height:1.4\">Vous subissez une fraude suite \u00e0 un achat en ligne? vous partez au prud&rsquo;hommes suite \u00e0 une rupture de contrat abusif? Vous avez perdu des points au volant et souhaitez la prise en charge d&rsquo;un stage de r\u00e9cup\u00e9ration de points? Restez serein en souscrivant  une protection juridique! <br><br><br><\/p>\n<\/div>\n<\/div>\n\n\n\n<h3 class=\"has-text-align-center has-text-color wp-block-heading\" id=\"ma-vie-mes-loisirs\" style=\"color:#0f4a79;font-size:30px\">\u00ab\u00a0MA VIE, MES LOISIRS\u00a0\u00bb  <\/h3>\n\n\n\n<h2 class=\"wp-block-heading\" id=\"garantie-accident-de-la-vie-gav\">Garantie Accident de la Vie (GAV)<\/h2>\n\n\n\n<div class=\"wp-block-columns alignwide is-layout-flex wp-container-core-columns-is-layout-9d6595d7 wp-block-columns-is-layout-flex\">\n<div class=\"wp-block-column is-layout-flow wp-block-column-is-layout-flow\">\n<p class=\"has-text-align-justify has-text-color has-medium-font-size\" style=\"color:#0f4a79;line-height:1.4\">L&rsquo;accident pendant vos loisirs, vos activit\u00e9s \u00e0 la maison, chez des amis, dans votre jardin ou m\u00eame dans la rue peut g\u00e9n\u00e9rer des blessures, parfois graves pour vous ou un des membres de votre famille. L&rsquo;assurance \u00ab\u00a0Garantie Accidents de la Vie\u00a0\u00bb vous permet d&rsquo;\u00eatre indemnis\u00e9 suite aux cons\u00e9quences de l&rsquo;accident et aux nouveaux besoins que vous pourriez d\u00e9clarer.<\/p>\n\n\n\n<div class=\"wp-block-columns is-layout-flex wp-container-core-columns-is-layout-9d6595d7 wp-block-columns-is-layout-flex\">\n<div class=\"wp-block-column is-layout-flow wp-block-column-is-layout-flow\"><style>.kb-image_33b24d-fc.kb-image-is-ratio-size, .kb-image_33b24d-fc .kb-image-is-ratio-size{max-width:368px;width:100%;}.wp-block-kadence-column > .kt-inside-inner-col > .kb-image_33b24d-fc.kb-image-is-ratio-size, .wp-block-kadence-column > .kt-inside-inner-col > .kb-image_33b24d-fc .kb-image-is-ratio-size{align-self:unset;}.kb-image_33b24d-fc figure{max-width:368px;}.kb-image_33b24d-fc .image-is-svg, .kb-image_33b24d-fc .image-is-svg img{width:100%;}.kb-image_33b24d-fc .kb-image-has-overlay:after{opacity:0.3;}<\/style>\n<div class=\"wp-block-kadence-image kb-image_33b24d-fc\"><figure class=\"aligncenter size-full\"><a href=\"https:\/\/amg2l.com\/?page_id=917\" class=\"kb-advanced-image-link\"><img data-recalc-dims=\"1\" loading=\"lazy\" decoding=\"async\" width=\"500\" height=\"350\" src=\"https:\/\/i0.wp.com\/amg2l.com\/wp-content\/uploads\/2022\/02\/gif-for-presentation-75.gif?resize=500%2C350&#038;ssl=1\" alt=\"\" class=\"kb-img wp-image-3849\"\/><\/a><figcaption>Parce que les accidents, cela n&rsquo;arrive pas qu&rsquo;aux autres<\/figcaption><\/figure><\/div>\n<\/div>\n\n\n\n<div class=\"wp-block-column is-layout-flow wp-block-column-is-layout-flow\"><style>.kb-image_950344-e2.kb-image-is-ratio-size, .kb-image_950344-e2 .kb-image-is-ratio-size{max-width:327px;width:100%;}.wp-block-kadence-column > .kt-inside-inner-col > .kb-image_950344-e2.kb-image-is-ratio-size, .wp-block-kadence-column > .kt-inside-inner-col > .kb-image_950344-e2 .kb-image-is-ratio-size{align-self:unset;}.kb-image_950344-e2 figure{max-width:327px;}.kb-image_950344-e2 .image-is-svg, .kb-image_950344-e2 .image-is-svg img{width:100%;}.kb-image_950344-e2 .kb-image-has-overlay:after{opacity:0.3;}<\/style>\n<div class=\"wp-block-kadence-image kb-image_950344-e2\"><figure class=\"aligncenter size-large\"><a href=\"https:\/\/amg2l.com\/?page_id=917\" class=\"kb-advanced-image-link\"><img data-recalc-dims=\"1\" loading=\"lazy\" decoding=\"async\" width=\"740\" height=\"482\" src=\"https:\/\/i0.wp.com\/amg2l.com\/wp-content\/uploads\/2022\/02\/PHOTO-SITE-WEB-GAV-1024x667.jpg?resize=740%2C482&#038;ssl=1\" alt=\"\" class=\"kb-img wp-image-3557\" srcset=\"https:\/\/i0.wp.com\/www.amg2l.com\/wp-content\/uploads\/2022\/02\/PHOTO-SITE-WEB-GAV-scaled.jpg?resize=1024%2C667&amp;ssl=1 1024w, https:\/\/i0.wp.com\/www.amg2l.com\/wp-content\/uploads\/2022\/02\/PHOTO-SITE-WEB-GAV-scaled.jpg?resize=300%2C195&amp;ssl=1 300w, https:\/\/i0.wp.com\/www.amg2l.com\/wp-content\/uploads\/2022\/02\/PHOTO-SITE-WEB-GAV-scaled.jpg?resize=768%2C500&amp;ssl=1 768w, https:\/\/i0.wp.com\/www.amg2l.com\/wp-content\/uploads\/2022\/02\/PHOTO-SITE-WEB-GAV-scaled.jpg?resize=1536%2C1000&amp;ssl=1 1536w, https:\/\/i0.wp.com\/www.amg2l.com\/wp-content\/uploads\/2022\/02\/PHOTO-SITE-WEB-GAV-scaled.jpg?resize=2048%2C1333&amp;ssl=1 2048w, https:\/\/i0.wp.com\/www.amg2l.com\/wp-content\/uploads\/2022\/02\/PHOTO-SITE-WEB-GAV-scaled.jpg?resize=2000%2C1302&amp;ssl=1 2000w, https:\/\/i0.wp.com\/www.amg2l.com\/wp-content\/uploads\/2022\/02\/PHOTO-SITE-WEB-GAV-scaled.jpg?w=1480&amp;ssl=1 1480w, https:\/\/i0.wp.com\/www.amg2l.com\/wp-content\/uploads\/2022\/02\/PHOTO-SITE-WEB-GAV-scaled.jpg?w=2220&amp;ssl=1 2220w\" sizes=\"auto, (max-width: 740px) 100vw, 740px\" \/><\/a><figcaption>Prot\u00e9gez-vous, prot\u00e9gez vos proches avec MG2L<\/figcaption><\/figure><\/div>\n<\/div>\n<\/div>\n<\/div>\n<\/div>\n\n\n\n<h3 class=\"has-text-align-center has-text-color wp-block-heading\" id=\"mon-patrimoine-immobilier\" style=\"color:#0f4a79;font-size:30px\">\u00ab\u00a0MON PATRIMOINE IMMOBILIER\u00a0\u00bb<\/h3>\n\n\n\n<div class=\"wp-block-columns alignwide is-layout-flex wp-container-core-columns-is-layout-9d6595d7 wp-block-columns-is-layout-flex\">\n<div class=\"wp-block-column is-layout-flow wp-block-column-is-layout-flow\">\n<h2 class=\"has-text-align-center wp-block-heading\" id=\"dommages-ouvrages\" style=\"font-size:30px\">Dommages Ouvrages<\/h2>\n\n\n\n<figure class=\"wp-block-image size-full is-resized is-style-rounded\"><a href=\"https:\/\/amg2l.com\/?page_id=928\"><img data-recalc-dims=\"1\" loading=\"lazy\" decoding=\"async\" src=\"https:\/\/i0.wp.com\/amg2l.com\/wp-content\/uploads\/2022\/02\/espace-professionnel.png?resize=395%2C262&#038;ssl=1\" alt=\"\" class=\"wp-image-3527\" width=\"395\" height=\"262\" srcset=\"https:\/\/i0.wp.com\/www.amg2l.com\/wp-content\/uploads\/2022\/02\/espace-professionnel.png?w=709&amp;ssl=1 709w, https:\/\/i0.wp.com\/www.amg2l.com\/wp-content\/uploads\/2022\/02\/espace-professionnel.png?resize=300%2C199&amp;ssl=1 300w\" sizes=\"auto, (max-width: 395px) 100vw, 395px\" \/><\/a><\/figure>\n\n\n\n<p class=\"has-text-align-center has-text-color has-medium-font-size\" style=\"color:#0f4a79;line-height:1.4\">Si vous faites r\u00e9aliser des travaux de construction par une entreprise, vous devez  obligatoirement souscrire une assurance construction&nbsp;<em>dommages-ouvrage<\/em> avant l&rsquo;ouverture du chantier. Cette assurance permet en cas de sinistre d&rsquo;\u00eatre rembours\u00e9 rapidement de la totalit\u00e9 des travaux de r\u00e9paration des dommages couverts par la garantie d\u00e9cennale.<\/p>\n<\/div>\n\n\n\n<div class=\"wp-block-column is-layout-flow wp-block-column-is-layout-flow\">\n<h2 class=\"has-text-align-center wp-block-heading\" id=\"garantie-des-loyers\" style=\"font-size:30px\">Garantie des Loyers<\/h2>\n\n\n\n<figure class=\"wp-block-image size-full is-resized is-style-rounded\"><a href=\"https:\/\/amg2l.com\/?page_id=580\"><img data-recalc-dims=\"1\" loading=\"lazy\" decoding=\"async\" src=\"https:\/\/i0.wp.com\/amg2l.com\/wp-content\/uploads\/2022\/02\/RC-AGENT-IMMO.png?resize=405%2C277&#038;ssl=1\" alt=\"\" class=\"wp-image-3563\" width=\"405\" height=\"277\" srcset=\"https:\/\/i0.wp.com\/www.amg2l.com\/wp-content\/uploads\/2022\/02\/RC-AGENT-IMMO.png?w=770&amp;ssl=1 770w, https:\/\/i0.wp.com\/www.amg2l.com\/wp-content\/uploads\/2022\/02\/RC-AGENT-IMMO.png?resize=300%2C206&amp;ssl=1 300w, https:\/\/i0.wp.com\/www.amg2l.com\/wp-content\/uploads\/2022\/02\/RC-AGENT-IMMO.png?resize=768%2C527&amp;ssl=1 768w\" sizes=\"auto, (max-width: 405px) 100vw, 405px\" \/><\/a><\/figure>\n\n\n\n<p class=\"has-text-align-justify has-text-color has-medium-font-size\" style=\"color:#0a4f79;line-height:1.4\">En tant que bailleur, vous devez vous pr\u00e9munir des \u00e9ventuels risques d&rsquo;impay\u00e9s de loyers car vous m\u00eame avez des \u00e9ch\u00e9ances d&#8217;emprunt. Soyez serein en passant par la garantie loyers impay\u00e9s qui vous indemnisera du montant du loyer si votre locataire vous fait d\u00e9faut!<\/p>\n<\/div>\n\n\n\n<div class=\"wp-block-column is-layout-flow wp-block-column-is-layout-flow\">\n<h2 class=\"has-text-align-center wp-block-heading\" id=\"multirisque-immeuble\" style=\"font-size:30px\">Multirisque Immeuble<\/h2>\n\n\n\n<figure class=\"wp-block-image size-large is-style-rounded\"><a href=\"https:\/\/amg2l.com\/?page_id=942\"><img data-recalc-dims=\"1\" loading=\"lazy\" decoding=\"async\" width=\"740\" height=\"438\" src=\"https:\/\/i0.wp.com\/amg2l.com\/wp-content\/uploads\/2022\/02\/mrh-1024x606.jpg?resize=740%2C438&#038;ssl=1\" alt=\"\" class=\"wp-image-3536\" srcset=\"https:\/\/i0.wp.com\/www.amg2l.com\/wp-content\/uploads\/2022\/02\/mrh.jpg?resize=1024%2C606&amp;ssl=1 1024w, https:\/\/i0.wp.com\/www.amg2l.com\/wp-content\/uploads\/2022\/02\/mrh.jpg?resize=300%2C177&amp;ssl=1 300w, https:\/\/i0.wp.com\/www.amg2l.com\/wp-content\/uploads\/2022\/02\/mrh.jpg?resize=768%2C454&amp;ssl=1 768w, https:\/\/i0.wp.com\/www.amg2l.com\/wp-content\/uploads\/2022\/02\/mrh.jpg?resize=1536%2C909&amp;ssl=1 1536w, https:\/\/i0.wp.com\/www.amg2l.com\/wp-content\/uploads\/2022\/02\/mrh.jpg?w=1792&amp;ssl=1 1792w, https:\/\/i0.wp.com\/www.amg2l.com\/wp-content\/uploads\/2022\/02\/mrh.jpg?w=1480&amp;ssl=1 1480w\" sizes=\"auto, (max-width: 740px) 100vw, 740px\" \/><\/a><\/figure>\n\n\n\n<p class=\"has-text-align-justify has-text-color has-medium-font-size\" style=\"color:#0a4f79;line-height:1.4\">Vous \u00eates propri\u00e9taire d&rsquo;un immeuble ou appartenez \u00e0 un syndic d&rsquo;immeuble. Vous avez la possibilit\u00e9 chaque  ann\u00e9e de revoir les garanties\/prix de votre contrat. C&rsquo;est le moment de faire des \u00e9conomies! Faisons le point sur vos couvertures.<br><\/p>\n<\/div>\n<\/div>\n\n\n\n<div class=\"wp-block-columns alignwide is-layout-flex wp-container-core-columns-is-layout-9d6595d7 wp-block-columns-is-layout-flex\">\n<div class=\"wp-block-column is-layout-flow wp-block-column-is-layout-flow\">\n<h2 class=\"has-text-align-center wp-block-heading\" id=\"proprietaire-non-occupant\" style=\"font-size:30px\">Propri\u00e9taire non occupant<\/h2>\n\n\n\n<figure class=\"wp-block-image size-full is-style-rounded\"><img data-recalc-dims=\"1\" loading=\"lazy\" decoding=\"async\" width=\"709\" height=\"471\" src=\"https:\/\/i0.wp.com\/amg2l.com\/wp-content\/uploads\/2022\/02\/pno.png?resize=709%2C471&#038;ssl=1\" alt=\"\" class=\"wp-image-3560\" srcset=\"https:\/\/i0.wp.com\/www.amg2l.com\/wp-content\/uploads\/2022\/02\/pno.png?w=709&amp;ssl=1 709w, https:\/\/i0.wp.com\/www.amg2l.com\/wp-content\/uploads\/2022\/02\/pno.png?resize=300%2C199&amp;ssl=1 300w\" sizes=\"auto, (max-width: 709px) 100vw, 709px\" \/><\/figure>\n\n\n\n<p class=\"has-text-align-justify has-text-color has-medium-font-size\" style=\"color:#0f4a79;line-height:1.4\">Vous \u00eates propri\u00e9taire d&rsquo;un appartement que vous louez. En tant que co-propri\u00e9taire vous avez l&rsquo;obligation d&rsquo;\u00eatre assur\u00e9 en Responsabilit\u00e9 Civile Bailleur. Nous avons n\u00e9goci\u00e9 un tarif tr\u00e8s comp\u00e9titif. Si votre appartement est &lt;200m2, nous avons la solution!<mark style=\"background-color:rgba(0, 0, 0, 0);color:#820002;\" class=\"has-inline-color\"><strong><br><\/strong><\/mark><\/p>\n<\/div>\n\n\n\n<div class=\"wp-block-column is-layout-flow wp-block-column-is-layout-flow\">\n<h2 class=\"has-text-align-center wp-block-heading\" id=\"protection-juridique-du-patrimoine-particulier\" style=\"font-size:30px\">Protection Juridique du Patrimoine Particulier<\/h2>\n\n\n\n<figure class=\"wp-block-image size-large is-style-rounded\"><a href=\"https:\/\/amg2l.com\/?page_id=944\"><img data-recalc-dims=\"1\" loading=\"lazy\" decoding=\"async\" width=\"740\" height=\"494\" src=\"https:\/\/i0.wp.com\/amg2l.com\/wp-content\/uploads\/2022\/02\/PHOTO-IMMEUBLE-SITE-WEB-1024x683.jpg?resize=740%2C494&#038;ssl=1\" alt=\"\" class=\"wp-image-3552\" srcset=\"https:\/\/i0.wp.com\/www.amg2l.com\/wp-content\/uploads\/2022\/02\/PHOTO-IMMEUBLE-SITE-WEB-scaled.jpg?resize=1024%2C683&amp;ssl=1 1024w, https:\/\/i0.wp.com\/www.amg2l.com\/wp-content\/uploads\/2022\/02\/PHOTO-IMMEUBLE-SITE-WEB-scaled.jpg?resize=300%2C200&amp;ssl=1 300w, https:\/\/i0.wp.com\/www.amg2l.com\/wp-content\/uploads\/2022\/02\/PHOTO-IMMEUBLE-SITE-WEB-scaled.jpg?resize=768%2C512&amp;ssl=1 768w, https:\/\/i0.wp.com\/www.amg2l.com\/wp-content\/uploads\/2022\/02\/PHOTO-IMMEUBLE-SITE-WEB-scaled.jpg?resize=1536%2C1024&amp;ssl=1 1536w, https:\/\/i0.wp.com\/www.amg2l.com\/wp-content\/uploads\/2022\/02\/PHOTO-IMMEUBLE-SITE-WEB-scaled.jpg?resize=2048%2C1365&amp;ssl=1 2048w, https:\/\/i0.wp.com\/www.amg2l.com\/wp-content\/uploads\/2022\/02\/PHOTO-IMMEUBLE-SITE-WEB-scaled.jpg?resize=2000%2C1333&amp;ssl=1 2000w, https:\/\/i0.wp.com\/www.amg2l.com\/wp-content\/uploads\/2022\/02\/PHOTO-IMMEUBLE-SITE-WEB-scaled.jpg?w=1480&amp;ssl=1 1480w, https:\/\/i0.wp.com\/www.amg2l.com\/wp-content\/uploads\/2022\/02\/PHOTO-IMMEUBLE-SITE-WEB-scaled.jpg?w=2220&amp;ssl=1 2220w\" sizes=\"auto, (max-width: 740px) 100vw, 740px\" \/><\/a><\/figure>\n\n\n\n<p class=\"has-text-align-justify has-text-color has-medium-font-size\" style=\"color:#0f4a79;line-height:1.4\">Vous \u00eates propri\u00e9taire de plusieurs biens immobiliers. Il existe des assurances vous permettant de vous assister en cas de litige: malfa\u00e7ons lors de travaux, fiscalit\u00e9,  litige lors d&rsquo;une vente avec l&rsquo;agence immobIli\u00e8re, probl\u00e8me d&rsquo;impay\u00e9s avec un locataire&#8230; Soyez serein en souscrivant une protection juridique r\u00e9pondant aux th\u00e9matiques du patrimoine immobilier! <mark style=\"background-color:rgba(0, 0, 0, 0);color:#820002;\" class=\"has-inline-color\"><strong><br><\/strong><\/mark><\/p>\n<\/div>\n\n\n\n<div class=\"wp-block-column is-layout-flow wp-block-column-is-layout-flow\">\n<h2 class=\"has-text-align-center wp-block-heading\" id=\"securite-locataire\" style=\"font-size:30px\">S\u00e9curit\u00e9 Locataire<\/h2>\n\n\n\n<figure class=\"wp-block-image size-full is-style-rounded\"><img data-recalc-dims=\"1\" loading=\"lazy\" decoding=\"async\" width=\"740\" height=\"517\" src=\"https:\/\/i0.wp.com\/amg2l.com\/wp-content\/uploads\/2022\/02\/photo-courtier-banque.png?resize=740%2C517&#038;ssl=1\" alt=\"\" class=\"wp-image-3550\" srcset=\"https:\/\/i0.wp.com\/www.amg2l.com\/wp-content\/uploads\/2022\/02\/photo-courtier-banque.png?w=848&amp;ssl=1 848w, https:\/\/i0.wp.com\/www.amg2l.com\/wp-content\/uploads\/2022\/02\/photo-courtier-banque.png?resize=300%2C209&amp;ssl=1 300w, https:\/\/i0.wp.com\/www.amg2l.com\/wp-content\/uploads\/2022\/02\/photo-courtier-banque.png?resize=768%2C536&amp;ssl=1 768w\" sizes=\"auto, (max-width: 740px) 100vw, 740px\" \/><\/figure>\n\n\n\n<p class=\"has-text-align-justify has-text-color has-medium-font-size\" style=\"color:#0f4a79;line-height:1.4\">Votre perte d&#8217;emploi vous emp\u00eache de subvenir au paiement de votre loyer ? Choisissez la s\u00e9curit\u00e9 en optant pour le contrat d&rsquo;assurance S\u00e9curit\u00e9 Locataire. Votre loyer sera pay\u00e9 en cas de coup dur (Probl\u00e8me de sant\u00e9, divorce, invalidit\u00e9&#8230;)- Nous contacter directement pour ce contrat.<mark style=\"background-color:rgba(0, 0, 0, 0);color:#820002;\" class=\"has-inline-color\"><br><\/mark><\/p>\n<\/div>\n<\/div>\n\n\n\n<div class=\"wp-block-buttons is-layout-flex wp-block-buttons-is-layout-flex\">\n<div class=\"wp-block-button has-custom-width wp-block-button__width-50\"><a class=\"wp-block-button__link has-background\" href=\"https:\/\/amg2l.com\/\" style=\"border-radius:20px;background-color:#0f4a79\">RETOUR ACCUEIL<\/a><\/div>\n\n\n\n<div class=\"wp-block-button has-custom-width wp-block-button__width-50 is-style-fill\"><a class=\"wp-block-button__link has-background\" href=\"https:\/\/docs.google.com\/forms\/d\/e\/1FAIpQLSf9uDZghbygindtaZBHhHKhstdI8st64u8by65OGqezWR539w\/viewform\" style=\"background-color:#820002\" target=\"_blank\" rel=\"noreferrer noopener\">CONTACTEZ-NOUS<\/a><\/div>\n<\/div>\n\n\n<p><!-- Global site tag (gtag.js) - Google Analytics --><br \/><script async=\"\" src=\"https:\/\/www.googletagmanager.com\/gtag\/js?id=G-WNLSXXSBPY\"><\/script><br \/><script><br \/>\n  window.dataLayer = window.dataLayer || [];<br \/>\n  function gtag(){dataLayer.push(arguments);}<br \/>\n  gtag('js', new Date());<\/p>\n<p>  gtag('config', 'G-WNLSXXSBPY');<br \/>\n<\/script><\/p>","protected":false},"excerpt":{"rendered":"<p>Parce que votre patrimoine, votre sant\u00e9 et l&rsquo;ensemble des th\u00e8mes de la vie courante sont importants pour vous et pour nous, MG2L vous accompagnent dans l&rsquo;optimisation de votre protection. D\u00e9couvrez &hellip; <a href=\"https:\/\/www.amg2l.com\/?page_id=74\" class=\"more-link\">Lire la suite <span class=\"screen-reader-text\">L&rsquo;Espace du PARTICULIER<\/span><\/a><\/p>\n","protected":false},"author":1,"featured_media":3580,"parent":0,"menu_order":0,"comment_status":"closed","ping_status":"closed","template":"","meta":{"footnotes":""},"class_list":["post-74","page","type-page","status-publish","has-post-thumbnail","hentry"],"jetpack_sharing_enabled":true,"_links":{"self":[{"href":"https:\/\/www.amg2l.com\/index.php?rest_route=\/wp\/v2\/pages\/74","targetHints":{"allow":["GET"]}}],"collection":[{"href":"https:\/\/www.amg2l.com\/index.php?rest_route=\/wp\/v2\/pages"}],"about":[{"href":"https:\/\/www.amg2l.com\/index.php?rest_route=\/wp\/v2\/types\/page"}],"author":[{"embeddable":true,"href":"https:\/\/www.amg2l.com\/index.php?rest_route=\/wp\/v2\/users\/1"}],"replies":[{"embeddable":true,"href":"https:\/\/www.amg2l.com\/index.php?rest_route=%2Fwp%2Fv2%2Fcomments&post=74"}],"version-history":[{"count":23,"href":"https:\/\/www.amg2l.com\/index.php?rest_route=\/wp\/v2\/pages\/74\/revisions"}],"predecessor-version":[{"id":3991,"href":"https:\/\/www.amg2l.com\/index.php?rest_route=\/wp\/v2\/pages\/74\/revisions\/3991"}],"wp:featuredmedia":[{"embeddable":true,"href":"https:\/\/www.amg2l.com\/index.php?rest_route=\/wp\/v2\/media\/3580"}],"wp:attachment":[{"href":"https:\/\/www.amg2l.com\/index.php?rest_route=%2Fwp%2Fv2%2Fmedia&parent=74"}],"curies":[{"name":"wp","href":"https:\/\/api.w.org\/{rel}","templated":true}]}}