{"id":919,"date":"2021-02-11T11:38:47","date_gmt":"2021-02-11T10:38:47","guid":{"rendered":"https:\/\/amg2l.com\/?page_id=919"},"modified":"2022-02-08T18:44:30","modified_gmt":"2022-02-08T18:44:30","slug":"ma-complementaire-sante","status":"publish","type":"page","link":"https:\/\/www.amg2l.com\/?page_id=919","title":{"rendered":"Ma compl\u00e9mentaire sant\u00e9"},"content":{"rendered":"\n<p class=\"has-text-align-center has-text-color\" style=\"color:#820002;font-size:15px\">Le montant des d\u00e9penses de sant\u00e9 est \u00e9valu\u00e9 \u00e0 3102\u20ac par an et par habitant en 2019<\/p>\n\n\n\n<div class=\"wp-block-image\"><figure class=\"aligncenter size-large\"><img data-recalc-dims=\"1\" loading=\"lazy\" decoding=\"async\" width=\"740\" height=\"494\" src=\"https:\/\/i0.wp.com\/amg2l.com\/wp-content\/uploads\/2022\/02\/photo-famille-1024x683.jpeg?resize=740%2C494&#038;ssl=1\" alt=\"\" class=\"wp-image-3551\" srcset=\"https:\/\/i0.wp.com\/www.amg2l.com\/wp-content\/uploads\/2022\/02\/photo-famille-scaled.jpeg?resize=1024%2C683&amp;ssl=1 1024w, https:\/\/i0.wp.com\/www.amg2l.com\/wp-content\/uploads\/2022\/02\/photo-famille-scaled.jpeg?resize=300%2C200&amp;ssl=1 300w, https:\/\/i0.wp.com\/www.amg2l.com\/wp-content\/uploads\/2022\/02\/photo-famille-scaled.jpeg?resize=768%2C512&amp;ssl=1 768w, https:\/\/i0.wp.com\/www.amg2l.com\/wp-content\/uploads\/2022\/02\/photo-famille-scaled.jpeg?resize=1536%2C1024&amp;ssl=1 1536w, https:\/\/i0.wp.com\/www.amg2l.com\/wp-content\/uploads\/2022\/02\/photo-famille-scaled.jpeg?resize=2048%2C1365&amp;ssl=1 2048w, https:\/\/i0.wp.com\/www.amg2l.com\/wp-content\/uploads\/2022\/02\/photo-famille-scaled.jpeg?resize=2000%2C1333&amp;ssl=1 2000w, https:\/\/i0.wp.com\/www.amg2l.com\/wp-content\/uploads\/2022\/02\/photo-famille-scaled.jpeg?w=1480&amp;ssl=1 1480w, https:\/\/i0.wp.com\/www.amg2l.com\/wp-content\/uploads\/2022\/02\/photo-famille-scaled.jpeg?w=2220&amp;ssl=1 2220w\" sizes=\"auto, (max-width: 740px) 100vw, 740px\" \/><\/figure><\/div>\n\n\n\n<div class=\"wp-block-group alignfull has-background-background-color has-background\"><div class=\"wp-block-group__inner-container is-layout-flow wp-block-group-is-layout-flow\">\n<div class=\"wp-block-columns is-layout-flex wp-container-core-columns-is-layout-9d6595d7 wp-block-columns-is-layout-flex\">\n<div class=\"wp-block-column is-layout-flow wp-block-column-is-layout-flow\" style=\"flex-basis:100%\">\n<div class=\"wp-block-jetpack-layout-grid alignfull column1-desktop-grid__span-10 column1-desktop-grid__start-2 column1-desktop-grid__row-1 column1-tablet-grid__span-8 column1-tablet-grid__row-1 column1-mobile-grid__span-4 column1-mobile-grid__row-1\">\n<div class=\"wp-block-jetpack-layout-grid-column wp-block-jetpack-layout-grid__padding-none\">\n<p class=\"has-text-align-justify has-text-color has-small-font-size\" style=\"color:#0f4a79;line-height:1.5\">On enregistre des d\u00e9penses de sant\u00e9 \u00e9valu\u00e9es \u00e0 208 milliards d&rsquo;euros en 2019. La S\u00e9curit\u00e9 sociale prend en charge 78% de ces d\u00e9penses et les organismes compl\u00e9mentaires prennent en charge plus de 13% de ces d\u00e9penses. Ce qui signifie que les fran\u00e7ais prennent \u00e0 charge moins de 10% de leurs d\u00e9penses de sant\u00e9.<br>L&rsquo;Assurance Maladie d\u00e9finit des tarifs de convention servant de base aux remboursements. Il arrive r\u00e9guli\u00e8rement que les actes m\u00e9dicaux d\u00e9passent ces tarifs de convention. En l&rsquo;absence d&rsquo;une compl\u00e9mentaire sant\u00e9 adapt\u00e9e \u00e0 vos besoins, le montant de vos d\u00e9penses peut \u00eatre on\u00e9reux.<br>Il est de ce fait important de trouver une compl\u00e9mentaire sant\u00e9 qui puisse r\u00e9pondre \u00e0 votre profil sur les d\u00e9penses de soins engag\u00e9es, tout en v\u00e9rifiant que son co\u00fbt soit comp\u00e9titif. Nous faisons le point ensemble sur les garanties et prix de votre compl\u00e9mentaire sant\u00e9 actuelle et recueillons les besoins de vos prochaines d\u00e9penses de sant\u00e9, l&rsquo;objectif \u00e9tant d&rsquo;\u00eatre pris en charge (dans la limite des frais engag\u00e9s) au meilleur prix.<\/p>\n\n\n\n<p class=\"has-text-align-justify has-text-color has-small-font-size\" style=\"color:#0f4a79\">Vous trouverez ci dessous les principaux postes de d\u00e9penses de sant\u00e9:<br>\u2705<strong> Optique<\/strong> (vous portez des lunettes- des lentilles de contact ou projetez d&rsquo;en avoir)<br>\u2705 <strong>Dentaire <\/strong>(vous ou vos enfants devez \u00eatre appareill\u00e9 &#8211; projet de faire un implant ou une couronne dentaire)<br>\u2705 <strong>Hospitalisation <\/strong>( vous devez subir une op\u00e9ration)<br>\u2705 <strong>Soins m\u00e9dicaux <\/strong>(vous devez voir un sp\u00e9cialiste qui effectue des d\u00e9passements d&rsquo;honoraire)<br>\u2705 <strong>Aides auditives <\/strong>(vous \u00eates appareill\u00e9 ou projetez d&rsquo;avoir des proth\u00e8ses auditives)<br><\/p>\n<\/div>\n<\/div>\n<\/div>\n<\/div>\n\n\n\n<p class=\"has-text-align-center has-text-color has-small-font-size\" style=\"color:#820002\">Notre \u00e9quipe est l\u00e0 pour vous accompagner sur votre besoin et rechercher les conditions de march\u00e9 les plus adapt\u00e9es \u00e0 votre profil. Parlons en ensemble \ud83d\ude01<\/p>\n<\/div><\/div>\n\n\n\n<div class=\"wp-block-buttons is-layout-flex wp-block-buttons-is-layout-flex\">\n<div class=\"wp-block-button has-custom-width wp-block-button__width-50 is-style-fill\"><a class=\"wp-block-button__link has-background\" href=\"https:\/\/amg2l.com\/\" style=\"background-color:#0f4a79\">RETOUR ACCUEIL<\/a><\/div>\n\n\n\n<div class=\"wp-block-button has-custom-width wp-block-button__width-50\"><a class=\"wp-block-button__link has-background\" href=\"https:\/\/docs.google.com\/forms\/d\/e\/1FAIpQLSf9uDZghbygindtaZBHhHKhstdI8st64u8by65OGqezWR539w\/viewform\" style=\"background-color:#820002\">CONTACTEZ-NOUS<\/a><\/div>\n<\/div>\n","protected":false},"excerpt":{"rendered":"<p>Le montant des d\u00e9penses de sant\u00e9 est \u00e9valu\u00e9 \u00e0 3102\u20ac par an et par habitant en 2019 On enregistre des d\u00e9penses de sant\u00e9 \u00e9valu\u00e9es \u00e0 208 milliards d&rsquo;euros en 2019. &hellip; <a href=\"https:\/\/www.amg2l.com\/?page_id=919\" class=\"more-link\">Lire la suite <span class=\"screen-reader-text\">Ma compl\u00e9mentaire sant\u00e9<\/span><\/a><\/p>\n","protected":false},"author":1,"featured_media":0,"parent":0,"menu_order":0,"comment_status":"closed","ping_status":"closed","template":"","meta":{"footnotes":""},"class_list":["post-919","page","type-page","status-publish","hentry"],"jetpack_sharing_enabled":true,"_links":{"self":[{"href":"https:\/\/www.amg2l.com\/index.php?rest_route=\/wp\/v2\/pages\/919","targetHints":{"allow":["GET"]}}],"collection":[{"href":"https:\/\/www.amg2l.com\/index.php?rest_route=\/wp\/v2\/pages"}],"about":[{"href":"https:\/\/www.amg2l.com\/index.php?rest_route=\/wp\/v2\/types\/page"}],"author":[{"embeddable":true,"href":"https:\/\/www.amg2l.com\/index.php?rest_route=\/wp\/v2\/users\/1"}],"replies":[{"embeddable":true,"href":"https:\/\/www.amg2l.com\/index.php?rest_route=%2Fwp%2Fv2%2Fcomments&post=919"}],"version-history":[{"count":3,"href":"https:\/\/www.amg2l.com\/index.php?rest_route=\/wp\/v2\/pages\/919\/revisions"}],"predecessor-version":[{"id":3668,"href":"https:\/\/www.amg2l.com\/index.php?rest_route=\/wp\/v2\/pages\/919\/revisions\/3668"}],"wp:attachment":[{"href":"https:\/\/www.amg2l.com\/index.php?rest_route=%2Fwp%2Fv2%2Fmedia&parent=919"}],"curies":[{"name":"wp","href":"https:\/\/api.w.org\/{rel}","templated":true}]}}