{"id":928,"date":"2021-02-11T11:47:53","date_gmt":"2021-02-11T10:47:53","guid":{"rendered":"https:\/\/amg2l.com\/?page_id=928"},"modified":"2022-02-14T14:31:07","modified_gmt":"2022-02-14T14:31:07","slug":"dommages-ouvrages","status":"publish","type":"page","link":"https:\/\/www.amg2l.com\/?page_id=928","title":{"rendered":"L&rsquo;assurance Dommages Ouvrage"},"content":{"rendered":"\n<p class=\"has-text-align-center has-text-color has-medium-font-size\" style=\"color:#0f4a79\">L&rsquo;assurance dommages ouvrage est obligatoire quel que soit le montant des travaux. Elle destin\u00e9e \u00e0 toute personne faisant construire ou r\u00e9nover son habitation en ex\u00e9cutant des travaux du b\u00e2timent. <\/p>\n\n\n\n<div class=\"wp-block-group alignfull has-background-background-color has-background\"><div class=\"wp-block-group__inner-container is-layout-flow wp-block-group-is-layout-flow\">\n<div class=\"wp-block-image\"><figure class=\"aligncenter size-full\"><img data-recalc-dims=\"1\" loading=\"lazy\" decoding=\"async\" width=\"709\" height=\"471\" src=\"https:\/\/i0.wp.com\/amg2l.com\/wp-content\/uploads\/2022\/02\/DO.png?resize=709%2C471&#038;ssl=1\" alt=\"Dommage-Ouvrage chez MG2L\" class=\"wp-image-3524\" srcset=\"https:\/\/i0.wp.com\/www.amg2l.com\/wp-content\/uploads\/2022\/02\/DO.png?w=709&amp;ssl=1 709w, https:\/\/i0.wp.com\/www.amg2l.com\/wp-content\/uploads\/2022\/02\/DO.png?resize=300%2C199&amp;ssl=1 300w\" sizes=\"auto, (max-width: 709px) 100vw, 709px\" \/><\/figure><\/div>\n\n\n\n<p class=\"has-text-color has-medium-font-size\" style=\"color:#0f4a79\">Rappelons la Loi Spinetta du 4 janvier 1978:<\/p>\n\n\n\n<p class=\"has-text-align-justify has-text-color has-medium-font-size\" style=\"color:#0f4a79\"><em>Toute personne physique ou morale qui, agissant en qualit\u00e9 de propri\u00e9taire de l&rsquo;ouvrage, de vendeur ou de mandataire du propri\u00e9taire de l&rsquo;ouvrage, fait r\u00e9aliser des travaux de b\u00e2timent, doit souscrire avant l&rsquo;ouverture du chantier, pour son compte ou pour celui des propri\u00e9taires successifs, une assurance garantissant, en dehors de toute recherche des responsabilit\u00e9s, le paiement de la totalit\u00e9 des travaux de r\u00e9paration des dommages.<\/em><\/p>\n<\/div><\/div>\n\n\n\n<p class=\"has-text-color has-medium-font-size\" style=\"color:#820002\">Le Champs d&rsquo;application: Les travaux de gros oeuvre<\/p>\n\n\n\n<p class=\"has-text-align-justify has-text-color has-medium-font-size\" style=\"color:#0f4a79;line-height:1.4\">Si les travaux de construction ou r\u00e9novation d&rsquo;un appartement ou d&rsquo;une maison touchent au gros \u0153uvre, ces travaux sont donc  susceptibles d\u2019en affecter la solidit\u00e9.  En d&rsquo;autres termes si vous modifiez:<br>\ud83d\udc49 les planchers <br>\ud83d\udc49 les plafonds<br>\ud83d\udc49 les murs porteurs<br>\ud83d\udc49 la toiture<br>\ud83d\udc49 les pose de velux<br>\ud83d\udc49 la cr\u00e9ation d&rsquo;une v\u00e9randa<br>Vous devrez prendre une assurance Dommages Ouvrage (DO)<br><\/p>\n\n\n\n<p class=\"has-text-color has-medium-font-size\" style=\"color:#820002\">Les garanties sont les suivantes :<br>\u2705 Le financement de la r\u00e9paration des dommages qui\u00a0compromettent la solidit\u00e9 de l\u2019immeuble ou le rendent impropre \u00e0 sa destination.<br>\u2705 Les dommages aux\u00a0\u00e9l\u00e9ments d\u2019\u00e9quipement indissociables que l\u2019on ne peut  d\u00e9monter ou enlever ou m\u00eame remplacer sans d\u00e9t\u00e9riorer la construction.<\/p>\n\n\n\n<p class=\"has-text-color has-medium-font-size\" style=\"color:#820002\">D\u00e9marrage et dur\u00e9e de la garantie:<\/p>\n\n\n\n<p class=\"has-text-align-justify has-text-color has-medium-font-size\" style=\"color:#0f4a79\">Cette garantie commence <strong>apr\u00e8s l\u2019ann\u00e9e de parfait ach\u00e8vement<\/strong>. Elle  prend fin \u00e0 l\u2019expiration <strong>d\u2019un&nbsp;d\u00e9lai de 10 ans \u00e0 compter de la r\u00e9ception. <\/strong><br><br>Elle est aussi acquise dans certains cas particuliers&nbsp;:<br>\ud83d\udc49 avant r\u00e9ception, lorsqu&rsquo;il y a eu une premi\u00e8re mise en demeure de la part du ma\u00eetre d&rsquo;ouvrage aupr\u00e8s du ma\u00eetre d&rsquo;oeuvre rest\u00e9e infructueuse, le contrat de&nbsp;louage d\u2019ouvrage conclu avec l\u2019entrepreneur est r\u00e9sili\u00e9 pour inex\u00e9cution par celui-ci de&nbsp;son&nbsp;obligation de r\u00e9parer&nbsp;;<br>\ud83d\udc49 apr\u00e8s r\u00e9ception, et avant expiration du d\u00e9lai de garantie de parfait ach\u00e8vement, lorsque, apr\u00e8s mise en demeure du ma\u00eetre d&rsquo;ouvrage aupr\u00e8s du ma\u00eetre d&rsquo;oeuvre rest\u00e9e infructueuse, ce dernier n\u2019a pas ex\u00e9cut\u00e9, dans le d\u00e9lai fix\u00e9 par le march\u00e9 ou, \u00e0 d\u00e9faut, dans un d\u00e9lai de 90 jours, son obligation de&nbsp;r\u00e9parer.<\/p>\n\n\n\n<p class=\"has-text-color has-medium-font-size\" style=\"color:#820002\">Le Prix de l&rsquo;assurance Dommages Ouvrage<\/p>\n\n\n\n<p class=\"has-text-align-justify has-text-color has-medium-font-size\" style=\"color:#0f4a79\">Elle varie en fonction de plusieurs crit\u00e8res, notamment :<br>\ud83d\udc49 Le type d\u2019ouvrage construit<br>\ud83d\udc49 Le Co\u00fbt total des travaux<br>\ud83d\udc49 Les mat\u00e9riaux et techniques utilis\u00e9s \u00e0 la construction<br>\ud83d\udc49 La Dur\u00e9e des travaux<\/p>\n\n\n\n<p class=\"has-text-align-center has-text-color has-medium-font-size\" style=\"color:#820002;line-height:1.4\">Notre \u00e9quipe est l\u00e0 pour vous accompagner sur votre besoin et rechercher les conditions de march\u00e9 <br>les plus adapt\u00e9es \u00e0 votre profil. Parlons en ensemble!&nbsp;<\/p>\n\n\n\n<div class=\"wp-block-buttons is-layout-flex wp-block-buttons-is-layout-flex\">\n<div class=\"wp-block-button has-custom-width wp-block-button__width-50 is-style-fill\"><a class=\"wp-block-button__link has-background\" href=\"https:\/\/amg2l.com\/\" style=\"background-color:#0f4a79\">RETOUR ACCUEIL<\/a><\/div>\n\n\n\n<div class=\"wp-block-button has-custom-width wp-block-button__width-50\"><a class=\"wp-block-button__link has-background\" href=\"https:\/\/docs.google.com\/forms\/d\/e\/1FAIpQLSf9uDZghbygindtaZBHhHKhstdI8st64u8by65OGqezWR539w\/viewform\" style=\"background-color:#820002\">CONTACTEZ NOUS<\/a><\/div>\n<\/div>\n","protected":false},"excerpt":{"rendered":"<p>L&rsquo;assurance dommages ouvrage est obligatoire quel que soit le montant des travaux. Elle destin\u00e9e \u00e0 toute personne faisant construire ou r\u00e9nover son habitation en ex\u00e9cutant des travaux du b\u00e2timent. Rappelons &hellip; <a href=\"https:\/\/www.amg2l.com\/?page_id=928\" class=\"more-link\">Lire la suite <span class=\"screen-reader-text\">L&rsquo;assurance Dommages Ouvrage<\/span><\/a><\/p>\n","protected":false},"author":1,"featured_media":0,"parent":0,"menu_order":0,"comment_status":"closed","ping_status":"closed","template":"","meta":{"footnotes":""},"class_list":["post-928","page","type-page","status-publish","hentry"],"jetpack_sharing_enabled":true,"_links":{"self":[{"href":"https:\/\/www.amg2l.com\/index.php?rest_route=\/wp\/v2\/pages\/928","targetHints":{"allow":["GET"]}}],"collection":[{"href":"https:\/\/www.amg2l.com\/index.php?rest_route=\/wp\/v2\/pages"}],"about":[{"href":"https:\/\/www.amg2l.com\/index.php?rest_route=\/wp\/v2\/types\/page"}],"author":[{"embeddable":true,"href":"https:\/\/www.amg2l.com\/index.php?rest_route=\/wp\/v2\/users\/1"}],"replies":[{"embeddable":true,"href":"https:\/\/www.amg2l.com\/index.php?rest_route=%2Fwp%2Fv2%2Fcomments&post=928"}],"version-history":[{"count":3,"href":"https:\/\/www.amg2l.com\/index.php?rest_route=\/wp\/v2\/pages\/928\/revisions"}],"predecessor-version":[{"id":3839,"href":"https:\/\/www.amg2l.com\/index.php?rest_route=\/wp\/v2\/pages\/928\/revisions\/3839"}],"wp:attachment":[{"href":"https:\/\/www.amg2l.com\/index.php?rest_route=%2Fwp%2Fv2%2Fmedia&parent=928"}],"curies":[{"name":"wp","href":"https:\/\/api.w.org\/{rel}","templated":true}]}}