{"id":942,"date":"2021-02-11T11:58:25","date_gmt":"2021-02-11T10:58:25","guid":{"rendered":"https:\/\/amg2l.com\/?page_id=942"},"modified":"2022-02-08T18:46:57","modified_gmt":"2022-02-08T18:46:57","slug":"multirisque-immeuble","status":"publish","type":"page","link":"https:\/\/www.amg2l.com\/?page_id=942","title":{"rendered":"Multirisque Immeuble"},"content":{"rendered":"\n<p class=\"has-text-align-center has-text-color\" style=\"color:#820002\">Que vous soyez seul propri\u00e9taire d&rsquo;un immeuble ou copropri\u00e9taire, avez vous eu l&rsquo;occasion de v\u00e9rifier les garanties de votre contrat?<\/p>\n\n\n<style>.kb-image_504587-9e .kb-image-has-overlay:after{opacity:0.3;}<\/style>\n<figure class=\"wp-block-kadence-image kb-image_504587-9e size-large\"><img data-recalc-dims=\"1\" loading=\"lazy\" decoding=\"async\" width=\"740\" height=\"494\" src=\"https:\/\/i0.wp.com\/amg2l.com\/wp-content\/uploads\/2022\/02\/PHOTO-IMMEUBLE-SITE-WEB-1024x683.jpg?resize=740%2C494&#038;ssl=1\" alt=\"\" class=\"kb-img wp-image-3552\" srcset=\"https:\/\/i0.wp.com\/www.amg2l.com\/wp-content\/uploads\/2022\/02\/PHOTO-IMMEUBLE-SITE-WEB-scaled.jpg?resize=1024%2C683&amp;ssl=1 1024w, https:\/\/i0.wp.com\/www.amg2l.com\/wp-content\/uploads\/2022\/02\/PHOTO-IMMEUBLE-SITE-WEB-scaled.jpg?resize=300%2C200&amp;ssl=1 300w, https:\/\/i0.wp.com\/www.amg2l.com\/wp-content\/uploads\/2022\/02\/PHOTO-IMMEUBLE-SITE-WEB-scaled.jpg?resize=768%2C512&amp;ssl=1 768w, https:\/\/i0.wp.com\/www.amg2l.com\/wp-content\/uploads\/2022\/02\/PHOTO-IMMEUBLE-SITE-WEB-scaled.jpg?resize=1536%2C1024&amp;ssl=1 1536w, https:\/\/i0.wp.com\/www.amg2l.com\/wp-content\/uploads\/2022\/02\/PHOTO-IMMEUBLE-SITE-WEB-scaled.jpg?resize=2048%2C1365&amp;ssl=1 2048w, https:\/\/i0.wp.com\/www.amg2l.com\/wp-content\/uploads\/2022\/02\/PHOTO-IMMEUBLE-SITE-WEB-scaled.jpg?resize=2000%2C1333&amp;ssl=1 2000w, https:\/\/i0.wp.com\/www.amg2l.com\/wp-content\/uploads\/2022\/02\/PHOTO-IMMEUBLE-SITE-WEB-scaled.jpg?w=1480&amp;ssl=1 1480w, https:\/\/i0.wp.com\/www.amg2l.com\/wp-content\/uploads\/2022\/02\/PHOTO-IMMEUBLE-SITE-WEB-scaled.jpg?w=2220&amp;ssl=1 2220w\" sizes=\"auto, (max-width: 740px) 100vw, 740px\" \/><figcaption>La multirisque immeuble chez MG2L<\/figcaption><\/figure>\n\n\n\n<p class=\"has-text-align-justify has-text-color has-small-font-size\" style=\"color:#0f4a79\">En tant que propri\u00e9taire ou copropri\u00e9taire, votre immeuble doit \u00eatre assur\u00e9 face \u00e0 une vari\u00e9t\u00e9 d&rsquo;\u00e9v\u00e8nements qui pourraient survenir. A cela s&rsquo;ajoute l&rsquo;obligation assurance de votre responsabilit\u00e9 civile qu&rsquo;elle soit en tant propri\u00e9taire ou appartenant au syndicat de copropri\u00e9t\u00e9. Vous g\u00e9rez les parties communes, vous assurez la conservation et l&rsquo;entretien de l&rsquo;immeuble.<\/p>\n\n\n\n<p class=\"has-text-color\" style=\"color:#820002;font-size:15px\">Les principales garanties:<\/p>\n\n\n\n<p class=\"has-text-color has-small-font-size\" style=\"color:#0f4a79\"><br>\u2705 L&rsquo;ensemble de l&rsquo;immeuble, ses annexes et ses d\u00e9pendances<br>\u2705 Les \u00e9quipements, les am\u00e9nagements, les embellissements immobiliers<br>\u2705 les mat\u00e9riels \u00e9lectroniques ext\u00e9rieurs \u00e0 l&rsquo;immeuble (digicode et cam\u00e9ra de s\u00e9curit\u00e9)<br>     Face \u00e0 des \u00e9v\u00e9nements tels que:<br>\u2705 Incendie et risques divers<br>\u2705 D\u00e9g\u00e2t des eaux<br>\u2705 Bris de glace<br>\u2705 Attentats et actes de terrorisme<br>\u2705 Dommages \u00e9lectriques<br>\u2705 \u00c9v\u00e9nements climatiques<br>\u2705 Catastrophes naturelles et technologiques<br>\u2705 D\u00e9fense Recours<br>\u2705 Votre Responsabilit\u00e9 Civile en tant que Propri\u00e9taire d&rsquo;Immeuble ou en tant que syndic b\u00e9n\u00e9vole<br><br><\/p>\n\n\n\n<p class=\"has-text-align-center has-text-color has-small-font-size\" style=\"color:#820002;line-height:1.4\">Notre \u00e9quipe est l\u00e0 pour vous accompagner sur votre besoin et rechercher<br>les conditions de march\u00e9 les plus adapt\u00e9es \u00e0 votre profil. Parlons en ensemble! <\/p>\n\n\n\n<div class=\"wp-block-buttons is-layout-flex wp-block-buttons-is-layout-flex\">\n<div class=\"wp-block-button has-custom-width wp-block-button__width-50\"><a class=\"wp-block-button__link has-background\" href=\"https:\/\/docs.google.com\/forms\/d\/e\/1FAIpQLSf9uDZghbygindtaZBHhHKhstdI8st64u8by65OGqezWR539w\/viewform\" style=\"background-color:#820002\">CONTACTEZ-NOUS<\/a><\/div>\n\n\n\n<div class=\"wp-block-button has-custom-width wp-block-button__width-50 is-style-fill\"><a class=\"wp-block-button__link has-background\" href=\"https:\/\/amg2l.com\/\" style=\"background-color:#0f4a79\">RETOUR ACCUEIL<\/a><\/div>\n<\/div>\n\n\n\n<p><br><br><br><br><br><\/p>\n","protected":false},"excerpt":{"rendered":"<p>Que vous soyez seul propri\u00e9taire d&rsquo;un immeuble ou copropri\u00e9taire, avez vous eu l&rsquo;occasion de v\u00e9rifier les garanties de votre contrat? En tant que propri\u00e9taire ou copropri\u00e9taire, votre immeuble doit \u00eatre &hellip; <a href=\"https:\/\/www.amg2l.com\/?page_id=942\" class=\"more-link\">Lire la suite <span class=\"screen-reader-text\">Multirisque Immeuble<\/span><\/a><\/p>\n","protected":false},"author":1,"featured_media":0,"parent":0,"menu_order":0,"comment_status":"closed","ping_status":"closed","template":"","meta":{"footnotes":""},"class_list":["post-942","page","type-page","status-publish","hentry"],"jetpack_sharing_enabled":true,"_links":{"self":[{"href":"https:\/\/www.amg2l.com\/index.php?rest_route=\/wp\/v2\/pages\/942","targetHints":{"allow":["GET"]}}],"collection":[{"href":"https:\/\/www.amg2l.com\/index.php?rest_route=\/wp\/v2\/pages"}],"about":[{"href":"https:\/\/www.amg2l.com\/index.php?rest_route=\/wp\/v2\/types\/page"}],"author":[{"embeddable":true,"href":"https:\/\/www.amg2l.com\/index.php?rest_route=\/wp\/v2\/users\/1"}],"replies":[{"embeddable":true,"href":"https:\/\/www.amg2l.com\/index.php?rest_route=%2Fwp%2Fv2%2Fcomments&post=942"}],"version-history":[{"count":2,"href":"https:\/\/www.amg2l.com\/index.php?rest_route=\/wp\/v2\/pages\/942\/revisions"}],"predecessor-version":[{"id":3671,"href":"https:\/\/www.amg2l.com\/index.php?rest_route=\/wp\/v2\/pages\/942\/revisions\/3671"}],"wp:attachment":[{"href":"https:\/\/www.amg2l.com\/index.php?rest_route=%2Fwp%2Fv2%2Fmedia&parent=942"}],"curies":[{"name":"wp","href":"https:\/\/api.w.org\/{rel}","templated":true}]}}