{"id":944,"date":"2021-02-11T11:59:30","date_gmt":"2021-02-11T11:59:30","guid":{"rendered":"https:\/\/amg2l.com\/?page_id=944"},"modified":"2022-02-14T14:19:02","modified_gmt":"2022-02-14T14:19:02","slug":"protection-juridique-du-bailleur","status":"publish","type":"page","link":"https:\/\/www.amg2l.com\/?page_id=944","title":{"rendered":"Protection Juridique                                            Patrimoine Immobilier"},"content":{"rendered":"\n<p class=\"has-text-align-center has-text-color has-medium-font-size\" style=\"color:#0f4a79;line-height:1.4\">L&rsquo;assurance Protection Juridique vous permet d&rsquo;\u00eatre accompagn\u00e9 en cas de litige ou m\u00eame proc\u00e9dure de justice  li\u00e9 \u00e0 votre patrimoine immobilier . Vous avez \u00e0 la fois le conseil d&rsquo;experts et la prise en charge de frais de proc\u00e9dure dont le montant varie en fonction de la formule choisie.<\/p>\n\n\n\n<div class=\"wp-block-jetpack-slideshow aligncenter\" data-autoplay=\"true\" data-delay=\"2\" data-effect=\"fade\"><div class=\"wp-block-jetpack-slideshow_container swiper-container\"><ul class=\"wp-block-jetpack-slideshow_swiper-wrapper swiper-wrapper\"><li class=\"wp-block-jetpack-slideshow_slide swiper-slide\"><figure><img data-recalc-dims=\"1\" loading=\"lazy\" decoding=\"async\" width=\"740\" height=\"701\" alt=\"\" class=\"wp-block-jetpack-slideshow_image wp-image-3823\" data-id=\"3823\" src=\"https:\/\/i0.wp.com\/amg2l.com\/wp-content\/uploads\/2022\/02\/PJ-Pat-6-1-1024x970.jpg?resize=740%2C701&#038;ssl=1\" srcset=\"https:\/\/i0.wp.com\/www.amg2l.com\/wp-content\/uploads\/2022\/02\/PJ-Pat-6-1.jpg?resize=1024%2C970&amp;ssl=1 1024w, https:\/\/i0.wp.com\/www.amg2l.com\/wp-content\/uploads\/2022\/02\/PJ-Pat-6-1.jpg?resize=300%2C284&amp;ssl=1 300w, https:\/\/i0.wp.com\/www.amg2l.com\/wp-content\/uploads\/2022\/02\/PJ-Pat-6-1.jpg?resize=768%2C728&amp;ssl=1 768w, https:\/\/i0.wp.com\/www.amg2l.com\/wp-content\/uploads\/2022\/02\/PJ-Pat-6-1.jpg?resize=1536%2C1455&amp;ssl=1 1536w, https:\/\/i0.wp.com\/www.amg2l.com\/wp-content\/uploads\/2022\/02\/PJ-Pat-6-1.jpg?resize=2048%2C1940&amp;ssl=1 2048w, https:\/\/i0.wp.com\/www.amg2l.com\/wp-content\/uploads\/2022\/02\/PJ-Pat-6-1.jpg?resize=1583%2C1500&amp;ssl=1 1583w, https:\/\/i0.wp.com\/www.amg2l.com\/wp-content\/uploads\/2022\/02\/PJ-Pat-6-1.jpg?w=1480&amp;ssl=1 1480w, https:\/\/i0.wp.com\/www.amg2l.com\/wp-content\/uploads\/2022\/02\/PJ-Pat-6-1.jpg?w=2220&amp;ssl=1 2220w\" sizes=\"(max-width: 740px) 100vw, 740px\" \/><\/figure><\/li><li class=\"wp-block-jetpack-slideshow_slide swiper-slide\"><figure><img data-recalc-dims=\"1\" loading=\"lazy\" decoding=\"async\" width=\"675\" height=\"477\" alt=\"\" class=\"wp-block-jetpack-slideshow_image wp-image-3824\" data-id=\"3824\" src=\"https:\/\/i0.wp.com\/amg2l.com\/wp-content\/uploads\/2022\/02\/PJ-Patrimoine-3-1.jpg?resize=675%2C477&#038;ssl=1\" srcset=\"https:\/\/i0.wp.com\/www.amg2l.com\/wp-content\/uploads\/2022\/02\/PJ-Patrimoine-3-1.jpg?w=675&amp;ssl=1 675w, https:\/\/i0.wp.com\/www.amg2l.com\/wp-content\/uploads\/2022\/02\/PJ-Patrimoine-3-1.jpg?resize=300%2C212&amp;ssl=1 300w\" sizes=\"(max-width: 675px) 100vw, 675px\" \/><\/figure><\/li><li class=\"wp-block-jetpack-slideshow_slide swiper-slide\"><figure><img data-recalc-dims=\"1\" loading=\"lazy\" decoding=\"async\" width=\"576\" height=\"387\" alt=\"\" class=\"wp-block-jetpack-slideshow_image wp-image-3825\" data-id=\"3825\" src=\"https:\/\/i0.wp.com\/amg2l.com\/wp-content\/uploads\/2022\/02\/PJ-Patrimoine-2-1.jpg?resize=576%2C387&#038;ssl=1\" srcset=\"https:\/\/i0.wp.com\/www.amg2l.com\/wp-content\/uploads\/2022\/02\/PJ-Patrimoine-2-1.jpg?w=576&amp;ssl=1 576w, https:\/\/i0.wp.com\/www.amg2l.com\/wp-content\/uploads\/2022\/02\/PJ-Patrimoine-2-1.jpg?resize=300%2C202&amp;ssl=1 300w\" sizes=\"(max-width: 576px) 100vw, 576px\" \/><\/figure><\/li><li class=\"wp-block-jetpack-slideshow_slide swiper-slide\"><figure><img data-recalc-dims=\"1\" loading=\"lazy\" decoding=\"async\" width=\"243\" height=\"208\" alt=\"\" class=\"wp-block-jetpack-slideshow_image wp-image-3826\" data-id=\"3826\" src=\"https:\/\/i0.wp.com\/amg2l.com\/wp-content\/uploads\/2022\/02\/PJ-Patrimoine-1.jpg?resize=243%2C208&#038;ssl=1\"\/><\/figure><\/li><\/ul><a class=\"wp-block-jetpack-slideshow_button-prev swiper-button-prev swiper-button-white\" role=\"button\"><\/a><a class=\"wp-block-jetpack-slideshow_button-next swiper-button-next swiper-button-white\" role=\"button\"><\/a><a aria-label=\"Pause Slideshow\" class=\"wp-block-jetpack-slideshow_button-pause\" role=\"button\"><\/a><div class=\"wp-block-jetpack-slideshow_pagination swiper-pagination swiper-pagination-white\"><\/div><\/div><\/div>\n\n\n\n<p class=\"has-text-color has-medium-font-size\" style=\"color:#820002\">Nous choisissons des partenaires d&rsquo;assurance dont les objectifs sont complets:<br>Des \u00e9quipes pour : <\/p>\n\n\n\n<p class=\"has-text-color has-medium-font-size\" style=\"color:#0f4a79\"> \ud83d\udc49\ud83c\udffb \u00e9couter au num\u00e9ro qui vous est d\u00e9di\u00e9.<br>\ud83d\udc49\ud83c\udffb vous rencontrer dans la d\u00e9l\u00e9gation la plus proche de vous.<br> \ud83d\udc49\ud83c\udffb vous informer sur vos droits et \u00e0 vous conseiller sur la conduite \u00e0 tenir devant un litige.<br> \ud83d\udc49\ud83c\udffb vous aider \u00e0 r\u00e9unir les pi\u00e8ces n\u00e9cessaires \u00e0 la constitution de votre dossier.<br> \ud83d\udc49\ud83c\udffbeffectuer les d\u00e9marches en vue d\u2019obtenir une solution n\u00e9goci\u00e9e et amiable.<\/p>\n\n\n\n<p class=\"has-text-color has-medium-font-size\" style=\"color:#820002\"><strong>Quelles sont les garanties couvertes par la Protection Juridique \u00ab\u00a0Patrimoine Immobilier\u00a0\u00bb?<\/strong><\/p>\n\n\n\n<p class=\"has-text-color has-medium-font-size\" style=\"color:#0f4a79\">\u2705 Protection de votre patrimoine Immobilier <br>En cas de litige avec: <br>     \ud83d\udc49 banque, assurance, entreprise ayant r\u00e9alis\u00e9 de menus travaux, administrateur de biens, agence immobili\u00e8re, notaire, soci\u00e9t\u00e9s de diagnostics<br>     \ud83d\udc49 Le vendeur ou l&rsquo;acqu\u00e9reur<br>     \ud83d\udc49 Les voisins<br>     \ud83d\udc49 La copropri\u00e9t\u00e9<br>     \ud83d\udc49 Les services publics et les collectivit\u00e9s territoriales<br>\u2705 La fiscalit\u00e9 de votre patrimoine Immobilier en cas de litige avec:<br>     \ud83d\udc49 l&rsquo;administration fiscale<br>     \ud83d\udc49 le conseil en d\u00e9fiscalisation<br>\u2705 Les contrats de location en cas de litige:<br>     \ud83d\udc49 en cours de bail<br>     \ud83d\udc49 en fin de bail<br>\u2705 Les litiges relatifs \u00e0 une location saisonni\u00e8re<br>\u2705 Le recouvrement des cr\u00e9ances locatives<br>\u2705 Les proc\u00e9dures en r\u00e9siliation de bail et d&rsquo;expulsion<\/p>\n\n\n\n<p class=\"has-text-align-center has-text-color has-medium-font-size\" style=\"color:#820002;line-height:1.4\">Notre \u00e9quipe est l\u00e0 pour vous accompagner sur votre besoin et rechercher<br>les conditions de march\u00e9 les plus adapt\u00e9es \u00e0 votre profil. Parlons en ensemble&nbsp;!<\/p>\n\n\n\n<div class=\"wp-block-buttons is-layout-flex wp-block-buttons-is-layout-flex\">\n<div class=\"wp-block-button has-custom-width wp-block-button__width-50 is-style-fill\"><a class=\"wp-block-button__link has-background\" href=\"https:\/\/amg2l.com\/\" style=\"background-color:#0f4a79\">RETOUR ACCUEIL<\/a><\/div>\n\n\n\n<div class=\"wp-block-button has-custom-width wp-block-button__width-50\"><a class=\"wp-block-button__link has-background\" href=\"https:\/\/docs.google.com\/forms\/d\/e\/1FAIpQLSf9uDZghbygindtaZBHhHKhstdI8st64u8by65OGqezWR539w\/viewform\" style=\"background-color:#820002\">CONTACTEZ-NOUS<\/a><\/div>\n<\/div>\n","protected":false},"excerpt":{"rendered":"<p>L&rsquo;assurance Protection Juridique vous permet d&rsquo;\u00eatre accompagn\u00e9 en cas de litige ou m\u00eame proc\u00e9dure de justice li\u00e9 \u00e0 votre patrimoine immobilier . Vous avez \u00e0 la fois le conseil d&rsquo;experts &hellip; <a href=\"https:\/\/www.amg2l.com\/?page_id=944\" class=\"more-link\">Lire la suite <span class=\"screen-reader-text\">Protection Juridique                                            Patrimoine Immobilier<\/span><\/a><\/p>\n","protected":false},"author":1,"featured_media":0,"parent":0,"menu_order":0,"comment_status":"closed","ping_status":"closed","template":"","meta":{"footnotes":""},"class_list":["post-944","page","type-page","status-publish","hentry"],"jetpack_sharing_enabled":true,"_links":{"self":[{"href":"https:\/\/www.amg2l.com\/index.php?rest_route=\/wp\/v2\/pages\/944","targetHints":{"allow":["GET"]}}],"collection":[{"href":"https:\/\/www.amg2l.com\/index.php?rest_route=\/wp\/v2\/pages"}],"about":[{"href":"https:\/\/www.amg2l.com\/index.php?rest_route=\/wp\/v2\/types\/page"}],"author":[{"embeddable":true,"href":"https:\/\/www.amg2l.com\/index.php?rest_route=\/wp\/v2\/users\/1"}],"replies":[{"embeddable":true,"href":"https:\/\/www.amg2l.com\/index.php?rest_route=%2Fwp%2Fv2%2Fcomments&post=944"}],"version-history":[{"count":4,"href":"https:\/\/www.amg2l.com\/index.php?rest_route=\/wp\/v2\/pages\/944\/revisions"}],"predecessor-version":[{"id":3829,"href":"https:\/\/www.amg2l.com\/index.php?rest_route=\/wp\/v2\/pages\/944\/revisions\/3829"}],"wp:attachment":[{"href":"https:\/\/www.amg2l.com\/index.php?rest_route=%2Fwp%2Fv2%2Fmedia&parent=944"}],"curies":[{"name":"wp","href":"https:\/\/api.w.org\/{rel}","templated":true}]}}